{"id":997,"date":"2018-07-16T21:12:12","date_gmt":"2018-07-16T19:12:12","guid":{"rendered":"http:\/\/serwer1986166.home.pl\/wpsprint\/?page_id=997"},"modified":"2023-01-30T20:18:40","modified_gmt":"2023-01-30T19:18:40","slug":"transport-und-spedition","status":"publish","type":"page","link":"https:\/\/sprintlogistyka.pl\/index.php\/dienstleistungen\/transport-und-spedition\/","title":{"rendered":"TRANSPORT UND SPEDITION"},"content":{"rendered":"<h2>Dienstleistungen<\/h2>\n<div class=\"figure\"><img loading=\"lazy\" decoding=\"async\" class=\"alignnone size-full wp-image-531\" src=\"http:\/\/serwer1986166.home.pl\/wpsprint\/wp-content\/uploads\/2017\/07\/trucks.png\" alt=\"Sprint Logistyka\" width=\"1140\" height=\"575\" srcset=\"https:\/\/sprintlogistyka.pl\/wp-content\/uploads\/2017\/07\/trucks.png 1140w, https:\/\/sprintlogistyka.pl\/wp-content\/uploads\/2017\/07\/trucks-300x151.png 300w, https:\/\/sprintlogistyka.pl\/wp-content\/uploads\/2017\/07\/trucks-768x387.png 768w, https:\/\/sprintlogistyka.pl\/wp-content\/uploads\/2017\/07\/trucks-1024x516.png 1024w\" sizes=\"auto, (max-width: 1140px) 100vw, 1140px\" \/><\/div>\n<div class=\"flex\">\n<div class=\"item\">\n<h3>INLANDSVERKEHR<\/h3>\n<p>Wir bieten Transportdienstleistungen im Bereich des inl\u00e4ndischen Transportes von 1,5 bis 24 Tonnen. Wir bieten eine moderne Flotte von ausgezeichneter Qualit\u00e4t, die f\u00fcr die Bef\u00f6rderung verschiedener Produkte geeignet ist. Was uns auszeichnet, ist p\u00fcnktliche Beladung und Zustellung. Unser Vorteil ist ein perfekt funktionierendes Palettenrotationssystem. Wir behandeln jeden Gesch\u00e4ftspartner individuell.<\/p>\n<\/div>\n<div class=\"item\">\n<h3><small>INTERNATIONALER<\/small> TRANSPORT<\/h3>\n<p>Seit einigen Jahren haben wir ein gutes Verh\u00e4ltnis zu vielen europ\u00e4ischen Kunden entwickelt. Wir liefern Waren nach ganz Westeuropa &#8211; die gr\u00f6\u00dfte Anzahl von Transporten wird nach Italien, Deutschland, Belgien, den Niederlanden und Luxemburg geschickt.<\/p>\n<p>Ein geschultes Team von Spediteuren und Disponenten f\u00fchrt, dank der guten Kenntnis des internationalen Marktes, erfolgreich mehrere Transporte pro Tag durch. Unsere Erfahrung f\u00fchrt dazu, dass wir schnell, effektiv und vertrauensw\u00fcrdig sind.<\/p>\n<\/div>\n<div class=\"item\">\n<h3><small>TRANSPORT<\/small> VON ST\u00dcCKG\u00dcTERN<\/h3>\n<p>Sch\u00fcttg\u00fcter wie Kies, Getreide, Sand oder Kohle werden mit Kippern, Schubb\u00f6den und Silofahrzeugen transportiert. Wir w\u00e4hlen das Transportmittel aus, das am besten f\u00fcr Ihre Fracht geeignet ist. Das Angebot umfasst auch das Laden und Umladen von Waren, die wir mit Spezialausr\u00fcstung und qualifizierten Mitarbeitern durchf\u00fchren.<\/p>\n<\/div>\n<div class=\"item\">\n<h3>SPEZIALTRANSPORT<\/h3>\n<p>Mit spezialisierten Fuhrparks und umfangreicher Erfahrung f\u00fchren wir Spezialtransporte von \u00dcberfrachten durch. Wir haben keine Angst davor, komplexe Logistikprojekte zu planen und zu verwalten.<br \/>\nWir w\u00e4hlen immer das am besten geeignete Transportmittel, wir garantieren volle Sicherheit, auch bei unkonventionellen Ladungen. Unser Team verf\u00fcgt \u00fcber eine langj\u00e4hrige Erfahrung, die es erm\u00f6glicht, jede Bestellung, auch die ungew\u00f6hnlichste, zu bearbeiten.<\/p>\n<\/div>\n<div class=\"item\">\n<h3>BINNENSCHIFFFAHRT<\/h3>\n<p>Auf dem Wasserweg transportieren wir Lasten, deren Spezifit\u00e4t oder Abmessungen den Stra\u00dfentransport nicht zulassen. Wir nutzen das gesamte Flussnetz in Polen und im Ausland. Der Transport erfolgt mit modernen Frachtk\u00e4hnen mit einer breiten Palette von Nutzlasten, die auf die Bed\u00fcrfnisse jedes Kunden zugeschnitten sind. Wir haben die M\u00f6glichkeit der Binnenschifffahrt in Polen und Westeuropa. Wir bieten eine spezialisierte schwimmende Flotte und hoch qualifizierte Mitarbeiter. Wir sind spezialisiert auf konfektionierte Ware und Massenladungen.<\/p>\n<\/div>\n<\/div>\n","protected":false},"excerpt":{"rendered":"<p>Dienstleistungen INLANDSVERKEHR Wir bieten Transportdienstleistungen im Bereich des inl\u00e4ndischen Transportes von 1,5 bis 24 Tonnen. Wir bieten eine moderne Flotte von ausgezeichneter Qualit\u00e4t, die f\u00fcr die Bef\u00f6rderung verschiedener Produkte geeignet ist. Was uns auszeichnet, ist p\u00fcnktliche Beladung und Zustellung. Unser Vorteil ist ein perfekt funktionierendes Palettenrotationssystem. Wir behandeln jeden Gesch\u00e4ftspartner individuell. INTERNATIONALER TRANSPORT Seit einigen [&hellip;]<\/p>\n","protected":false},"author":1,"featured_media":0,"parent":995,"menu_order":0,"comment_status":"closed","ping_status":"closed","template":"","meta":{"_acf_changed":false,"footnotes":""},"tags":[],"class_list":["post-997","page","type-page","status-publish","hentry"],"acf":[],"yoast_head":"<!-- This site is optimized with the Yoast SEO plugin v27.5 - https:\/\/yoast.com\/product\/yoast-seo-wordpress\/ -->\n<title>TRANSPORT UND SPEDITION - Sprint Logistyka<\/title>\n<meta name=\"robots\" content=\"index, follow, max-snippet:-1, max-image-preview:large, max-video-preview:-1\" \/>\n<link rel=\"canonical\" href=\"https:\/\/sprintlogistyka.pl\/index.php\/dienstleistungen\/transport-und-spedition\/\" \/>\n<meta property=\"og:locale\" content=\"pl_PL\" \/>\n<meta property=\"og:type\" content=\"article\" \/>\n<meta property=\"og:title\" content=\"TRANSPORT UND SPEDITION - Sprint Logistyka\" \/>\n<meta property=\"og:description\" content=\"Dienstleistungen INLANDSVERKEHR Wir bieten Transportdienstleistungen im Bereich des inl\u00e4ndischen Transportes von 1,5 bis 24 Tonnen. Wir bieten eine moderne Flotte von ausgezeichneter Qualit\u00e4t, die f\u00fcr die Bef\u00f6rderung verschiedener Produkte geeignet ist. Was uns auszeichnet, ist p\u00fcnktliche Beladung und Zustellung. Unser Vorteil ist ein perfekt funktionierendes Palettenrotationssystem. Wir behandeln jeden Gesch\u00e4ftspartner individuell. INTERNATIONALER TRANSPORT Seit einigen [&hellip;]\" \/>\n<meta property=\"og:url\" content=\"https:\/\/sprintlogistyka.pl\/index.php\/dienstleistungen\/transport-und-spedition\/\" \/>\n<meta property=\"og:site_name\" content=\"Sprint Logistyka\" \/>\n<meta property=\"article:modified_time\" content=\"2023-01-30T19:18:40+00:00\" \/>\n<meta property=\"og:image\" content=\"http:\/\/serwer1986166.home.pl\/wpsprint\/wp-content\/uploads\/2017\/07\/trucks.png\" \/>\n<meta name=\"twitter:card\" content=\"summary_large_image\" \/>\n<meta name=\"twitter:label1\" content=\"Szacowany czas czytania\" \/>\n\t<meta name=\"twitter:data1\" content=\"3 minuty\" \/>\n<script type=\"application\/ld+json\" class=\"yoast-schema-graph\">{\"@context\":\"https:\\\/\\\/schema.org\",\"@graph\":[{\"@type\":\"WebPage\",\"@id\":\"https:\\\/\\\/sprintlogistyka.pl\\\/index.php\\\/dienstleistungen\\\/transport-und-spedition\\\/\",\"url\":\"https:\\\/\\\/sprintlogistyka.pl\\\/index.php\\\/dienstleistungen\\\/transport-und-spedition\\\/\",\"name\":\"TRANSPORT UND SPEDITION - Sprint Logistyka\",\"isPartOf\":{\"@id\":\"https:\\\/\\\/sprintlogistyka.pl\\\/#website\"},\"primaryImageOfPage\":{\"@id\":\"https:\\\/\\\/sprintlogistyka.pl\\\/index.php\\\/dienstleistungen\\\/transport-und-spedition\\\/#primaryimage\"},\"image\":{\"@id\":\"https:\\\/\\\/sprintlogistyka.pl\\\/index.php\\\/dienstleistungen\\\/transport-und-spedition\\\/#primaryimage\"},\"thumbnailUrl\":\"http:\\\/\\\/serwer1986166.home.pl\\\/wpsprint\\\/wp-content\\\/uploads\\\/2017\\\/07\\\/trucks.png\",\"datePublished\":\"2018-07-16T19:12:12+00:00\",\"dateModified\":\"2023-01-30T19:18:40+00:00\",\"breadcrumb\":{\"@id\":\"https:\\\/\\\/sprintlogistyka.pl\\\/index.php\\\/dienstleistungen\\\/transport-und-spedition\\\/#breadcrumb\"},\"inLanguage\":\"pl-PL\",\"potentialAction\":[{\"@type\":\"ReadAction\",\"target\":[\"https:\\\/\\\/sprintlogistyka.pl\\\/index.php\\\/dienstleistungen\\\/transport-und-spedition\\\/\"]}]},{\"@type\":\"ImageObject\",\"inLanguage\":\"pl-PL\",\"@id\":\"https:\\\/\\\/sprintlogistyka.pl\\\/index.php\\\/dienstleistungen\\\/transport-und-spedition\\\/#primaryimage\",\"url\":\"http:\\\/\\\/serwer1986166.home.pl\\\/wpsprint\\\/wp-content\\\/uploads\\\/2017\\\/07\\\/trucks.png\",\"contentUrl\":\"http:\\\/\\\/serwer1986166.home.pl\\\/wpsprint\\\/wp-content\\\/uploads\\\/2017\\\/07\\\/trucks.png\"},{\"@type\":\"BreadcrumbList\",\"@id\":\"https:\\\/\\\/sprintlogistyka.pl\\\/index.php\\\/dienstleistungen\\\/transport-und-spedition\\\/#breadcrumb\",\"itemListElement\":[{\"@type\":\"ListItem\",\"position\":1,\"name\":\"Strona g\u0142\u00f3wna\",\"item\":\"https:\\\/\\\/sprintlogistyka.pl\\\/\"},{\"@type\":\"ListItem\",\"position\":2,\"name\":\"Dienstleistungen\",\"item\":\"https:\\\/\\\/sprintlogistyka.pl\\\/index.php\\\/dienstleistungen\\\/\"},{\"@type\":\"ListItem\",\"position\":3,\"name\":\"TRANSPORT UND SPEDITION\"}]},{\"@type\":\"WebSite\",\"@id\":\"https:\\\/\\\/sprintlogistyka.pl\\\/#website\",\"url\":\"https:\\\/\\\/sprintlogistyka.pl\\\/\",\"name\":\"Sprint Logistyka\",\"description\":\"Transport drogowy krajowy i mi\u0119dzynarodowy\",\"potentialAction\":[{\"@type\":\"SearchAction\",\"target\":{\"@type\":\"EntryPoint\",\"urlTemplate\":\"https:\\\/\\\/sprintlogistyka.pl\\\/?s={search_term_string}\"},\"query-input\":{\"@type\":\"PropertyValueSpecification\",\"valueRequired\":true,\"valueName\":\"search_term_string\"}}],\"inLanguage\":\"pl-PL\"}]}<\/script>\n<!-- \/ Yoast SEO plugin. -->","yoast_head_json":{"title":"TRANSPORT UND SPEDITION - Sprint Logistyka","robots":{"index":"index","follow":"follow","max-snippet":"max-snippet:-1","max-image-preview":"max-image-preview:large","max-video-preview":"max-video-preview:-1"},"canonical":"https:\/\/sprintlogistyka.pl\/index.php\/dienstleistungen\/transport-und-spedition\/","og_locale":"pl_PL","og_type":"article","og_title":"TRANSPORT UND SPEDITION - Sprint Logistyka","og_description":"Dienstleistungen INLANDSVERKEHR Wir bieten Transportdienstleistungen im Bereich des inl\u00e4ndischen Transportes von 1,5 bis 24 Tonnen. Wir bieten eine moderne Flotte von ausgezeichneter Qualit\u00e4t, die f\u00fcr die Bef\u00f6rderung verschiedener Produkte geeignet ist. Was uns auszeichnet, ist p\u00fcnktliche Beladung und Zustellung. Unser Vorteil ist ein perfekt funktionierendes Palettenrotationssystem. Wir behandeln jeden Gesch\u00e4ftspartner individuell. INTERNATIONALER TRANSPORT Seit einigen [&hellip;]","og_url":"https:\/\/sprintlogistyka.pl\/index.php\/dienstleistungen\/transport-und-spedition\/","og_site_name":"Sprint Logistyka","article_modified_time":"2023-01-30T19:18:40+00:00","og_image":[{"url":"http:\/\/serwer1986166.home.pl\/wpsprint\/wp-content\/uploads\/2017\/07\/trucks.png","type":"","width":"","height":""}],"twitter_card":"summary_large_image","twitter_misc":{"Szacowany czas czytania":"3 minuty"},"schema":{"@context":"https:\/\/schema.org","@graph":[{"@type":"WebPage","@id":"https:\/\/sprintlogistyka.pl\/index.php\/dienstleistungen\/transport-und-spedition\/","url":"https:\/\/sprintlogistyka.pl\/index.php\/dienstleistungen\/transport-und-spedition\/","name":"TRANSPORT UND SPEDITION - Sprint Logistyka","isPartOf":{"@id":"https:\/\/sprintlogistyka.pl\/#website"},"primaryImageOfPage":{"@id":"https:\/\/sprintlogistyka.pl\/index.php\/dienstleistungen\/transport-und-spedition\/#primaryimage"},"image":{"@id":"https:\/\/sprintlogistyka.pl\/index.php\/dienstleistungen\/transport-und-spedition\/#primaryimage"},"thumbnailUrl":"http:\/\/serwer1986166.home.pl\/wpsprint\/wp-content\/uploads\/2017\/07\/trucks.png","datePublished":"2018-07-16T19:12:12+00:00","dateModified":"2023-01-30T19:18:40+00:00","breadcrumb":{"@id":"https:\/\/sprintlogistyka.pl\/index.php\/dienstleistungen\/transport-und-spedition\/#breadcrumb"},"inLanguage":"pl-PL","potentialAction":[{"@type":"ReadAction","target":["https:\/\/sprintlogistyka.pl\/index.php\/dienstleistungen\/transport-und-spedition\/"]}]},{"@type":"ImageObject","inLanguage":"pl-PL","@id":"https:\/\/sprintlogistyka.pl\/index.php\/dienstleistungen\/transport-und-spedition\/#primaryimage","url":"http:\/\/serwer1986166.home.pl\/wpsprint\/wp-content\/uploads\/2017\/07\/trucks.png","contentUrl":"http:\/\/serwer1986166.home.pl\/wpsprint\/wp-content\/uploads\/2017\/07\/trucks.png"},{"@type":"BreadcrumbList","@id":"https:\/\/sprintlogistyka.pl\/index.php\/dienstleistungen\/transport-und-spedition\/#breadcrumb","itemListElement":[{"@type":"ListItem","position":1,"name":"Strona g\u0142\u00f3wna","item":"https:\/\/sprintlogistyka.pl\/"},{"@type":"ListItem","position":2,"name":"Dienstleistungen","item":"https:\/\/sprintlogistyka.pl\/index.php\/dienstleistungen\/"},{"@type":"ListItem","position":3,"name":"TRANSPORT UND SPEDITION"}]},{"@type":"WebSite","@id":"https:\/\/sprintlogistyka.pl\/#website","url":"https:\/\/sprintlogistyka.pl\/","name":"Sprint Logistyka","description":"Transport drogowy krajowy i mi\u0119dzynarodowy","potentialAction":[{"@type":"SearchAction","target":{"@type":"EntryPoint","urlTemplate":"https:\/\/sprintlogistyka.pl\/?s={search_term_string}"},"query-input":{"@type":"PropertyValueSpecification","valueRequired":true,"valueName":"search_term_string"}}],"inLanguage":"pl-PL"}]}},"_links":{"self":[{"href":"https:\/\/sprintlogistyka.pl\/index.php\/wp-json\/wp\/v2\/pages\/997","targetHints":{"allow":["GET"]}}],"collection":[{"href":"https:\/\/sprintlogistyka.pl\/index.php\/wp-json\/wp\/v2\/pages"}],"about":[{"href":"https:\/\/sprintlogistyka.pl\/index.php\/wp-json\/wp\/v2\/types\/page"}],"author":[{"embeddable":true,"href":"https:\/\/sprintlogistyka.pl\/index.php\/wp-json\/wp\/v2\/users\/1"}],"replies":[{"embeddable":true,"href":"https:\/\/sprintlogistyka.pl\/index.php\/wp-json\/wp\/v2\/comments?post=997"}],"version-history":[{"count":4,"href":"https:\/\/sprintlogistyka.pl\/index.php\/wp-json\/wp\/v2\/pages\/997\/revisions"}],"predecessor-version":[{"id":1646,"href":"https:\/\/sprintlogistyka.pl\/index.php\/wp-json\/wp\/v2\/pages\/997\/revisions\/1646"}],"up":[{"embeddable":true,"href":"https:\/\/sprintlogistyka.pl\/index.php\/wp-json\/wp\/v2\/pages\/995"}],"wp:attachment":[{"href":"https:\/\/sprintlogistyka.pl\/index.php\/wp-json\/wp\/v2\/media?parent=997"}],"wp:term":[{"taxonomy":"post_tag","embeddable":true,"href":"https:\/\/sprintlogistyka.pl\/index.php\/wp-json\/wp\/v2\/tags?post=997"}],"curies":[{"name":"wp","href":"https:\/\/api.w.org\/{rel}","templated":true}]}}