{"id":905,"date":"2018-02-22T08:22:58","date_gmt":"2018-02-22T07:22:58","guid":{"rendered":"http:\/\/serwer1986166.home.pl\/wpsprint\/?page_id=905"},"modified":"2020-06-29T23:12:32","modified_gmt":"2020-06-29T21:12:32","slug":"sciezka-kariery","status":"publish","type":"page","link":"https:\/\/sprintlogistyka.pl\/index.php\/kariera\/sciezka-kariery\/","title":{"rendered":"\u015acie\u017cka kariery"},"content":{"rendered":"<h2>Pracuj z nami, realizuj swoje ambicje, zdobywaj szczyty!<\/h2>\n<ul>\n<li>Dyrektor<\/li>\n<li>Menad\u017cer regionalny<\/li>\n<li>Kierownik produktu<br \/>\nKierownik projektu<br \/>\nKoordynator oddzia\u0142u<\/li>\n<li>Lider zespo\u0142u<\/li>\n<li>Mentor<\/li>\n<li>Specjalista<\/li>\n<li>M\u0142odszy specjalista<\/li>\n<li>Asystent<\/li>\n<\/ul>\n","protected":false},"excerpt":{"rendered":"<p>Pracuj z nami, realizuj swoje ambicje, zdobywaj szczyty! Dyrektor Menad\u017cer regionalny Kierownik produktu Kierownik projektu Koordynator oddzia\u0142u Lider zespo\u0142u Mentor Specjalista M\u0142odszy specjalista Asystent<\/p>\n","protected":false},"author":1,"featured_media":0,"parent":19,"menu_order":0,"comment_status":"closed","ping_status":"closed","template":"","meta":{"_acf_changed":false,"footnotes":""},"tags":[],"class_list":["post-905","page","type-page","status-publish","hentry"],"acf":[],"yoast_head":"<!-- This site is optimized with the Yoast SEO plugin v27.6 - https:\/\/yoast.com\/product\/yoast-seo-wordpress\/ -->\n<title>\u015acie\u017cka kariery - Sprint Logistyka<\/title>\n<meta name=\"robots\" content=\"index, follow, max-snippet:-1, max-image-preview:large, max-video-preview:-1\" \/>\n<link rel=\"canonical\" href=\"https:\/\/sprintlogistyka.pl\/index.php\/kariera\/sciezka-kariery\/\" \/>\n<meta property=\"og:locale\" content=\"pl_PL\" \/>\n<meta property=\"og:type\" content=\"article\" \/>\n<meta property=\"og:title\" content=\"\u015acie\u017cka kariery - Sprint Logistyka\" \/>\n<meta property=\"og:description\" content=\"Pracuj z nami, realizuj swoje ambicje, zdobywaj szczyty! Dyrektor Menad\u017cer regionalny Kierownik produktu Kierownik projektu Koordynator oddzia\u0142u Lider zespo\u0142u Mentor Specjalista M\u0142odszy specjalista Asystent\" \/>\n<meta property=\"og:url\" content=\"https:\/\/sprintlogistyka.pl\/index.php\/kariera\/sciezka-kariery\/\" \/>\n<meta property=\"og:site_name\" content=\"Sprint Logistyka\" \/>\n<meta property=\"article:modified_time\" content=\"2020-06-29T21:12:32+00:00\" \/>\n<meta name=\"twitter:card\" content=\"summary_large_image\" \/>\n<script type=\"application\/ld+json\" class=\"yoast-schema-graph\">{\"@context\":\"https:\\\/\\\/schema.org\",\"@graph\":[{\"@type\":\"WebPage\",\"@id\":\"https:\\\/\\\/sprintlogistyka.pl\\\/index.php\\\/kariera\\\/sciezka-kariery\\\/\",\"url\":\"https:\\\/\\\/sprintlogistyka.pl\\\/index.php\\\/kariera\\\/sciezka-kariery\\\/\",\"name\":\"\u015acie\u017cka kariery - Sprint Logistyka\",\"isPartOf\":{\"@id\":\"https:\\\/\\\/sprintlogistyka.pl\\\/#website\"},\"datePublished\":\"2018-02-22T07:22:58+00:00\",\"dateModified\":\"2020-06-29T21:12:32+00:00\",\"breadcrumb\":{\"@id\":\"https:\\\/\\\/sprintlogistyka.pl\\\/index.php\\\/kariera\\\/sciezka-kariery\\\/#breadcrumb\"},\"inLanguage\":\"pl-PL\",\"potentialAction\":[{\"@type\":\"ReadAction\",\"target\":[\"https:\\\/\\\/sprintlogistyka.pl\\\/index.php\\\/kariera\\\/sciezka-kariery\\\/\"]}]},{\"@type\":\"BreadcrumbList\",\"@id\":\"https:\\\/\\\/sprintlogistyka.pl\\\/index.php\\\/kariera\\\/sciezka-kariery\\\/#breadcrumb\",\"itemListElement\":[{\"@type\":\"ListItem\",\"position\":1,\"name\":\"Strona g\u0142\u00f3wna\",\"item\":\"https:\\\/\\\/sprintlogistyka.pl\\\/\"},{\"@type\":\"ListItem\",\"position\":2,\"name\":\"Kariera\",\"item\":\"https:\\\/\\\/sprintlogistyka.pl\\\/index.php\\\/kariera\\\/\"},{\"@type\":\"ListItem\",\"position\":3,\"name\":\"\u015acie\u017cka kariery\"}]},{\"@type\":\"WebSite\",\"@id\":\"https:\\\/\\\/sprintlogistyka.pl\\\/#website\",\"url\":\"https:\\\/\\\/sprintlogistyka.pl\\\/\",\"name\":\"Sprint Logistyka\",\"description\":\"Transport drogowy krajowy i mi\u0119dzynarodowy\",\"potentialAction\":[{\"@type\":\"SearchAction\",\"target\":{\"@type\":\"EntryPoint\",\"urlTemplate\":\"https:\\\/\\\/sprintlogistyka.pl\\\/?s={search_term_string}\"},\"query-input\":{\"@type\":\"PropertyValueSpecification\",\"valueRequired\":true,\"valueName\":\"search_term_string\"}}],\"inLanguage\":\"pl-PL\"}]}<\/script>\n<!-- \/ Yoast SEO plugin. -->","yoast_head_json":{"title":"\u015acie\u017cka kariery - Sprint Logistyka","robots":{"index":"index","follow":"follow","max-snippet":"max-snippet:-1","max-image-preview":"max-image-preview:large","max-video-preview":"max-video-preview:-1"},"canonical":"https:\/\/sprintlogistyka.pl\/index.php\/kariera\/sciezka-kariery\/","og_locale":"pl_PL","og_type":"article","og_title":"\u015acie\u017cka kariery - Sprint Logistyka","og_description":"Pracuj z nami, realizuj swoje ambicje, zdobywaj szczyty! Dyrektor Menad\u017cer regionalny Kierownik produktu Kierownik projektu Koordynator oddzia\u0142u Lider zespo\u0142u Mentor Specjalista M\u0142odszy specjalista Asystent","og_url":"https:\/\/sprintlogistyka.pl\/index.php\/kariera\/sciezka-kariery\/","og_site_name":"Sprint Logistyka","article_modified_time":"2020-06-29T21:12:32+00:00","twitter_card":"summary_large_image","schema":{"@context":"https:\/\/schema.org","@graph":[{"@type":"WebPage","@id":"https:\/\/sprintlogistyka.pl\/index.php\/kariera\/sciezka-kariery\/","url":"https:\/\/sprintlogistyka.pl\/index.php\/kariera\/sciezka-kariery\/","name":"\u015acie\u017cka kariery - Sprint Logistyka","isPartOf":{"@id":"https:\/\/sprintlogistyka.pl\/#website"},"datePublished":"2018-02-22T07:22:58+00:00","dateModified":"2020-06-29T21:12:32+00:00","breadcrumb":{"@id":"https:\/\/sprintlogistyka.pl\/index.php\/kariera\/sciezka-kariery\/#breadcrumb"},"inLanguage":"pl-PL","potentialAction":[{"@type":"ReadAction","target":["https:\/\/sprintlogistyka.pl\/index.php\/kariera\/sciezka-kariery\/"]}]},{"@type":"BreadcrumbList","@id":"https:\/\/sprintlogistyka.pl\/index.php\/kariera\/sciezka-kariery\/#breadcrumb","itemListElement":[{"@type":"ListItem","position":1,"name":"Strona g\u0142\u00f3wna","item":"https:\/\/sprintlogistyka.pl\/"},{"@type":"ListItem","position":2,"name":"Kariera","item":"https:\/\/sprintlogistyka.pl\/index.php\/kariera\/"},{"@type":"ListItem","position":3,"name":"\u015acie\u017cka kariery"}]},{"@type":"WebSite","@id":"https:\/\/sprintlogistyka.pl\/#website","url":"https:\/\/sprintlogistyka.pl\/","name":"Sprint Logistyka","description":"Transport drogowy krajowy i mi\u0119dzynarodowy","potentialAction":[{"@type":"SearchAction","target":{"@type":"EntryPoint","urlTemplate":"https:\/\/sprintlogistyka.pl\/?s={search_term_string}"},"query-input":{"@type":"PropertyValueSpecification","valueRequired":true,"valueName":"search_term_string"}}],"inLanguage":"pl-PL"}]}},"_links":{"self":[{"href":"https:\/\/sprintlogistyka.pl\/index.php\/wp-json\/wp\/v2\/pages\/905","targetHints":{"allow":["GET"]}}],"collection":[{"href":"https:\/\/sprintlogistyka.pl\/index.php\/wp-json\/wp\/v2\/pages"}],"about":[{"href":"https:\/\/sprintlogistyka.pl\/index.php\/wp-json\/wp\/v2\/types\/page"}],"author":[{"embeddable":true,"href":"https:\/\/sprintlogistyka.pl\/index.php\/wp-json\/wp\/v2\/users\/1"}],"replies":[{"embeddable":true,"href":"https:\/\/sprintlogistyka.pl\/index.php\/wp-json\/wp\/v2\/comments?post=905"}],"version-history":[{"count":7,"href":"https:\/\/sprintlogistyka.pl\/index.php\/wp-json\/wp\/v2\/pages\/905\/revisions"}],"predecessor-version":[{"id":917,"href":"https:\/\/sprintlogistyka.pl\/index.php\/wp-json\/wp\/v2\/pages\/905\/revisions\/917"}],"up":[{"embeddable":true,"href":"https:\/\/sprintlogistyka.pl\/index.php\/wp-json\/wp\/v2\/pages\/19"}],"wp:attachment":[{"href":"https:\/\/sprintlogistyka.pl\/index.php\/wp-json\/wp\/v2\/media?parent=905"}],"wp:term":[{"taxonomy":"post_tag","embeddable":true,"href":"https:\/\/sprintlogistyka.pl\/index.php\/wp-json\/wp\/v2\/tags?post=905"}],"curies":[{"name":"wp","href":"https:\/\/api.w.org\/{rel}","templated":true}]}}