{"id":404,"date":"2017-08-03T12:00:10","date_gmt":"2017-08-03T10:00:10","guid":{"rendered":"http:\/\/serwer1986166.home.pl\/wpsprint\/?page_id=404"},"modified":"2024-04-15T14:22:31","modified_gmt":"2024-04-15T12:22:31","slug":"oferty-pracy","status":"publish","type":"page","link":"https:\/\/sprintlogistyka.pl\/index.php\/kariera\/oferty-pracy\/","title":{"rendered":"Oferty pracy"},"content":{"rendered":"<div class=\"job\">\n<p>&nbsp;<\/p>\n<\/div>\n<div class=\"job\">\n<p class=\"work\">SPEDYTOR KRAJOWY\/MI\u0118DZYNARODOWY<\/p>\n<p class=\"job-subheader\">G\u0142\u00f3wne obowi\u0105zki:<\/p>\n<ul>\n<li>zapewnienie odpowiednich \u015brodk\u00f3w transportu do obs\u0142ugi kontrakt\u00f3w przewozowych,<\/li>\n<li>pozyskiwanie nowych kontrahent\u00f3w oraz rozwijanie wsp\u00f3\u0142pracy z przewo\u017anikami oraz partnerami biznesowymi,<\/li>\n<li>praca w ramach kilkuosobowego zespo\u0142u,<\/li>\n<li>wsp\u00f3\u0142udzia\u0142 w realizacji cel\u00f3w oddzia\u0142owych.<\/li>\n<\/ul>\n<p class=\"job-subheader\">Oczekujemy od Ciebie:<\/p>\n<ul>\n<li>do\u015bwiadczenia w pracy na powy\u017cszym stanowisku \u2013 warunek konieczny,<\/li>\n<li>umiej\u0119tno\u015bci planowania oraz szybkiego podejmowania trafnych decyzji,<\/li>\n<li>komunikatywno\u015bci oraz umiej\u0119tno\u015bci pracy w zespole,<\/li>\n<li>samodzielno\u015bci w dzia\u0142aniu oraz silnej orientacji na realizacj\u0119 cel\u00f3w oddzia\u0142owych,<\/li>\n<li>dodatkowym atutem b\u0119dzie posiadanie w\u0142asnej bazy klient\u00f3w biznesowych\/przewo\u017anik\u00f3w.<\/li>\n<\/ul>\n<p class=\"job-subheader\">Oferujemy:<\/p>\n<ul>\n<li>zatrudnienie na podstawie umowy o prac\u0119,<\/li>\n<li>atrakcyjne i wci\u0105\u017c rosn\u0105ce wynagrodzenie,<\/li>\n<li>system premiowy uzale\u017cniony od realizacji bud\u017cetu oddzia\u0142owego,<\/li>\n<li>pakiet powitalny i mentora u\u0142atwiaj\u0105cego wdro\u017cenie si\u0119,<\/li>\n<li>wsparcie wyspecjalizowanych dzia\u0142\u00f3w w obs\u0142udze dokumentacji, reklamacji, windykacji itp.,<\/li>\n<li>prac\u0119 w m\u0142odym dynamicznym zespole w atmosferze, jakiej nie zna\u0142e\u015b,<\/li>\n<li>indywidualn\u0105, sprecyzowan\u0105 i dostosowan\u0105 do oczekiwa\u0144 \u015bcie\u017ck\u0119 kariery.<\/li>\n<\/ul>\n<p><strong>Osoby zainteresowane ofert\u0105\u00a0i spe\u0142niaj\u0105ce wymagania prosimy o przes\u0142anie CV na:<\/strong><br \/>\n<a href=\"mailto:rekrutacja@sprintlogistyka.pl\"><strong>rekrutacja@sprintlogistyka.pl<\/strong><\/a><br \/>\nInformujemy, \u017ce skontaktujemy si\u0119 z wybranymi osobami.<\/p>\n<p><strong>Prosimy o dopisanie nast\u0119puj\u0105cej klauzuli:<\/strong><br \/>\n<small>Wyra\u017cam zgod\u0119 na przetwarzanie moich danych osobowych dla potrzeb niezb\u0119dnych do realizacji procesu rekrutacji (zgodnie z Ustaw\u0105 z dnia 29.08.1997 roku o Ochronie Danych Osobowych; tekst jednolity: Dz.U. z 2014 r., poz.1182 ze zm.).<\/small><\/p>\n<hr \/>\n<p class=\"work\">KIEROWCA BUSA &#8211; TRANSPORT MI\u0118DZYNARODOWY, KAT. B<\/p>\n<p class=\"job-subheader\">G\u0142\u00f3wne obowi\u0105zki:<\/p>\n<ul>\n<li>przew\u00f3z \u0142adunk\u00f3w na wyznaczonych trasach, odbi\u00f3r dokument\u00f3w rozliczeniowych od kontrahent\u00f3w<\/li>\n<li>\u0142adowanie, roz\u0142adowywanie pojazdu oraz zabezpieczenie \u0142adunku<\/li>\n<li>dbanie o powierzony sprz\u0119t<\/li>\n<li>kontakt z prze\u0142o\u017conym<\/li>\n<\/ul>\n<p class=\"job-subheader\">Oczekujemy od Ciebie:<\/p>\n<ul>\n<li>posiadanie wa\u017cnego paszportu(min. 1 rok) lub gotowo\u015b\u0107 do jego wyrobienia<\/li>\n<li>wa\u017cne prawo jazdy kat. B<\/li>\n<li>niekaralno\u015b\u0107<\/li>\n<li>do\u015bwiadczenie w prowadzeniu pojazd\u00f3w<\/li>\n<\/ul>\n<p class=\"job-subheader\">Oferujemy:<\/p>\n<ul>\n<li>zatrudnienie na podstawie umowy o prac\u0119<\/li>\n<li>stabilne stanowisko w firmie z ponad 20 letnim do\u015bwiadczeniem<\/li>\n<li>odpowiedzialn\u0105 i ciekaw\u0105 prac\u0119<\/li>\n<li>praca na nowych pojazdach Renault Master 10 ep.<\/li>\n<li>telefon s\u0142u\u017cbowy<\/li>\n<li>samoch\u00f3d na wy\u0142\u0105czno\u015b\u0107 pod dom<\/li>\n<li>karta paliwowa<\/li>\n<li>karta p\u0142atnicza<\/li>\n<li>kompleksowe wyposa\u017cenie pojazdu: buty ochronne, kask, r\u0119kawiczki, drabina<\/li>\n<li>premie kwartalne<\/li>\n<\/ul>\n<p><strong>Osoby zainteresowane ofert\u0105\u00a0i spe\u0142niaj\u0105ce wymagania prosimy o przes\u0142anie CV na:<\/strong><br \/>\n<a href=\"mailto:rekrutacja@sprintlogistyka.pl\"><strong>rekrutacja@sprintlogistyka.pl<\/strong><\/a><br \/>\n<strong>Lub kontakt telefoniczny pod numerem: <\/strong><a href=\"tel:+48724500094\"><strong>724 500 094<\/strong><\/a><br \/>\nInformujemy, \u017ce skontaktujemy si\u0119 z wybranymi osobami.<\/p>\n<p><strong>Prosimy o dopisanie nast\u0119puj\u0105cej klauzuli:<\/strong><br \/>\n<small>Wyra\u017cam zgod\u0119 na przetwarzanie moich danych osobowych dla potrzeb niezb\u0119dnych do realizacji procesu rekrutacji (zgodnie z Ustaw\u0105 z dnia 29.08.1997 roku o Ochronie Danych Osobowych; tekst jednolity: Dz.U. z 2014 r., poz.1182 ze zm.).<\/small><\/p>\n<hr \/>\n<p class=\"work\">KIEROWCA MI\u0118DZYNARODOWY, KAT. C + E<\/p>\n<p class=\"job-subheader\">G\u0142\u00f3wne obowi\u0105zki:<\/p>\n<ul>\n<li>przew\u00f3z \u0142adunk\u00f3w na wyznaczonych trasach, odbi\u00f3r dokument\u00f3w rozliczeniowych od kontrahent\u00f3w<\/li>\n<li>\u0142adowanie, roz\u0142adowywanie pojazdu oraz zabezpieczenie \u0142adunku<\/li>\n<li>dbanie o powierzony sprz\u0119t<\/li>\n<li>kontakt z prze\u0142o\u017conym<\/li>\n<\/ul>\n<p class=\"job-subheader\">Oczekujemy od Ciebie:<\/p>\n<ul>\n<li>posiadanie wa\u017cnego paszportu(min. 1 rok) lub gotowo\u015b\u0107 do jego wyrobienia<\/li>\n<li>wa\u017cne prawo jazdy kat. C + E<\/li>\n<li>kurs na przew\u00f3z rzeczy<\/li>\n<li>niekaralno\u015b\u0107<\/li>\n<li>do\u015bwiadczenie w prowadzeniu pojazd\u00f3w<\/li>\n<\/ul>\n<p class=\"job-subheader\">Oferujemy:<\/p>\n<ul>\n<li>zatrudnienie na podstawie umowy o prac\u0119<\/li>\n<li>stabilne stanowisko w firmie z ponad 20 letnim do\u015bwiadczeniem<\/li>\n<li>odpowiedzialn\u0105 i ciekaw\u0105 prac\u0119<\/li>\n<li>telefon s\u0142u\u017cbowy<\/li>\n<li>samoch\u00f3d na wy\u0142\u0105czno\u015b\u0107 pod dom<\/li>\n<li>karta paliwowa<\/li>\n<li>karta p\u0142atnicza<\/li>\n<li>kompleksowe wyposa\u017cenie pojazdu: buty ochronne, kask, r\u0119kawiczki, drabina<\/li>\n<li>premie kwartalne<\/li>\n<\/ul>\n<p><strong>Osoby zainteresowane ofert\u0105\u00a0i spe\u0142niaj\u0105ce wymagania prosimy o przes\u0142anie CV na:<\/strong><br \/>\n<a href=\"mailto:rekrutacja@sprintlogistyka.pl\"><strong>rekrutacja@sprintlogistyka.pl<\/strong><\/a><br \/>\n<strong>Lub kontakt telefoniczny pod numerem: <\/strong><a href=\"tel:+48724500094\"><strong>724 500 094<\/strong><\/a><br \/>\nInformujemy, \u017ce skontaktujemy si\u0119 z wybranymi osobami.<\/p>\n<p><strong>Prosimy o dopisanie nast\u0119puj\u0105cej klauzuli:<\/strong><br \/>\n<small>Wyra\u017cam zgod\u0119 na przetwarzanie moich danych osobowych dla potrzeb niezb\u0119dnych do realizacji procesu rekrutacji (zgodnie z Ustaw\u0105 z dnia 29.08.1997 roku o Ochronie Danych Osobowych; tekst jednolity: Dz.U. z 2014 r., poz.1182 ze zm.).<\/small><\/p>\n<\/div>\n","protected":false},"excerpt":{"rendered":"<p>&nbsp; SPEDYTOR KRAJOWY\/MI\u0118DZYNARODOWY G\u0142\u00f3wne obowi\u0105zki: zapewnienie odpowiednich \u015brodk\u00f3w transportu do obs\u0142ugi kontrakt\u00f3w przewozowych, pozyskiwanie nowych kontrahent\u00f3w oraz rozwijanie wsp\u00f3\u0142pracy z przewo\u017anikami oraz partnerami biznesowymi, praca w ramach kilkuosobowego zespo\u0142u, wsp\u00f3\u0142udzia\u0142 w realizacji cel\u00f3w oddzia\u0142owych. Oczekujemy od Ciebie: do\u015bwiadczenia w pracy na powy\u017cszym stanowisku \u2013 warunek konieczny, umiej\u0119tno\u015bci planowania oraz szybkiego podejmowania trafnych decyzji, komunikatywno\u015bci oraz [&hellip;]<\/p>\n","protected":false},"author":1,"featured_media":0,"parent":19,"menu_order":0,"comment_status":"closed","ping_status":"closed","template":"","meta":{"_acf_changed":false,"footnotes":""},"tags":[],"class_list":["post-404","page","type-page","status-publish","hentry"],"acf":[],"yoast_head":"<!-- This site is optimized with the Yoast SEO plugin v27.4 - https:\/\/yoast.com\/product\/yoast-seo-wordpress\/ -->\n<title>Oferty pracy - Sprint Logistyka<\/title>\n<meta name=\"robots\" content=\"index, follow, max-snippet:-1, max-image-preview:large, max-video-preview:-1\" \/>\n<link rel=\"canonical\" href=\"https:\/\/sprintlogistyka.pl\/index.php\/kariera\/oferty-pracy\/\" \/>\n<meta property=\"og:locale\" content=\"pl_PL\" \/>\n<meta property=\"og:type\" content=\"article\" \/>\n<meta property=\"og:title\" content=\"Oferty pracy - Sprint Logistyka\" \/>\n<meta property=\"og:description\" content=\"&nbsp; SPEDYTOR KRAJOWY\/MI\u0118DZYNARODOWY G\u0142\u00f3wne obowi\u0105zki: zapewnienie odpowiednich \u015brodk\u00f3w transportu do obs\u0142ugi kontrakt\u00f3w przewozowych, pozyskiwanie nowych kontrahent\u00f3w oraz rozwijanie wsp\u00f3\u0142pracy z przewo\u017anikami oraz partnerami biznesowymi, praca w ramach kilkuosobowego zespo\u0142u, wsp\u00f3\u0142udzia\u0142 w realizacji cel\u00f3w oddzia\u0142owych. Oczekujemy od Ciebie: do\u015bwiadczenia w pracy na powy\u017cszym stanowisku \u2013 warunek konieczny, umiej\u0119tno\u015bci planowania oraz szybkiego podejmowania trafnych decyzji, komunikatywno\u015bci oraz [&hellip;]\" \/>\n<meta property=\"og:url\" content=\"https:\/\/sprintlogistyka.pl\/index.php\/kariera\/oferty-pracy\/\" \/>\n<meta property=\"og:site_name\" content=\"Sprint Logistyka\" \/>\n<meta property=\"article:modified_time\" content=\"2024-04-15T12:22:31+00:00\" \/>\n<meta name=\"twitter:card\" content=\"summary_large_image\" \/>\n<meta name=\"twitter:label1\" content=\"Szacowany czas czytania\" \/>\n\t<meta name=\"twitter:data1\" content=\"4 minuty\" \/>\n<script type=\"application\/ld+json\" class=\"yoast-schema-graph\">{\"@context\":\"https:\\\/\\\/schema.org\",\"@graph\":[{\"@type\":\"WebPage\",\"@id\":\"https:\\\/\\\/sprintlogistyka.pl\\\/index.php\\\/kariera\\\/oferty-pracy\\\/\",\"url\":\"https:\\\/\\\/sprintlogistyka.pl\\\/index.php\\\/kariera\\\/oferty-pracy\\\/\",\"name\":\"Oferty pracy - Sprint Logistyka\",\"isPartOf\":{\"@id\":\"https:\\\/\\\/sprintlogistyka.pl\\\/#website\"},\"datePublished\":\"2017-08-03T10:00:10+00:00\",\"dateModified\":\"2024-04-15T12:22:31+00:00\",\"breadcrumb\":{\"@id\":\"https:\\\/\\\/sprintlogistyka.pl\\\/index.php\\\/kariera\\\/oferty-pracy\\\/#breadcrumb\"},\"inLanguage\":\"pl-PL\",\"potentialAction\":[{\"@type\":\"ReadAction\",\"target\":[\"https:\\\/\\\/sprintlogistyka.pl\\\/index.php\\\/kariera\\\/oferty-pracy\\\/\"]}]},{\"@type\":\"BreadcrumbList\",\"@id\":\"https:\\\/\\\/sprintlogistyka.pl\\\/index.php\\\/kariera\\\/oferty-pracy\\\/#breadcrumb\",\"itemListElement\":[{\"@type\":\"ListItem\",\"position\":1,\"name\":\"Strona g\u0142\u00f3wna\",\"item\":\"https:\\\/\\\/sprintlogistyka.pl\\\/\"},{\"@type\":\"ListItem\",\"position\":2,\"name\":\"Kariera\",\"item\":\"https:\\\/\\\/sprintlogistyka.pl\\\/index.php\\\/kariera\\\/\"},{\"@type\":\"ListItem\",\"position\":3,\"name\":\"Oferty pracy\"}]},{\"@type\":\"WebSite\",\"@id\":\"https:\\\/\\\/sprintlogistyka.pl\\\/#website\",\"url\":\"https:\\\/\\\/sprintlogistyka.pl\\\/\",\"name\":\"Sprint Logistyka\",\"description\":\"Transport drogowy krajowy i mi\u0119dzynarodowy\",\"potentialAction\":[{\"@type\":\"SearchAction\",\"target\":{\"@type\":\"EntryPoint\",\"urlTemplate\":\"https:\\\/\\\/sprintlogistyka.pl\\\/?s={search_term_string}\"},\"query-input\":{\"@type\":\"PropertyValueSpecification\",\"valueRequired\":true,\"valueName\":\"search_term_string\"}}],\"inLanguage\":\"pl-PL\"}]}<\/script>\n<!-- \/ Yoast SEO plugin. -->","yoast_head_json":{"title":"Oferty pracy - Sprint Logistyka","robots":{"index":"index","follow":"follow","max-snippet":"max-snippet:-1","max-image-preview":"max-image-preview:large","max-video-preview":"max-video-preview:-1"},"canonical":"https:\/\/sprintlogistyka.pl\/index.php\/kariera\/oferty-pracy\/","og_locale":"pl_PL","og_type":"article","og_title":"Oferty pracy - Sprint Logistyka","og_description":"&nbsp; SPEDYTOR KRAJOWY\/MI\u0118DZYNARODOWY G\u0142\u00f3wne obowi\u0105zki: zapewnienie odpowiednich \u015brodk\u00f3w transportu do obs\u0142ugi kontrakt\u00f3w przewozowych, pozyskiwanie nowych kontrahent\u00f3w oraz rozwijanie wsp\u00f3\u0142pracy z przewo\u017anikami oraz partnerami biznesowymi, praca w ramach kilkuosobowego zespo\u0142u, wsp\u00f3\u0142udzia\u0142 w realizacji cel\u00f3w oddzia\u0142owych. Oczekujemy od Ciebie: do\u015bwiadczenia w pracy na powy\u017cszym stanowisku \u2013 warunek konieczny, umiej\u0119tno\u015bci planowania oraz szybkiego podejmowania trafnych decyzji, komunikatywno\u015bci oraz [&hellip;]","og_url":"https:\/\/sprintlogistyka.pl\/index.php\/kariera\/oferty-pracy\/","og_site_name":"Sprint Logistyka","article_modified_time":"2024-04-15T12:22:31+00:00","twitter_card":"summary_large_image","twitter_misc":{"Szacowany czas czytania":"4 minuty"},"schema":{"@context":"https:\/\/schema.org","@graph":[{"@type":"WebPage","@id":"https:\/\/sprintlogistyka.pl\/index.php\/kariera\/oferty-pracy\/","url":"https:\/\/sprintlogistyka.pl\/index.php\/kariera\/oferty-pracy\/","name":"Oferty pracy - Sprint Logistyka","isPartOf":{"@id":"https:\/\/sprintlogistyka.pl\/#website"},"datePublished":"2017-08-03T10:00:10+00:00","dateModified":"2024-04-15T12:22:31+00:00","breadcrumb":{"@id":"https:\/\/sprintlogistyka.pl\/index.php\/kariera\/oferty-pracy\/#breadcrumb"},"inLanguage":"pl-PL","potentialAction":[{"@type":"ReadAction","target":["https:\/\/sprintlogistyka.pl\/index.php\/kariera\/oferty-pracy\/"]}]},{"@type":"BreadcrumbList","@id":"https:\/\/sprintlogistyka.pl\/index.php\/kariera\/oferty-pracy\/#breadcrumb","itemListElement":[{"@type":"ListItem","position":1,"name":"Strona g\u0142\u00f3wna","item":"https:\/\/sprintlogistyka.pl\/"},{"@type":"ListItem","position":2,"name":"Kariera","item":"https:\/\/sprintlogistyka.pl\/index.php\/kariera\/"},{"@type":"ListItem","position":3,"name":"Oferty pracy"}]},{"@type":"WebSite","@id":"https:\/\/sprintlogistyka.pl\/#website","url":"https:\/\/sprintlogistyka.pl\/","name":"Sprint Logistyka","description":"Transport drogowy krajowy i mi\u0119dzynarodowy","potentialAction":[{"@type":"SearchAction","target":{"@type":"EntryPoint","urlTemplate":"https:\/\/sprintlogistyka.pl\/?s={search_term_string}"},"query-input":{"@type":"PropertyValueSpecification","valueRequired":true,"valueName":"search_term_string"}}],"inLanguage":"pl-PL"}]}},"_links":{"self":[{"href":"https:\/\/sprintlogistyka.pl\/index.php\/wp-json\/wp\/v2\/pages\/404","targetHints":{"allow":["GET"]}}],"collection":[{"href":"https:\/\/sprintlogistyka.pl\/index.php\/wp-json\/wp\/v2\/pages"}],"about":[{"href":"https:\/\/sprintlogistyka.pl\/index.php\/wp-json\/wp\/v2\/types\/page"}],"author":[{"embeddable":true,"href":"https:\/\/sprintlogistyka.pl\/index.php\/wp-json\/wp\/v2\/users\/1"}],"replies":[{"embeddable":true,"href":"https:\/\/sprintlogistyka.pl\/index.php\/wp-json\/wp\/v2\/comments?post=404"}],"version-history":[{"count":27,"href":"https:\/\/sprintlogistyka.pl\/index.php\/wp-json\/wp\/v2\/pages\/404\/revisions"}],"predecessor-version":[{"id":1727,"href":"https:\/\/sprintlogistyka.pl\/index.php\/wp-json\/wp\/v2\/pages\/404\/revisions\/1727"}],"up":[{"embeddable":true,"href":"https:\/\/sprintlogistyka.pl\/index.php\/wp-json\/wp\/v2\/pages\/19"}],"wp:attachment":[{"href":"https:\/\/sprintlogistyka.pl\/index.php\/wp-json\/wp\/v2\/media?parent=404"}],"wp:term":[{"taxonomy":"post_tag","embeddable":true,"href":"https:\/\/sprintlogistyka.pl\/index.php\/wp-json\/wp\/v2\/tags?post=404"}],"curies":[{"name":"wp","href":"https:\/\/api.w.org\/{rel}","templated":true}]}}