{"id":242,"date":"2017-07-25T12:59:13","date_gmt":"2017-07-25T10:59:13","guid":{"rendered":"http:\/\/localhost:58016\/?page_id=242"},"modified":"2020-06-29T23:11:45","modified_gmt":"2020-06-29T21:11:45","slug":"akademia-spedytora","status":"publish","type":"page","link":"https:\/\/sprintlogistyka.pl\/index.php\/kariera\/akademia-spedytora\/","title":{"rendered":"Akademia spedytora"},"content":{"rendered":"<h2>Akademia spedytora<\/h2>\n<p><strong>Wychodz\u0105c naprzeciw oczekiwaniom rynku i strategii rozwoju, firma Sprint otworzy\u0142a tzw. Akademi\u0119 Spedytora. Projekt zak\u0142ada szkolenie ,,na stanowisku pracy\u2019\u2019 pod okiem mentor\u00f3w i kierownika projektu. Dzi\u0119ki nauce w tym trybie, nowi pracownicy b\u0119d\u0105 wspierani wiedz\u0105 i dobrymi radami w ka\u017cdej godzinie pierwszych trzech miesi\u0119cy pracy.<\/strong><\/p>\n<p>Aby sprosta\u0107 ostrej konkurencji, firma postanowi\u0142a zaanga\u017cowa\u0107 do procesu szkole\u0144 najlepszych spedytor\u00f3w z d\u0142ugoletnim do\u015bwiadczeniem i wyszkoli\u0107 ich na mentor\u00f3w wiedzy spedycyjnej.<\/p>\n<p>Z uwagi na r\u00f3\u017cne predyspozycje mentor\u00f3w, szkolenia podzielono na 3 bloki umiej\u0119tno\u015bci spedycyjnych oraz sposobu prowadzenia szkolenia.<\/p>\n<div class=\"flex\">\n<div class=\"item\">\n<h3>Pierwsza grupa<\/h3>\n<p>To osoby z do\u015bwiadczeniem w pracy z przewo\u017anikami ca\u0142opojazdowymi, wykazuj\u0105ce predyspozycje w dysponowaniu i rotowaniu flot\u0105. Dyspozytorzy floty kontraktowej odpowiedzialni s\u0105 za podstawianie prowadzonych aut rotowanych mi\u0119dzy klientami.<\/p>\n<\/div>\n<div class=\"item\">\n<h3>Druga grupa<\/h3>\n<p>To mentorzy, specjali\u015bci w\u015br\u00f3d spedytor\u00f3w. Osoby z tej grupy pracuj\u0105c bezpo\u015brednio z powierzonymi klientami, odpowiedzialni s\u0105 za zdobywanie&nbsp;zlece\u0144 i realizowanie ich spedycyjnie lub za pomoc\u0105 floty kontraktowej.<\/p>\n<\/div>\n<div class=\"item\">\n<h3>Trzecia grupa<\/h3>\n<p>To spedytorzy prowadz\u0105cy jednocze\u015bnie klient\u00f3w i r\u00f3\u017cnej \u0142adowno\u015bci auta w kraju oraz za granic\u0105. Musz\u0105 oni samodzielnie wyszukiwa\u0107 zlecenia dla prowadzonych aut oraz sprzeda\u0107 pozyskane od klient\u00f3w zlecenia na gie\u0142dach transportowych.<\/p>\n<\/div>\n<\/div>\n<h2>Mentoring zdalny<\/h2>\n<div class=\"flex\">\n<div class=\"item\">\n<div class=\"figure\"><a href=\"http:\/\/serwer1986166.home.pl\/wpsprint\/wp-content\/uploads\/2017\/07\/mentoring-zdalny1.jpg\" data-size=\"1140x761\"><img loading=\"lazy\" decoding=\"async\" class=\"alignnone size-large wp-image-622\" src=\"http:\/\/serwer1986166.home.pl\/wpsprint\/wp-content\/uploads\/2017\/07\/mentoring-zdalny1-1024x684.jpg\" alt=\"Mentoring zdalny SPRINT\" width=\"1024\" height=\"684\" srcset=\"https:\/\/sprintlogistyka.pl\/wp-content\/uploads\/2017\/07\/mentoring-zdalny1-1024x684.jpg 1024w, https:\/\/sprintlogistyka.pl\/wp-content\/uploads\/2017\/07\/mentoring-zdalny1-300x200.jpg 300w, https:\/\/sprintlogistyka.pl\/wp-content\/uploads\/2017\/07\/mentoring-zdalny1-768x513.jpg 768w, https:\/\/sprintlogistyka.pl\/wp-content\/uploads\/2017\/07\/mentoring-zdalny1.jpg 1140w\" sizes=\"auto, (max-width: 1024px) 100vw, 1024px\" \/><\/a><\/div>\n<\/div>\n<div class=\"item\">\n<p><strong>Nowo zatrudnieni pracownicy w mniej liczebnych oddzia\u0142ach potrzebowali wsparcia mentorskiego, dlatego wprowadzono mentoring zdalny.<\/strong><\/p>\n<p>Szkolenie wykonywane jest przez specjalist\u0119 z innego oddzia\u0142u przy pomocy Skype lub telekonferencji.<\/p>\n<p>Do ko\u0144ca przysz\u0142ego roku firma Sprint planuje umo\u017cliwi\u0107 ten spos\u00f3b wdra\u017cania nowych pracownik\u00f3w w ka\u017cdym z oddzia\u0142\u00f3w firmy, powi\u0119kszaj\u0105c tym samym przewag\u0119 konkurencyjn\u0105 w\u015br\u00f3d lider\u00f3w rynku TSL.<\/p>\n<\/div>\n<\/div>\n","protected":false},"excerpt":{"rendered":"<p>Akademia spedytora Wychodz\u0105c naprzeciw oczekiwaniom rynku i strategii rozwoju, firma Sprint otworzy\u0142a tzw. Akademi\u0119 Spedytora. Projekt zak\u0142ada szkolenie ,,na stanowisku pracy\u2019\u2019 pod okiem mentor\u00f3w i kierownika projektu. Dzi\u0119ki nauce w tym trybie, nowi pracownicy b\u0119d\u0105 wspierani wiedz\u0105 i dobrymi radami w ka\u017cdej godzinie pierwszych trzech miesi\u0119cy pracy. Aby sprosta\u0107 ostrej konkurencji, firma postanowi\u0142a zaanga\u017cowa\u0107 do [&hellip;]<\/p>\n","protected":false},"author":1,"featured_media":0,"parent":19,"menu_order":0,"comment_status":"closed","ping_status":"closed","template":"","meta":{"_acf_changed":false,"footnotes":""},"tags":[],"class_list":["post-242","page","type-page","status-publish","hentry"],"acf":[],"yoast_head":"<!-- This site is optimized with the Yoast SEO plugin v27.5 - https:\/\/yoast.com\/product\/yoast-seo-wordpress\/ -->\n<title>Akademia spedytora - Sprint Logistyka<\/title>\n<meta name=\"robots\" content=\"index, follow, max-snippet:-1, max-image-preview:large, max-video-preview:-1\" \/>\n<link rel=\"canonical\" href=\"https:\/\/sprintlogistyka.pl\/index.php\/kariera\/akademia-spedytora\/\" \/>\n<meta property=\"og:locale\" content=\"pl_PL\" \/>\n<meta property=\"og:type\" content=\"article\" \/>\n<meta property=\"og:title\" content=\"Akademia spedytora - Sprint Logistyka\" \/>\n<meta property=\"og:description\" content=\"Akademia spedytora Wychodz\u0105c naprzeciw oczekiwaniom rynku i strategii rozwoju, firma Sprint otworzy\u0142a tzw. Akademi\u0119 Spedytora. Projekt zak\u0142ada szkolenie ,,na stanowisku pracy\u2019\u2019 pod okiem mentor\u00f3w i kierownika projektu. Dzi\u0119ki nauce w tym trybie, nowi pracownicy b\u0119d\u0105 wspierani wiedz\u0105 i dobrymi radami w ka\u017cdej godzinie pierwszych trzech miesi\u0119cy pracy. Aby sprosta\u0107 ostrej konkurencji, firma postanowi\u0142a zaanga\u017cowa\u0107 do [&hellip;]\" \/>\n<meta property=\"og:url\" content=\"https:\/\/sprintlogistyka.pl\/index.php\/kariera\/akademia-spedytora\/\" \/>\n<meta property=\"og:site_name\" content=\"Sprint Logistyka\" \/>\n<meta property=\"article:modified_time\" content=\"2020-06-29T21:11:45+00:00\" \/>\n<meta property=\"og:image\" content=\"http:\/\/serwer1986166.home.pl\/wpsprint\/wp-content\/uploads\/2017\/07\/mentoring-zdalny1-1024x684.jpg\" \/>\n<meta name=\"twitter:card\" content=\"summary_large_image\" \/>\n<meta name=\"twitter:label1\" content=\"Szacowany czas czytania\" \/>\n\t<meta name=\"twitter:data1\" content=\"1 minuta\" \/>\n<script type=\"application\/ld+json\" class=\"yoast-schema-graph\">{\"@context\":\"https:\\\/\\\/schema.org\",\"@graph\":[{\"@type\":\"WebPage\",\"@id\":\"https:\\\/\\\/sprintlogistyka.pl\\\/index.php\\\/kariera\\\/akademia-spedytora\\\/\",\"url\":\"https:\\\/\\\/sprintlogistyka.pl\\\/index.php\\\/kariera\\\/akademia-spedytora\\\/\",\"name\":\"Akademia spedytora - Sprint Logistyka\",\"isPartOf\":{\"@id\":\"https:\\\/\\\/sprintlogistyka.pl\\\/#website\"},\"primaryImageOfPage\":{\"@id\":\"https:\\\/\\\/sprintlogistyka.pl\\\/index.php\\\/kariera\\\/akademia-spedytora\\\/#primaryimage\"},\"image\":{\"@id\":\"https:\\\/\\\/sprintlogistyka.pl\\\/index.php\\\/kariera\\\/akademia-spedytora\\\/#primaryimage\"},\"thumbnailUrl\":\"http:\\\/\\\/serwer1986166.home.pl\\\/wpsprint\\\/wp-content\\\/uploads\\\/2017\\\/07\\\/mentoring-zdalny1-1024x684.jpg\",\"datePublished\":\"2017-07-25T10:59:13+00:00\",\"dateModified\":\"2020-06-29T21:11:45+00:00\",\"breadcrumb\":{\"@id\":\"https:\\\/\\\/sprintlogistyka.pl\\\/index.php\\\/kariera\\\/akademia-spedytora\\\/#breadcrumb\"},\"inLanguage\":\"pl-PL\",\"potentialAction\":[{\"@type\":\"ReadAction\",\"target\":[\"https:\\\/\\\/sprintlogistyka.pl\\\/index.php\\\/kariera\\\/akademia-spedytora\\\/\"]}]},{\"@type\":\"ImageObject\",\"inLanguage\":\"pl-PL\",\"@id\":\"https:\\\/\\\/sprintlogistyka.pl\\\/index.php\\\/kariera\\\/akademia-spedytora\\\/#primaryimage\",\"url\":\"http:\\\/\\\/serwer1986166.home.pl\\\/wpsprint\\\/wp-content\\\/uploads\\\/2017\\\/07\\\/mentoring-zdalny1-1024x684.jpg\",\"contentUrl\":\"http:\\\/\\\/serwer1986166.home.pl\\\/wpsprint\\\/wp-content\\\/uploads\\\/2017\\\/07\\\/mentoring-zdalny1-1024x684.jpg\"},{\"@type\":\"BreadcrumbList\",\"@id\":\"https:\\\/\\\/sprintlogistyka.pl\\\/index.php\\\/kariera\\\/akademia-spedytora\\\/#breadcrumb\",\"itemListElement\":[{\"@type\":\"ListItem\",\"position\":1,\"name\":\"Strona g\u0142\u00f3wna\",\"item\":\"https:\\\/\\\/sprintlogistyka.pl\\\/\"},{\"@type\":\"ListItem\",\"position\":2,\"name\":\"Kariera\",\"item\":\"https:\\\/\\\/sprintlogistyka.pl\\\/index.php\\\/kariera\\\/\"},{\"@type\":\"ListItem\",\"position\":3,\"name\":\"Akademia spedytora\"}]},{\"@type\":\"WebSite\",\"@id\":\"https:\\\/\\\/sprintlogistyka.pl\\\/#website\",\"url\":\"https:\\\/\\\/sprintlogistyka.pl\\\/\",\"name\":\"Sprint Logistyka\",\"description\":\"Transport drogowy krajowy i mi\u0119dzynarodowy\",\"potentialAction\":[{\"@type\":\"SearchAction\",\"target\":{\"@type\":\"EntryPoint\",\"urlTemplate\":\"https:\\\/\\\/sprintlogistyka.pl\\\/?s={search_term_string}\"},\"query-input\":{\"@type\":\"PropertyValueSpecification\",\"valueRequired\":true,\"valueName\":\"search_term_string\"}}],\"inLanguage\":\"pl-PL\"}]}<\/script>\n<!-- \/ Yoast SEO plugin. -->","yoast_head_json":{"title":"Akademia spedytora - Sprint Logistyka","robots":{"index":"index","follow":"follow","max-snippet":"max-snippet:-1","max-image-preview":"max-image-preview:large","max-video-preview":"max-video-preview:-1"},"canonical":"https:\/\/sprintlogistyka.pl\/index.php\/kariera\/akademia-spedytora\/","og_locale":"pl_PL","og_type":"article","og_title":"Akademia spedytora - Sprint Logistyka","og_description":"Akademia spedytora Wychodz\u0105c naprzeciw oczekiwaniom rynku i strategii rozwoju, firma Sprint otworzy\u0142a tzw. Akademi\u0119 Spedytora. Projekt zak\u0142ada szkolenie ,,na stanowisku pracy\u2019\u2019 pod okiem mentor\u00f3w i kierownika projektu. Dzi\u0119ki nauce w tym trybie, nowi pracownicy b\u0119d\u0105 wspierani wiedz\u0105 i dobrymi radami w ka\u017cdej godzinie pierwszych trzech miesi\u0119cy pracy. Aby sprosta\u0107 ostrej konkurencji, firma postanowi\u0142a zaanga\u017cowa\u0107 do [&hellip;]","og_url":"https:\/\/sprintlogistyka.pl\/index.php\/kariera\/akademia-spedytora\/","og_site_name":"Sprint Logistyka","article_modified_time":"2020-06-29T21:11:45+00:00","og_image":[{"url":"http:\/\/serwer1986166.home.pl\/wpsprint\/wp-content\/uploads\/2017\/07\/mentoring-zdalny1-1024x684.jpg","type":"","width":"","height":""}],"twitter_card":"summary_large_image","twitter_misc":{"Szacowany czas czytania":"1 minuta"},"schema":{"@context":"https:\/\/schema.org","@graph":[{"@type":"WebPage","@id":"https:\/\/sprintlogistyka.pl\/index.php\/kariera\/akademia-spedytora\/","url":"https:\/\/sprintlogistyka.pl\/index.php\/kariera\/akademia-spedytora\/","name":"Akademia spedytora - Sprint Logistyka","isPartOf":{"@id":"https:\/\/sprintlogistyka.pl\/#website"},"primaryImageOfPage":{"@id":"https:\/\/sprintlogistyka.pl\/index.php\/kariera\/akademia-spedytora\/#primaryimage"},"image":{"@id":"https:\/\/sprintlogistyka.pl\/index.php\/kariera\/akademia-spedytora\/#primaryimage"},"thumbnailUrl":"http:\/\/serwer1986166.home.pl\/wpsprint\/wp-content\/uploads\/2017\/07\/mentoring-zdalny1-1024x684.jpg","datePublished":"2017-07-25T10:59:13+00:00","dateModified":"2020-06-29T21:11:45+00:00","breadcrumb":{"@id":"https:\/\/sprintlogistyka.pl\/index.php\/kariera\/akademia-spedytora\/#breadcrumb"},"inLanguage":"pl-PL","potentialAction":[{"@type":"ReadAction","target":["https:\/\/sprintlogistyka.pl\/index.php\/kariera\/akademia-spedytora\/"]}]},{"@type":"ImageObject","inLanguage":"pl-PL","@id":"https:\/\/sprintlogistyka.pl\/index.php\/kariera\/akademia-spedytora\/#primaryimage","url":"http:\/\/serwer1986166.home.pl\/wpsprint\/wp-content\/uploads\/2017\/07\/mentoring-zdalny1-1024x684.jpg","contentUrl":"http:\/\/serwer1986166.home.pl\/wpsprint\/wp-content\/uploads\/2017\/07\/mentoring-zdalny1-1024x684.jpg"},{"@type":"BreadcrumbList","@id":"https:\/\/sprintlogistyka.pl\/index.php\/kariera\/akademia-spedytora\/#breadcrumb","itemListElement":[{"@type":"ListItem","position":1,"name":"Strona g\u0142\u00f3wna","item":"https:\/\/sprintlogistyka.pl\/"},{"@type":"ListItem","position":2,"name":"Kariera","item":"https:\/\/sprintlogistyka.pl\/index.php\/kariera\/"},{"@type":"ListItem","position":3,"name":"Akademia spedytora"}]},{"@type":"WebSite","@id":"https:\/\/sprintlogistyka.pl\/#website","url":"https:\/\/sprintlogistyka.pl\/","name":"Sprint Logistyka","description":"Transport drogowy krajowy i mi\u0119dzynarodowy","potentialAction":[{"@type":"SearchAction","target":{"@type":"EntryPoint","urlTemplate":"https:\/\/sprintlogistyka.pl\/?s={search_term_string}"},"query-input":{"@type":"PropertyValueSpecification","valueRequired":true,"valueName":"search_term_string"}}],"inLanguage":"pl-PL"}]}},"_links":{"self":[{"href":"https:\/\/sprintlogistyka.pl\/index.php\/wp-json\/wp\/v2\/pages\/242","targetHints":{"allow":["GET"]}}],"collection":[{"href":"https:\/\/sprintlogistyka.pl\/index.php\/wp-json\/wp\/v2\/pages"}],"about":[{"href":"https:\/\/sprintlogistyka.pl\/index.php\/wp-json\/wp\/v2\/types\/page"}],"author":[{"embeddable":true,"href":"https:\/\/sprintlogistyka.pl\/index.php\/wp-json\/wp\/v2\/users\/1"}],"replies":[{"embeddable":true,"href":"https:\/\/sprintlogistyka.pl\/index.php\/wp-json\/wp\/v2\/comments?post=242"}],"version-history":[{"count":22,"href":"https:\/\/sprintlogistyka.pl\/index.php\/wp-json\/wp\/v2\/pages\/242\/revisions"}],"predecessor-version":[{"id":1309,"href":"https:\/\/sprintlogistyka.pl\/index.php\/wp-json\/wp\/v2\/pages\/242\/revisions\/1309"}],"up":[{"embeddable":true,"href":"https:\/\/sprintlogistyka.pl\/index.php\/wp-json\/wp\/v2\/pages\/19"}],"wp:attachment":[{"href":"https:\/\/sprintlogistyka.pl\/index.php\/wp-json\/wp\/v2\/media?parent=242"}],"wp:term":[{"taxonomy":"post_tag","embeddable":true,"href":"https:\/\/sprintlogistyka.pl\/index.php\/wp-json\/wp\/v2\/tags?post=242"}],"curies":[{"name":"wp","href":"https:\/\/api.w.org\/{rel}","templated":true}]}}