{"id":237,"date":"2017-07-25T12:54:02","date_gmt":"2017-07-25T10:54:02","guid":{"rendered":"http:\/\/localhost:58016\/?page_id=237"},"modified":"2020-06-29T23:11:27","modified_gmt":"2020-06-29T21:11:27","slug":"akademia-lidera","status":"publish","type":"page","link":"https:\/\/sprintlogistyka.pl\/index.php\/kariera\/akademia-lidera\/","title":{"rendered":"Akademia lidera"},"content":{"rendered":"<h2>Akademia lidera<\/h2>\n<p><strong>W pa\u017adzierniku 2013 roku uruchomili\u015bmy projekt szkoleniowy o nazwie Akademia Lidera Sprint. Jest on skierowany do koordynator\u00f3w oddzia\u0142\u00f3w i ma na celu kompleksowy rozw\u00f3j kadry kierowniczej pionu operacyjnego poprzez cykliczne wzbogacanie i uaktualnianie wiedzy.<\/strong><\/p>\n<p>Program stworzony zosta\u0142 na podstawie realnych potrzeb jego uczestnik\u00f3w. Sami zainteresowani byli i s\u0105 tw\u00f3rcami temat\u00f3w poszczeg\u00f3lnych spotka\u0144. Dzi\u0119ki zastosowaniu takiego podej\u015bcia po\u015bwi\u0119cony czas jest efektywnie wykorzystywany, a uczestnicy maj\u0105 poczucie wzrostu w\u0142asnych kompetencji.<\/p>\n<p>Zaj\u0119cia przygotowywane s\u0105 przez renomowan\u0105 firm\u0119 szkoleniow\u0105, a ich przeprowadzenie poprzedzaj\u0105 rozmowy telefoniczne z poszczeg\u00f3lnymi uczestnikami. Koordynatorzy ka\u017cdorazowo oceniaj\u0105 jako\u015b\u0107 szkole\u0144 i spos\u00f3b ich przeprowadzenia przez konkretnego trenera. Decyduj\u0105 tak\u017ce o powierzeniu kolejnego modu\u0142u obecnemu partnerowi.<\/p>\n<div class=\"flex\">\n<div class=\"item\"><a data-size=\"1920x1281\" href=\"http:\/\/serwer1986166.home.pl\/wpsprint\/wp-content\/uploads\/2017\/07\/akademia-lidera1.jpg\"><img loading=\"lazy\" decoding=\"async\" class=\"alignnone wp-image-458 size-large\" src=\"http:\/\/serwer1986166.home.pl\/wpsprint\/wp-content\/uploads\/2017\/07\/akademia-lidera1-1024x683.jpg\" alt=\"Akademia Lidera Sprint\" width=\"1024\" height=\"683\" srcset=\"https:\/\/sprintlogistyka.pl\/wp-content\/uploads\/2017\/07\/akademia-lidera1-1024x683.jpg 1024w, https:\/\/sprintlogistyka.pl\/wp-content\/uploads\/2017\/07\/akademia-lidera1-300x200.jpg 300w, https:\/\/sprintlogistyka.pl\/wp-content\/uploads\/2017\/07\/akademia-lidera1-768x512.jpg 768w, https:\/\/sprintlogistyka.pl\/wp-content\/uploads\/2017\/07\/akademia-lidera1.jpg 1920w\" sizes=\"auto, (max-width: 1024px) 100vw, 1024px\" \/><\/a><\/div>\n<div class=\"item\"><a data-size=\"1920x1281\" href=\"http:\/\/serwer1986166.home.pl\/wpsprint\/wp-content\/uploads\/2017\/07\/akademia-lidera4.jpg\"><img loading=\"lazy\" decoding=\"async\" class=\"alignnone wp-image-459 size-large\" src=\"http:\/\/serwer1986166.home.pl\/wpsprint\/wp-content\/uploads\/2017\/07\/akademia-lidera4-1024x683.jpg\" alt=\"Akademia Lidera Sprint\" width=\"1024\" height=\"683\" srcset=\"https:\/\/sprintlogistyka.pl\/wp-content\/uploads\/2017\/07\/akademia-lidera4-1024x683.jpg 1024w, https:\/\/sprintlogistyka.pl\/wp-content\/uploads\/2017\/07\/akademia-lidera4-300x200.jpg 300w, https:\/\/sprintlogistyka.pl\/wp-content\/uploads\/2017\/07\/akademia-lidera4-768x512.jpg 768w, https:\/\/sprintlogistyka.pl\/wp-content\/uploads\/2017\/07\/akademia-lidera4.jpg 1920w\" sizes=\"auto, (max-width: 1024px) 100vw, 1024px\" \/><\/a><\/div>\n<div class=\"item\"><a data-size=\"1920x1281\" href=\"http:\/\/serwer1986166.home.pl\/wpsprint\/wp-content\/uploads\/2017\/07\/akademia-lidera3.jpg\"><img loading=\"lazy\" decoding=\"async\" class=\"alignnone wp-image-461 size-large\" src=\"http:\/\/serwer1986166.home.pl\/wpsprint\/wp-content\/uploads\/2017\/07\/akademia-lidera3-1024x683.jpg\" alt=\"Akademia Lidera Sprint\" width=\"1024\" height=\"683\" srcset=\"https:\/\/sprintlogistyka.pl\/wp-content\/uploads\/2017\/07\/akademia-lidera3-1024x683.jpg 1024w, https:\/\/sprintlogistyka.pl\/wp-content\/uploads\/2017\/07\/akademia-lidera3-300x200.jpg 300w, https:\/\/sprintlogistyka.pl\/wp-content\/uploads\/2017\/07\/akademia-lidera3-768x512.jpg 768w, https:\/\/sprintlogistyka.pl\/wp-content\/uploads\/2017\/07\/akademia-lidera3.jpg 1920w\" sizes=\"auto, (max-width: 1024px) 100vw, 1024px\" \/><\/a><\/div>\n<div class=\"item\"><a data-size=\"1920x1281\" href=\"http:\/\/serwer1986166.home.pl\/wpsprint\/wp-content\/uploads\/2017\/07\/akademia-lidera2.jpg\"><img loading=\"lazy\" decoding=\"async\" class=\"alignnone wp-image-462 size-large\" src=\"http:\/\/serwer1986166.home.pl\/wpsprint\/wp-content\/uploads\/2017\/07\/akademia-lidera2-1024x683.jpg\" alt=\"Akademia Lidera Sprint\" width=\"1024\" height=\"683\" srcset=\"https:\/\/sprintlogistyka.pl\/wp-content\/uploads\/2017\/07\/akademia-lidera2-1024x683.jpg 1024w, https:\/\/sprintlogistyka.pl\/wp-content\/uploads\/2017\/07\/akademia-lidera2-300x200.jpg 300w, https:\/\/sprintlogistyka.pl\/wp-content\/uploads\/2017\/07\/akademia-lidera2-768x512.jpg 768w, https:\/\/sprintlogistyka.pl\/wp-content\/uploads\/2017\/07\/akademia-lidera2.jpg 1920w\" sizes=\"auto, (max-width: 1024px) 100vw, 1024px\" \/><\/a><\/div>\n<\/div>\n","protected":false},"excerpt":{"rendered":"<p>Akademia lidera W pa\u017adzierniku 2013 roku uruchomili\u015bmy projekt szkoleniowy o nazwie Akademia Lidera Sprint. Jest on skierowany do koordynator\u00f3w oddzia\u0142\u00f3w i ma na celu kompleksowy rozw\u00f3j kadry kierowniczej pionu operacyjnego poprzez cykliczne wzbogacanie i uaktualnianie wiedzy. Program stworzony zosta\u0142 na podstawie realnych potrzeb jego uczestnik\u00f3w. Sami zainteresowani byli i s\u0105 tw\u00f3rcami temat\u00f3w poszczeg\u00f3lnych spotka\u0144. Dzi\u0119ki [&hellip;]<\/p>\n","protected":false},"author":1,"featured_media":0,"parent":19,"menu_order":0,"comment_status":"closed","ping_status":"closed","template":"","meta":{"_acf_changed":false,"footnotes":""},"tags":[],"class_list":["post-237","page","type-page","status-publish","hentry"],"acf":[],"yoast_head":"<!-- This site is optimized with the Yoast SEO plugin v27.6 - https:\/\/yoast.com\/product\/yoast-seo-wordpress\/ -->\n<title>Akademia lidera - Sprint Logistyka<\/title>\n<meta name=\"robots\" content=\"index, follow, max-snippet:-1, max-image-preview:large, max-video-preview:-1\" \/>\n<link rel=\"canonical\" href=\"https:\/\/sprintlogistyka.pl\/index.php\/kariera\/akademia-lidera\/\" \/>\n<meta property=\"og:locale\" content=\"pl_PL\" \/>\n<meta property=\"og:type\" content=\"article\" \/>\n<meta property=\"og:title\" content=\"Akademia lidera - Sprint Logistyka\" \/>\n<meta property=\"og:description\" content=\"Akademia lidera W pa\u017adzierniku 2013 roku uruchomili\u015bmy projekt szkoleniowy o nazwie Akademia Lidera Sprint. Jest on skierowany do koordynator\u00f3w oddzia\u0142\u00f3w i ma na celu kompleksowy rozw\u00f3j kadry kierowniczej pionu operacyjnego poprzez cykliczne wzbogacanie i uaktualnianie wiedzy. Program stworzony zosta\u0142 na podstawie realnych potrzeb jego uczestnik\u00f3w. Sami zainteresowani byli i s\u0105 tw\u00f3rcami temat\u00f3w poszczeg\u00f3lnych spotka\u0144. Dzi\u0119ki [&hellip;]\" \/>\n<meta property=\"og:url\" content=\"https:\/\/sprintlogistyka.pl\/index.php\/kariera\/akademia-lidera\/\" \/>\n<meta property=\"og:site_name\" content=\"Sprint Logistyka\" \/>\n<meta property=\"article:modified_time\" content=\"2020-06-29T21:11:27+00:00\" \/>\n<meta property=\"og:image\" content=\"http:\/\/serwer1986166.home.pl\/wpsprint\/wp-content\/uploads\/2017\/07\/akademia-lidera1-1024x683.jpg\" \/>\n<meta name=\"twitter:card\" content=\"summary_large_image\" \/>\n<meta name=\"twitter:label1\" content=\"Szacowany czas czytania\" \/>\n\t<meta name=\"twitter:data1\" content=\"1 minuta\" \/>\n<script type=\"application\/ld+json\" class=\"yoast-schema-graph\">{\"@context\":\"https:\\\/\\\/schema.org\",\"@graph\":[{\"@type\":\"WebPage\",\"@id\":\"https:\\\/\\\/sprintlogistyka.pl\\\/index.php\\\/kariera\\\/akademia-lidera\\\/\",\"url\":\"https:\\\/\\\/sprintlogistyka.pl\\\/index.php\\\/kariera\\\/akademia-lidera\\\/\",\"name\":\"Akademia lidera - Sprint Logistyka\",\"isPartOf\":{\"@id\":\"https:\\\/\\\/sprintlogistyka.pl\\\/#website\"},\"primaryImageOfPage\":{\"@id\":\"https:\\\/\\\/sprintlogistyka.pl\\\/index.php\\\/kariera\\\/akademia-lidera\\\/#primaryimage\"},\"image\":{\"@id\":\"https:\\\/\\\/sprintlogistyka.pl\\\/index.php\\\/kariera\\\/akademia-lidera\\\/#primaryimage\"},\"thumbnailUrl\":\"http:\\\/\\\/serwer1986166.home.pl\\\/wpsprint\\\/wp-content\\\/uploads\\\/2017\\\/07\\\/akademia-lidera1-1024x683.jpg\",\"datePublished\":\"2017-07-25T10:54:02+00:00\",\"dateModified\":\"2020-06-29T21:11:27+00:00\",\"breadcrumb\":{\"@id\":\"https:\\\/\\\/sprintlogistyka.pl\\\/index.php\\\/kariera\\\/akademia-lidera\\\/#breadcrumb\"},\"inLanguage\":\"pl-PL\",\"potentialAction\":[{\"@type\":\"ReadAction\",\"target\":[\"https:\\\/\\\/sprintlogistyka.pl\\\/index.php\\\/kariera\\\/akademia-lidera\\\/\"]}]},{\"@type\":\"ImageObject\",\"inLanguage\":\"pl-PL\",\"@id\":\"https:\\\/\\\/sprintlogistyka.pl\\\/index.php\\\/kariera\\\/akademia-lidera\\\/#primaryimage\",\"url\":\"http:\\\/\\\/serwer1986166.home.pl\\\/wpsprint\\\/wp-content\\\/uploads\\\/2017\\\/07\\\/akademia-lidera1-1024x683.jpg\",\"contentUrl\":\"http:\\\/\\\/serwer1986166.home.pl\\\/wpsprint\\\/wp-content\\\/uploads\\\/2017\\\/07\\\/akademia-lidera1-1024x683.jpg\"},{\"@type\":\"BreadcrumbList\",\"@id\":\"https:\\\/\\\/sprintlogistyka.pl\\\/index.php\\\/kariera\\\/akademia-lidera\\\/#breadcrumb\",\"itemListElement\":[{\"@type\":\"ListItem\",\"position\":1,\"name\":\"Strona g\u0142\u00f3wna\",\"item\":\"https:\\\/\\\/sprintlogistyka.pl\\\/\"},{\"@type\":\"ListItem\",\"position\":2,\"name\":\"Kariera\",\"item\":\"https:\\\/\\\/sprintlogistyka.pl\\\/index.php\\\/kariera\\\/\"},{\"@type\":\"ListItem\",\"position\":3,\"name\":\"Akademia lidera\"}]},{\"@type\":\"WebSite\",\"@id\":\"https:\\\/\\\/sprintlogistyka.pl\\\/#website\",\"url\":\"https:\\\/\\\/sprintlogistyka.pl\\\/\",\"name\":\"Sprint Logistyka\",\"description\":\"Transport drogowy krajowy i mi\u0119dzynarodowy\",\"potentialAction\":[{\"@type\":\"SearchAction\",\"target\":{\"@type\":\"EntryPoint\",\"urlTemplate\":\"https:\\\/\\\/sprintlogistyka.pl\\\/?s={search_term_string}\"},\"query-input\":{\"@type\":\"PropertyValueSpecification\",\"valueRequired\":true,\"valueName\":\"search_term_string\"}}],\"inLanguage\":\"pl-PL\"}]}<\/script>\n<!-- \/ Yoast SEO plugin. -->","yoast_head_json":{"title":"Akademia lidera - Sprint Logistyka","robots":{"index":"index","follow":"follow","max-snippet":"max-snippet:-1","max-image-preview":"max-image-preview:large","max-video-preview":"max-video-preview:-1"},"canonical":"https:\/\/sprintlogistyka.pl\/index.php\/kariera\/akademia-lidera\/","og_locale":"pl_PL","og_type":"article","og_title":"Akademia lidera - Sprint Logistyka","og_description":"Akademia lidera W pa\u017adzierniku 2013 roku uruchomili\u015bmy projekt szkoleniowy o nazwie Akademia Lidera Sprint. Jest on skierowany do koordynator\u00f3w oddzia\u0142\u00f3w i ma na celu kompleksowy rozw\u00f3j kadry kierowniczej pionu operacyjnego poprzez cykliczne wzbogacanie i uaktualnianie wiedzy. Program stworzony zosta\u0142 na podstawie realnych potrzeb jego uczestnik\u00f3w. Sami zainteresowani byli i s\u0105 tw\u00f3rcami temat\u00f3w poszczeg\u00f3lnych spotka\u0144. Dzi\u0119ki [&hellip;]","og_url":"https:\/\/sprintlogistyka.pl\/index.php\/kariera\/akademia-lidera\/","og_site_name":"Sprint Logistyka","article_modified_time":"2020-06-29T21:11:27+00:00","og_image":[{"url":"http:\/\/serwer1986166.home.pl\/wpsprint\/wp-content\/uploads\/2017\/07\/akademia-lidera1-1024x683.jpg","type":"","width":"","height":""}],"twitter_card":"summary_large_image","twitter_misc":{"Szacowany czas czytania":"1 minuta"},"schema":{"@context":"https:\/\/schema.org","@graph":[{"@type":"WebPage","@id":"https:\/\/sprintlogistyka.pl\/index.php\/kariera\/akademia-lidera\/","url":"https:\/\/sprintlogistyka.pl\/index.php\/kariera\/akademia-lidera\/","name":"Akademia lidera - Sprint Logistyka","isPartOf":{"@id":"https:\/\/sprintlogistyka.pl\/#website"},"primaryImageOfPage":{"@id":"https:\/\/sprintlogistyka.pl\/index.php\/kariera\/akademia-lidera\/#primaryimage"},"image":{"@id":"https:\/\/sprintlogistyka.pl\/index.php\/kariera\/akademia-lidera\/#primaryimage"},"thumbnailUrl":"http:\/\/serwer1986166.home.pl\/wpsprint\/wp-content\/uploads\/2017\/07\/akademia-lidera1-1024x683.jpg","datePublished":"2017-07-25T10:54:02+00:00","dateModified":"2020-06-29T21:11:27+00:00","breadcrumb":{"@id":"https:\/\/sprintlogistyka.pl\/index.php\/kariera\/akademia-lidera\/#breadcrumb"},"inLanguage":"pl-PL","potentialAction":[{"@type":"ReadAction","target":["https:\/\/sprintlogistyka.pl\/index.php\/kariera\/akademia-lidera\/"]}]},{"@type":"ImageObject","inLanguage":"pl-PL","@id":"https:\/\/sprintlogistyka.pl\/index.php\/kariera\/akademia-lidera\/#primaryimage","url":"http:\/\/serwer1986166.home.pl\/wpsprint\/wp-content\/uploads\/2017\/07\/akademia-lidera1-1024x683.jpg","contentUrl":"http:\/\/serwer1986166.home.pl\/wpsprint\/wp-content\/uploads\/2017\/07\/akademia-lidera1-1024x683.jpg"},{"@type":"BreadcrumbList","@id":"https:\/\/sprintlogistyka.pl\/index.php\/kariera\/akademia-lidera\/#breadcrumb","itemListElement":[{"@type":"ListItem","position":1,"name":"Strona g\u0142\u00f3wna","item":"https:\/\/sprintlogistyka.pl\/"},{"@type":"ListItem","position":2,"name":"Kariera","item":"https:\/\/sprintlogistyka.pl\/index.php\/kariera\/"},{"@type":"ListItem","position":3,"name":"Akademia lidera"}]},{"@type":"WebSite","@id":"https:\/\/sprintlogistyka.pl\/#website","url":"https:\/\/sprintlogistyka.pl\/","name":"Sprint Logistyka","description":"Transport drogowy krajowy i mi\u0119dzynarodowy","potentialAction":[{"@type":"SearchAction","target":{"@type":"EntryPoint","urlTemplate":"https:\/\/sprintlogistyka.pl\/?s={search_term_string}"},"query-input":{"@type":"PropertyValueSpecification","valueRequired":true,"valueName":"search_term_string"}}],"inLanguage":"pl-PL"}]}},"_links":{"self":[{"href":"https:\/\/sprintlogistyka.pl\/index.php\/wp-json\/wp\/v2\/pages\/237","targetHints":{"allow":["GET"]}}],"collection":[{"href":"https:\/\/sprintlogistyka.pl\/index.php\/wp-json\/wp\/v2\/pages"}],"about":[{"href":"https:\/\/sprintlogistyka.pl\/index.php\/wp-json\/wp\/v2\/types\/page"}],"author":[{"embeddable":true,"href":"https:\/\/sprintlogistyka.pl\/index.php\/wp-json\/wp\/v2\/users\/1"}],"replies":[{"embeddable":true,"href":"https:\/\/sprintlogistyka.pl\/index.php\/wp-json\/wp\/v2\/comments?post=237"}],"version-history":[{"count":16,"href":"https:\/\/sprintlogistyka.pl\/index.php\/wp-json\/wp\/v2\/pages\/237\/revisions"}],"predecessor-version":[{"id":1300,"href":"https:\/\/sprintlogistyka.pl\/index.php\/wp-json\/wp\/v2\/pages\/237\/revisions\/1300"}],"up":[{"embeddable":true,"href":"https:\/\/sprintlogistyka.pl\/index.php\/wp-json\/wp\/v2\/pages\/19"}],"wp:attachment":[{"href":"https:\/\/sprintlogistyka.pl\/index.php\/wp-json\/wp\/v2\/media?parent=237"}],"wp:term":[{"taxonomy":"post_tag","embeddable":true,"href":"https:\/\/sprintlogistyka.pl\/index.php\/wp-json\/wp\/v2\/tags?post=237"}],"curies":[{"name":"wp","href":"https:\/\/api.w.org\/{rel}","templated":true}]}}