{"id":21,"date":"2017-07-17T12:09:58","date_gmt":"2017-07-17T10:09:58","guid":{"rendered":"http:\/\/localhost:58016\/?page_id=21"},"modified":"2023-08-11T16:11:37","modified_gmt":"2023-08-11T14:11:37","slug":"o-nas","status":"publish","type":"page","link":"https:\/\/sprintlogistyka.pl\/index.php\/o-nas\/","title":{"rendered":"O nas"},"content":{"rendered":"<h2>Kilka s\u0142\u00f3w o nas i naszej pracy<\/h2>\n<p><strong>Zaufali nam najwi\u0119ksi! P\u00f3jd\u017a w ich \u015blady! Grupa Kapita\u0142owa Sprint z powodzeniem zdobywa rynki od 2003 roku. Specjalizujemy si\u0119 w transporcie drogowym, krajowym i mi\u0119dzynarodowym.<br \/>\n<\/strong><\/p>\n<p>Podstaw\u0105 naszej dzia\u0142alno\u015bci s\u0105 drogowe transporty ca\u0142opojazdowe. Maj\u0105c na uwadze potrzeby naszych Klient\u00f3w, realizujemy do\u0142adunki, a tak\u017ce przesy\u0142ki drobnicowe na terenie kraju i Europy.<\/p>\n<p>Do perfekcji opanowali\u015bmy realizacj\u0119 zlece\u0144 wymagaj\u0105cych obrotu paletami. W tej materii posiadamy d\u0142ugoletnie do\u015bwiadczenie poparte satysfakcj\u0105 i referencjami wielu zadowolonych Klient\u00f3w.<\/p>\n<p>Bezpiecze\u0144stwo powierzonych nam \u0142adunk\u00f3w jest dla nas priorytetem. Dlatego posiadamy jedne z najlepszych polis ubezpieczeniowych z odpowiednio wysokimi sumami gwarancyjnymi. Dzia\u0142amy w du\u017cej mierze na podstawie d\u0142ugookresowych um\u00f3w z przewo\u017anikami o ugruntowanej pozycji rynkowej, co dodatkowo wp\u0142ywa na bezpiecze\u0144stwo i terminowo\u015b\u0107 dostaw powierzanego mienia.<\/p>\n<p>Posiadamy nieustannie powi\u0119kszane i modernizowane zaplecze transportowe. W jego sk\u0142ad wchodz\u0105 pojazdy typu:<\/p>\n<ul>\n<li>zestawy standardowe 13,6 m,<\/li>\n<li>tandemy,<\/li>\n<li>zestawy z naczepami typu Mega,<\/li>\n<li>busy,<\/li>\n<li>zestawy z naczepami wyposa\u017conymi w pe\u0142nowymiarowe kosze paletowe.<\/li>\n<\/ul>\n<p>\u015awiadczone przez nas us\u0142ugi wyr\u00f3\u017cniaj\u0105 si\u0119 najwy\u017cszymi standardami jako\u015bci, co potwierdzaj\u0105 otrzymane przez nas laury i certyfikaty. Nad prawid\u0142owym przebiegiem procesu logistycznego czuwaj\u0105 zaanga\u017cowani i kompetentni spedytorzy dedykowani poszczeg\u00f3lnym Klientom.<\/p>\n<p>Z zaanga\u017cowaniem i otwarto\u015bci\u0105 na potrzeby naszych Klient\u00f3w planujemy i realizujemy wszelkie przedsi\u0119wzi\u0119cia z zakresu transportu i logistyki.<\/p>\n<p>Masz \u0142adunek? Powierz go nam! <a href=\"http:\/\/serwer1986166.home.pl\/wpsprint\/index.php\/kontakt\/\"><strong>Wy\u015blij zapytanie<\/strong><\/a>.<\/p>\n<p>Z \u017cyczeniami owocnej wsp\u00f3\u0142pracy<br \/>\nZesp\u00f3\u0142 Sprint Logistyka Polska<\/p>\n","protected":false},"excerpt":{"rendered":"<p>Kilka s\u0142\u00f3w o nas i naszej pracy Zaufali nam najwi\u0119ksi! P\u00f3jd\u017a w ich \u015blady! Grupa Kapita\u0142owa Sprint z powodzeniem zdobywa rynki od 2003 roku. Specjalizujemy si\u0119 w transporcie drogowym, krajowym i mi\u0119dzynarodowym. Podstaw\u0105 naszej dzia\u0142alno\u015bci s\u0105 drogowe transporty ca\u0142opojazdowe. Maj\u0105c na uwadze potrzeby naszych Klient\u00f3w, realizujemy do\u0142adunki, a tak\u017ce przesy\u0142ki drobnicowe na terenie kraju i [&hellip;]<\/p>\n","protected":false},"author":1,"featured_media":0,"parent":0,"menu_order":0,"comment_status":"closed","ping_status":"closed","template":"","meta":{"_acf_changed":false,"footnotes":""},"tags":[],"class_list":["post-21","page","type-page","status-publish","hentry"],"acf":[],"yoast_head":"<!-- This site is optimized with the Yoast SEO plugin v27.4 - https:\/\/yoast.com\/product\/yoast-seo-wordpress\/ -->\n<title>O nas - Sprint Logistyka<\/title>\n<meta name=\"robots\" content=\"index, follow, max-snippet:-1, max-image-preview:large, max-video-preview:-1\" \/>\n<link rel=\"canonical\" href=\"https:\/\/sprintlogistyka.pl\/index.php\/o-nas\/\" \/>\n<meta property=\"og:locale\" content=\"pl_PL\" \/>\n<meta property=\"og:type\" content=\"article\" \/>\n<meta property=\"og:title\" content=\"O nas - Sprint Logistyka\" \/>\n<meta property=\"og:description\" content=\"Kilka s\u0142\u00f3w o nas i naszej pracy Zaufali nam najwi\u0119ksi! P\u00f3jd\u017a w ich \u015blady! Grupa Kapita\u0142owa Sprint z powodzeniem zdobywa rynki od 2003 roku. Specjalizujemy si\u0119 w transporcie drogowym, krajowym i mi\u0119dzynarodowym. Podstaw\u0105 naszej dzia\u0142alno\u015bci s\u0105 drogowe transporty ca\u0142opojazdowe. Maj\u0105c na uwadze potrzeby naszych Klient\u00f3w, realizujemy do\u0142adunki, a tak\u017ce przesy\u0142ki drobnicowe na terenie kraju i [&hellip;]\" \/>\n<meta property=\"og:url\" content=\"https:\/\/sprintlogistyka.pl\/index.php\/o-nas\/\" \/>\n<meta property=\"og:site_name\" content=\"Sprint Logistyka\" \/>\n<meta property=\"article:modified_time\" content=\"2023-08-11T14:11:37+00:00\" \/>\n<meta name=\"twitter:card\" content=\"summary_large_image\" \/>\n<meta name=\"twitter:label1\" content=\"Szacowany czas czytania\" \/>\n\t<meta name=\"twitter:data1\" content=\"2 minuty\" \/>\n<script type=\"application\/ld+json\" class=\"yoast-schema-graph\">{\"@context\":\"https:\\\/\\\/schema.org\",\"@graph\":[{\"@type\":\"WebPage\",\"@id\":\"https:\\\/\\\/sprintlogistyka.pl\\\/index.php\\\/o-nas\\\/\",\"url\":\"https:\\\/\\\/sprintlogistyka.pl\\\/index.php\\\/o-nas\\\/\",\"name\":\"O nas - Sprint Logistyka\",\"isPartOf\":{\"@id\":\"https:\\\/\\\/sprintlogistyka.pl\\\/#website\"},\"datePublished\":\"2017-07-17T10:09:58+00:00\",\"dateModified\":\"2023-08-11T14:11:37+00:00\",\"breadcrumb\":{\"@id\":\"https:\\\/\\\/sprintlogistyka.pl\\\/index.php\\\/o-nas\\\/#breadcrumb\"},\"inLanguage\":\"pl-PL\",\"potentialAction\":[{\"@type\":\"ReadAction\",\"target\":[\"https:\\\/\\\/sprintlogistyka.pl\\\/index.php\\\/o-nas\\\/\"]}]},{\"@type\":\"BreadcrumbList\",\"@id\":\"https:\\\/\\\/sprintlogistyka.pl\\\/index.php\\\/o-nas\\\/#breadcrumb\",\"itemListElement\":[{\"@type\":\"ListItem\",\"position\":1,\"name\":\"Strona g\u0142\u00f3wna\",\"item\":\"https:\\\/\\\/sprintlogistyka.pl\\\/\"},{\"@type\":\"ListItem\",\"position\":2,\"name\":\"O nas\"}]},{\"@type\":\"WebSite\",\"@id\":\"https:\\\/\\\/sprintlogistyka.pl\\\/#website\",\"url\":\"https:\\\/\\\/sprintlogistyka.pl\\\/\",\"name\":\"Sprint Logistyka\",\"description\":\"Transport drogowy krajowy i mi\u0119dzynarodowy\",\"potentialAction\":[{\"@type\":\"SearchAction\",\"target\":{\"@type\":\"EntryPoint\",\"urlTemplate\":\"https:\\\/\\\/sprintlogistyka.pl\\\/?s={search_term_string}\"},\"query-input\":{\"@type\":\"PropertyValueSpecification\",\"valueRequired\":true,\"valueName\":\"search_term_string\"}}],\"inLanguage\":\"pl-PL\"}]}<\/script>\n<!-- \/ Yoast SEO plugin. -->","yoast_head_json":{"title":"O nas - Sprint Logistyka","robots":{"index":"index","follow":"follow","max-snippet":"max-snippet:-1","max-image-preview":"max-image-preview:large","max-video-preview":"max-video-preview:-1"},"canonical":"https:\/\/sprintlogistyka.pl\/index.php\/o-nas\/","og_locale":"pl_PL","og_type":"article","og_title":"O nas - Sprint Logistyka","og_description":"Kilka s\u0142\u00f3w o nas i naszej pracy Zaufali nam najwi\u0119ksi! P\u00f3jd\u017a w ich \u015blady! Grupa Kapita\u0142owa Sprint z powodzeniem zdobywa rynki od 2003 roku. Specjalizujemy si\u0119 w transporcie drogowym, krajowym i mi\u0119dzynarodowym. Podstaw\u0105 naszej dzia\u0142alno\u015bci s\u0105 drogowe transporty ca\u0142opojazdowe. Maj\u0105c na uwadze potrzeby naszych Klient\u00f3w, realizujemy do\u0142adunki, a tak\u017ce przesy\u0142ki drobnicowe na terenie kraju i [&hellip;]","og_url":"https:\/\/sprintlogistyka.pl\/index.php\/o-nas\/","og_site_name":"Sprint Logistyka","article_modified_time":"2023-08-11T14:11:37+00:00","twitter_card":"summary_large_image","twitter_misc":{"Szacowany czas czytania":"2 minuty"},"schema":{"@context":"https:\/\/schema.org","@graph":[{"@type":"WebPage","@id":"https:\/\/sprintlogistyka.pl\/index.php\/o-nas\/","url":"https:\/\/sprintlogistyka.pl\/index.php\/o-nas\/","name":"O nas - Sprint Logistyka","isPartOf":{"@id":"https:\/\/sprintlogistyka.pl\/#website"},"datePublished":"2017-07-17T10:09:58+00:00","dateModified":"2023-08-11T14:11:37+00:00","breadcrumb":{"@id":"https:\/\/sprintlogistyka.pl\/index.php\/o-nas\/#breadcrumb"},"inLanguage":"pl-PL","potentialAction":[{"@type":"ReadAction","target":["https:\/\/sprintlogistyka.pl\/index.php\/o-nas\/"]}]},{"@type":"BreadcrumbList","@id":"https:\/\/sprintlogistyka.pl\/index.php\/o-nas\/#breadcrumb","itemListElement":[{"@type":"ListItem","position":1,"name":"Strona g\u0142\u00f3wna","item":"https:\/\/sprintlogistyka.pl\/"},{"@type":"ListItem","position":2,"name":"O nas"}]},{"@type":"WebSite","@id":"https:\/\/sprintlogistyka.pl\/#website","url":"https:\/\/sprintlogistyka.pl\/","name":"Sprint Logistyka","description":"Transport drogowy krajowy i mi\u0119dzynarodowy","potentialAction":[{"@type":"SearchAction","target":{"@type":"EntryPoint","urlTemplate":"https:\/\/sprintlogistyka.pl\/?s={search_term_string}"},"query-input":{"@type":"PropertyValueSpecification","valueRequired":true,"valueName":"search_term_string"}}],"inLanguage":"pl-PL"}]}},"_links":{"self":[{"href":"https:\/\/sprintlogistyka.pl\/index.php\/wp-json\/wp\/v2\/pages\/21","targetHints":{"allow":["GET"]}}],"collection":[{"href":"https:\/\/sprintlogistyka.pl\/index.php\/wp-json\/wp\/v2\/pages"}],"about":[{"href":"https:\/\/sprintlogistyka.pl\/index.php\/wp-json\/wp\/v2\/types\/page"}],"author":[{"embeddable":true,"href":"https:\/\/sprintlogistyka.pl\/index.php\/wp-json\/wp\/v2\/users\/1"}],"replies":[{"embeddable":true,"href":"https:\/\/sprintlogistyka.pl\/index.php\/wp-json\/wp\/v2\/comments?post=21"}],"version-history":[{"count":19,"href":"https:\/\/sprintlogistyka.pl\/index.php\/wp-json\/wp\/v2\/pages\/21\/revisions"}],"predecessor-version":[{"id":1696,"href":"https:\/\/sprintlogistyka.pl\/index.php\/wp-json\/wp\/v2\/pages\/21\/revisions\/1696"}],"wp:attachment":[{"href":"https:\/\/sprintlogistyka.pl\/index.php\/wp-json\/wp\/v2\/media?parent=21"}],"wp:term":[{"taxonomy":"post_tag","embeddable":true,"href":"https:\/\/sprintlogistyka.pl\/index.php\/wp-json\/wp\/v2\/tags?post=21"}],"curies":[{"name":"wp","href":"https:\/\/api.w.org\/{rel}","templated":true}]}}