{"id":17,"date":"2017-07-17T12:09:34","date_gmt":"2017-07-17T10:09:34","guid":{"rendered":"http:\/\/localhost:58016\/?page_id=17"},"modified":"2024-09-24T16:52:58","modified_gmt":"2024-09-24T14:52:58","slug":"jakosc","status":"publish","type":"page","link":"https:\/\/sprintlogistyka.pl\/index.php\/jakosc\/","title":{"rendered":"Jako\u015b\u0107"},"content":{"rendered":"<h2>Jako\u015b\u0107<\/h2>\n<div class=\"flex\">\n<div class=\"item\">\n<div class=\"figure\"><img loading=\"lazy\" decoding=\"async\" class=\"alignnone size-full wp-image-597\" src=\"https:\/\/sprintlogistyka.pl\/wp-content\/uploads\/2017\/07\/certified.png\" alt=\"\" width=\"325\" height=\"266\" srcset=\"https:\/\/sprintlogistyka.pl\/wp-content\/uploads\/2017\/07\/certified.png 325w, https:\/\/sprintlogistyka.pl\/wp-content\/uploads\/2017\/07\/certified-300x246.png 300w\" sizes=\"auto, (max-width: 325px) 100vw, 325px\" \/><\/div>\n<p><strong>Firma Sprint od pocz\u0105tku swojej dzia\u0142alno\u015bci k\u0142adzie nacisk na jako\u015b\u0107 wykonywanych us\u0142ug.<\/strong><\/p>\n<p>Nasi partnerzy stanowi\u0105 wyselekcjonowan\u0105 grup\u0119, kt\u00f3ra bardzo dobrze zna zasady pracy na rynku transportowym, ch\u0119tnie korzysta z udzielonych wskaz\u00f3wek, a tak\u017ce w pe\u0142ni rozumie potrzeby naszych Klient\u00f3w.<\/p>\n<p>Nasi partnerzy posiadaj\u0105 odpowiednie zezwolenia, licencje oraz polisy, kt\u00f3re na bie\u017c\u0105co sprawdzane s\u0105 przez spedytor\u00f3w w firmie Sprint.<\/p>\n<p>W celu uzyskania najwy\u017cszego poziomu obs\u0142ugi, przy jednoczesnym zminimalizowaniu czasu jej trwania, pe\u0142n\u0105 analiz\u0105 dokumentacji transportowo-spedycyjnej zajmuje si\u0119 oddzielny dzia\u0142 administracji, sk\u0142adaj\u0105cy si\u0119 z odpowiednio wyszkolonych i przygotowanych os\u00f3b.<\/p>\n<\/div>\n<div class=\"item\">\n<div class=\"figure\"><img loading=\"lazy\" decoding=\"async\" class=\"alignnone wp-image-692 size-large\" src=\"https:\/\/sprintlogistyka.pl\/wp-content\/uploads\/2017\/07\/gazele-biznesu-1024x683.jpg\" alt=\"Gazele Biznesu\" width=\"1024\" height=\"683\" srcset=\"https:\/\/sprintlogistyka.pl\/wp-content\/uploads\/2017\/07\/gazele-biznesu-1024x683.jpg 1024w, https:\/\/sprintlogistyka.pl\/wp-content\/uploads\/2017\/07\/gazele-biznesu-300x200.jpg 300w, https:\/\/sprintlogistyka.pl\/wp-content\/uploads\/2017\/07\/gazele-biznesu-768x512.jpg 768w, https:\/\/sprintlogistyka.pl\/wp-content\/uploads\/2017\/07\/gazele-biznesu.jpg 1140w\" sizes=\"auto, (max-width: 1024px) 100vw, 1024px\" \/><\/div>\n<p><strong>Ju\u017c kolejny raz z rz\u0119du Sprint otrzyma\u0142 Gazel\u0119 Biznesu, wyr\u00f3\u017cnienie dla najszybciej rozwijaj\u0105cych si\u0119 przedsi\u0119biorstw.<\/strong><\/p>\n<p>Lata ci\u0119\u017ckiej pracy ca\u0142ego Zespo\u0142u owocuj\u0105 ci\u0105g\u0142ym wzrostem wielko\u015bci biznesu. Ta niezmienno\u015b\u0107 trendu le\u017cy u podstaw przyznania w tym roku naszej firmie &#8211; r\u00f3wnie\u017c wyj\u0105tkowej i jedynej w wojew\u00f3dztwie &#8211; nagrody Super Gazela Biznesu.<\/p>\n<\/div>\n<\/div>\n<h2>Certyfikaty<\/h2>\n<div class=\"flex\">\n<div class=\"item\"><a href=\"https:\/\/sprintlogistyka.pl\/wp-content\/uploads\/2021\/07\/iso-2021.png\" data-size=\"800x1105\"><img loading=\"lazy\" decoding=\"async\" class=\"alignnone size-medium wp-image-949\" src=\"https:\/\/sprintlogistyka.pl\/wp-content\/uploads\/2021\/07\/iso-2021.png\" alt=\"certyfikat iso\" width=\"217\" height=\"300\" \/><\/a><\/div>\n<div class=\"item\">\n<h3><small><span class=\"color-primary\">Certyfikat<\/span><\/small> ISO 9001:2015<\/h3>\n<p>ISO 9001 to mi\u0119dzynarodowy standard biznesowy. ISO 9001 zmniejsza koszty operacyjne, zwi\u0119ksza produktywno\u015b\u0107 w certyfikowanej instytucji. Zawiera kryteria dokumentacji, wdro\u017cenia i okre\u015bla ryzyko maj\u0105ce wp\u0142yw na mo\u017cliwo\u015b\u0107 osi\u0105gania cel\u00f3w jako\u015bciowych.<\/p>\n<\/div>\n<div class=\"item\"><a href=\"https:\/\/sprintlogistyka.pl\/wp-content\/uploads\/2018\/04\/certyfikat-odpowiedzialnego-przedsiebiorcy.jpg\" data-size=\"800x1105\"><img loading=\"lazy\" decoding=\"async\" class=\"alignnone size-medium wp-image-949\" src=\"https:\/\/sprintlogistyka.pl\/wp-content\/uploads\/2018\/04\/certyfikat-odpowiedzialnego-przedsiebiorcy-217x300.jpg\" alt=\"certyfikat odpowiedzialnego przedsiebiorcy\" width=\"217\" height=\"300\" srcset=\"https:\/\/sprintlogistyka.pl\/wp-content\/uploads\/2018\/04\/certyfikat-odpowiedzialnego-przedsiebiorcy-217x300.jpg 217w, https:\/\/sprintlogistyka.pl\/wp-content\/uploads\/2018\/04\/certyfikat-odpowiedzialnego-przedsiebiorcy-768x1061.jpg 768w, https:\/\/sprintlogistyka.pl\/wp-content\/uploads\/2018\/04\/certyfikat-odpowiedzialnego-przedsiebiorcy-741x1024.jpg 741w, https:\/\/sprintlogistyka.pl\/wp-content\/uploads\/2018\/04\/certyfikat-odpowiedzialnego-przedsiebiorcy.jpg 800w\" sizes=\"auto, (max-width: 217px) 100vw, 217px\" \/><\/a><\/div>\n<div class=\"item\">\n<h3><small><span class=\"color-primary\">Certyfikat<\/span><\/small> Odpowiedzialnego Przedsi\u0119biorcy<\/h3>\n<p>Certyfikat Odpowiedzialnego Przedsi\u0119biorcy przyznawany jest firmom, kt\u00f3re aktywnie dzia\u0142aj\u0105 na rzecz budowania spo\u0142ecznej odpowiedzialno\u015bci biznesu, a tak\u017ce stosuj\u0105 si\u0119 do najwy\u017cszych standard\u00f3w dba\u0142o\u015bci o \u015brodowisko naturalne, poprzez rozs\u0105dne zarz\u0105dzanie zu\u017cytym sprz\u0119tem elektronicznym.<\/p>\n<\/div>\n<div class=\"item\"><a href=\"https:\/\/sprintlogistyka.pl\/wp-content\/uploads\/2017\/07\/certyfikat-epal.png\" data-size=\"600x849\"><img loading=\"lazy\" decoding=\"async\" class=\"alignnone size-medium wp-image-609\" src=\"https:\/\/sprintlogistyka.pl\/wp-content\/uploads\/2017\/07\/certyfikat-epal-212x300.png\" alt=\"\" width=\"212\" height=\"300\" srcset=\"https:\/\/sprintlogistyka.pl\/wp-content\/uploads\/2017\/07\/certyfikat-epal-212x300.png 212w, https:\/\/sprintlogistyka.pl\/wp-content\/uploads\/2017\/07\/certyfikat-epal.png 600w\" sizes=\"auto, (max-width: 212px) 100vw, 212px\" \/><\/a><\/div>\n<div class=\"item\">\n<h3><small><span class=\"color-primary\">Certyfikat<\/span><\/small>EPAL<\/h3>\n<p>Mamy przyjemno\u015b\u0107 poinformowa\u0107, \u017ce firma Sprint zdoby\u0142a certyfikat EPAL z zakresu standardu palet EPAL i EURO.<\/p>\n<\/div>\n<div class=\"item\"><a href=\"https:\/\/sprintlogistyka.pl\/wp-content\/uploads\/2017\/07\/certyfikat-fiat.jpg\" data-size=\"685x1024\"><img loading=\"lazy\" decoding=\"async\" class=\"alignnone wp-image-601 size-medium\" src=\"https:\/\/sprintlogistyka.pl\/wp-content\/uploads\/2017\/07\/certyfikat-fiat-201x300.jpg\" alt=\"\" width=\"201\" height=\"300\" srcset=\"https:\/\/sprintlogistyka.pl\/wp-content\/uploads\/2017\/07\/certyfikat-fiat-201x300.jpg 201w, https:\/\/sprintlogistyka.pl\/wp-content\/uploads\/2017\/07\/certyfikat-fiat.jpg 685w\" sizes=\"auto, (max-width: 201px) 100vw, 201px\" \/><\/a><\/div>\n<div class=\"item\">\n<h3><small><span class=\"color-primary\">Certyfikat<\/span><\/small> Fiata Diploma<\/h3>\n<p>Klient zawsze powinien mie\u0107 zapewnion\u0105 profesjonaln\u0105 pomoc. W tym w\u0142a\u015bnie celu nasi Pracownicy operacyjni oraz menad\u017cerowie uczestnicz\u0105 w cyklicznych szkoleniach. Najlepszym potwierdzeniem zdobytej wiedzy jest presti\u017cowy certyfikat FIATA, kt\u00f3ry dokumentuje posiadanie doskona\u0142ych wiadomo\u015bci z zakresu logistyki.<\/p>\n<\/div>\n<div class=\"item\"><a href=\"http:\/\/sprintlogistyka.pl\/wp-content\/uploads\/2017\/07\/certyfikat-rzetelnego-przewoznika.jpg\" data-size=\"723x1023\"><img loading=\"lazy\" decoding=\"async\" class=\"alignnone wp-image-603 size-medium\" src=\"http:\/\/sprintlogistyka.pl\/wp-content\/uploads\/2017\/07\/certyfikat-rzetelnego-przewoznika-212x300.jpg\" alt=\"Certyfikat Rzetelnego Przewoznika\" width=\"212\" height=\"300\" srcset=\"https:\/\/sprintlogistyka.pl\/wp-content\/uploads\/2017\/07\/certyfikat-rzetelnego-przewoznika-212x300.jpg 212w, https:\/\/sprintlogistyka.pl\/wp-content\/uploads\/2017\/07\/certyfikat-rzetelnego-przewoznika.jpg 723w\" sizes=\"auto, (max-width: 212px) 100vw, 212px\" \/><\/a><\/div>\n<div class=\"item\">\n<h3><small><span class=\"color-primary\">Certyfikat<\/span><\/small> Rzetelnego Przewo\u017anika<\/h3>\n<p>W listopadzie 2010 roku firma Sprint uzyska\u0142a Certyfikat Rzetelnego Przewo\u017anika numer 14848. Tym samym udowodnili\u015bmy, \u017ce jeste\u015bmy uczciw\u0105, kompetentn\u0105 i wiarygodn\u0105 firm\u0105, a nasi Klienci wiedz\u0105, \u017ce nie zawodzimy.<\/p>\n<\/div>\n<div class=\"item\"><a href=\"http:\/\/sprintlogistyka.pl\/wp-content\/uploads\/2018\/04\/certyfikat-zsmpdis1.jpg\" data-size=\"800x1132\"><img loading=\"lazy\" decoding=\"async\" class=\"alignnone size-medium wp-image-947\" src=\"http:\/\/sprintlogistyka.pl\/wp-content\/uploads\/2018\/04\/certyfikat-zsmpdis1-212x300.jpg\" alt=\"Certyfikat Zsmpdis\" width=\"212\" height=\"300\" srcset=\"https:\/\/sprintlogistyka.pl\/wp-content\/uploads\/2018\/04\/certyfikat-zsmpdis1-212x300.jpg 212w, https:\/\/sprintlogistyka.pl\/wp-content\/uploads\/2018\/04\/certyfikat-zsmpdis1-768x1087.jpg 768w, https:\/\/sprintlogistyka.pl\/wp-content\/uploads\/2018\/04\/certyfikat-zsmpdis1-724x1024.jpg 724w, https:\/\/sprintlogistyka.pl\/wp-content\/uploads\/2018\/04\/certyfikat-zsmpdis1.jpg 800w\" sizes=\"auto, (max-width: 212px) 100vw, 212px\" \/><\/a><\/div>\n<div class=\"item\">\n<h3><small><span class=\"color-primary\">Certyfikat<\/span><\/small> ZSMPDiS<\/h3>\n<p>Dzi\u0119ki przynale\u017cno\u015bci do Zachodniopomorskiego Stowarzyszenia Mi\u0119dzynarodowych Przewo\u017anik\u00f3w Drogowych i Spedytor\u00f3w posiadamy aktualne informacje o zmieniaj\u0105cych si\u0119 przepisach, wymogach na terenie ca\u0142ej Unii Europejskiej i nie tylko. To pozwala nam ze spokojem realizowa\u0107 zlecenia bez obawy, i\u017c zmiany legislacyjne przyczyni\u0105 si\u0119 do op\u00f3\u017anienia lub zatrzymania transportu z Pa\u0144stwa \u0142adunkiem. Ponadto korzystaj\u0105c z mo\u017cliwo\u015bci uczestnictwa w konferencjach i szkoleniach bran\u017cowych, zdobywamy wiedz\u0119 z zakresu logistyki, kt\u00f3ra znajduje zastosowanie w naszych codziennych dzia\u0142aniach. Wszystko to pozwala nam mie\u0107 pewno\u015b\u0107, i\u017c jeste\u015bmy dobrze przygotowani do transportu\/spedycji Pa\u0144stwa towar\u00f3w.<\/p>\n<\/div>\n<div class=\"item\"><a href=\"https:\/\/sprintlogistyka.pl\/wp-content\/uploads\/2024\/09\/GMPpl2k24.png\" data-size=\"632x892\"><img loading=\"lazy\" decoding=\"async\" class=\"alignnone wp-image-1825 size-medium\" src=\"https:\/\/sprintlogistyka.pl\/wp-content\/uploads\/2024\/09\/GMPpl2k24-213x300.png\" alt=\"\" width=\"213\" height=\"300\" srcset=\"https:\/\/sprintlogistyka.pl\/wp-content\/uploads\/2024\/09\/GMPpl2k24-213x300.png 213w, https:\/\/sprintlogistyka.pl\/wp-content\/uploads\/2024\/09\/GMPpl2k24.png 632w\" sizes=\"auto, (max-width: 213px) 100vw, 213px\" \/><\/a><\/div>\n<div class=\"item\">\n<h3><small><span class=\"color-primary\">Certyfikat<\/span><\/small> GMP+<\/h3>\n<p>Standard Dobrych Praktyk Wytwarzania i Transportu Pasz GMP+ to mi\u0119dzynarodowy system certyfikacji zapewniaj\u0105cy bezpiecze\u0144stwo pasz, bazuj\u0105cy na wymogach ISO 9001. GMP+ obejmuje wszystkie etapy \u0142a\u0144cucha paszowego: upraw\u0119, produkcj\u0119 mieszanek i materia\u0142\u00f3w paszowych, dodatk\u00f3w i premiks\u00f3w oraz sprzeda\u017c magazynowanie i transport.<\/p>\n<\/div>\n<\/div>\n","protected":false},"excerpt":{"rendered":"<p>Jako\u015b\u0107 Firma Sprint od pocz\u0105tku swojej dzia\u0142alno\u015bci k\u0142adzie nacisk na jako\u015b\u0107 wykonywanych us\u0142ug. Nasi partnerzy stanowi\u0105 wyselekcjonowan\u0105 grup\u0119, kt\u00f3ra bardzo dobrze zna zasady pracy na rynku transportowym, ch\u0119tnie korzysta z udzielonych wskaz\u00f3wek, a tak\u017ce w pe\u0142ni rozumie potrzeby naszych Klient\u00f3w. Nasi partnerzy posiadaj\u0105 odpowiednie zezwolenia, licencje oraz polisy, kt\u00f3re na bie\u017c\u0105co sprawdzane s\u0105 przez spedytor\u00f3w [&hellip;]<\/p>\n","protected":false},"author":1,"featured_media":0,"parent":0,"menu_order":0,"comment_status":"closed","ping_status":"closed","template":"","meta":{"_acf_changed":false,"footnotes":""},"tags":[],"class_list":["post-17","page","type-page","status-publish","hentry"],"acf":[],"yoast_head":"<!-- This site is optimized with the Yoast SEO plugin v27.5 - https:\/\/yoast.com\/product\/yoast-seo-wordpress\/ -->\n<title>Jako\u015b\u0107 - Sprint Logistyka<\/title>\n<meta name=\"robots\" content=\"index, follow, max-snippet:-1, max-image-preview:large, max-video-preview:-1\" \/>\n<link rel=\"canonical\" href=\"https:\/\/sprintlogistyka.pl\/index.php\/jakosc\/\" \/>\n<meta property=\"og:locale\" content=\"pl_PL\" \/>\n<meta property=\"og:type\" content=\"article\" \/>\n<meta property=\"og:title\" content=\"Jako\u015b\u0107 - Sprint Logistyka\" \/>\n<meta property=\"og:description\" content=\"Jako\u015b\u0107 Firma Sprint od pocz\u0105tku swojej dzia\u0142alno\u015bci k\u0142adzie nacisk na jako\u015b\u0107 wykonywanych us\u0142ug. Nasi partnerzy stanowi\u0105 wyselekcjonowan\u0105 grup\u0119, kt\u00f3ra bardzo dobrze zna zasady pracy na rynku transportowym, ch\u0119tnie korzysta z udzielonych wskaz\u00f3wek, a tak\u017ce w pe\u0142ni rozumie potrzeby naszych Klient\u00f3w. Nasi partnerzy posiadaj\u0105 odpowiednie zezwolenia, licencje oraz polisy, kt\u00f3re na bie\u017c\u0105co sprawdzane s\u0105 przez spedytor\u00f3w [&hellip;]\" \/>\n<meta property=\"og:url\" content=\"https:\/\/sprintlogistyka.pl\/index.php\/jakosc\/\" \/>\n<meta property=\"og:site_name\" content=\"Sprint Logistyka\" \/>\n<meta property=\"article:modified_time\" content=\"2024-09-24T14:52:58+00:00\" \/>\n<meta property=\"og:image\" content=\"https:\/\/sprintlogistyka.pl\/wp-content\/uploads\/2017\/07\/certified.png\" \/>\n<meta name=\"twitter:card\" content=\"summary_large_image\" \/>\n<meta name=\"twitter:label1\" content=\"Szacowany czas czytania\" \/>\n\t<meta name=\"twitter:data1\" content=\"5 minut\" \/>\n<script type=\"application\/ld+json\" class=\"yoast-schema-graph\">{\"@context\":\"https:\\\/\\\/schema.org\",\"@graph\":[{\"@type\":\"WebPage\",\"@id\":\"https:\\\/\\\/sprintlogistyka.pl\\\/index.php\\\/jakosc\\\/\",\"url\":\"https:\\\/\\\/sprintlogistyka.pl\\\/index.php\\\/jakosc\\\/\",\"name\":\"Jako\u015b\u0107 - Sprint Logistyka\",\"isPartOf\":{\"@id\":\"https:\\\/\\\/sprintlogistyka.pl\\\/#website\"},\"primaryImageOfPage\":{\"@id\":\"https:\\\/\\\/sprintlogistyka.pl\\\/index.php\\\/jakosc\\\/#primaryimage\"},\"image\":{\"@id\":\"https:\\\/\\\/sprintlogistyka.pl\\\/index.php\\\/jakosc\\\/#primaryimage\"},\"thumbnailUrl\":\"https:\\\/\\\/sprintlogistyka.pl\\\/wp-content\\\/uploads\\\/2017\\\/07\\\/certified.png\",\"datePublished\":\"2017-07-17T10:09:34+00:00\",\"dateModified\":\"2024-09-24T14:52:58+00:00\",\"breadcrumb\":{\"@id\":\"https:\\\/\\\/sprintlogistyka.pl\\\/index.php\\\/jakosc\\\/#breadcrumb\"},\"inLanguage\":\"pl-PL\",\"potentialAction\":[{\"@type\":\"ReadAction\",\"target\":[\"https:\\\/\\\/sprintlogistyka.pl\\\/index.php\\\/jakosc\\\/\"]}]},{\"@type\":\"ImageObject\",\"inLanguage\":\"pl-PL\",\"@id\":\"https:\\\/\\\/sprintlogistyka.pl\\\/index.php\\\/jakosc\\\/#primaryimage\",\"url\":\"https:\\\/\\\/sprintlogistyka.pl\\\/wp-content\\\/uploads\\\/2017\\\/07\\\/certified.png\",\"contentUrl\":\"https:\\\/\\\/sprintlogistyka.pl\\\/wp-content\\\/uploads\\\/2017\\\/07\\\/certified.png\",\"width\":325,\"height\":266},{\"@type\":\"BreadcrumbList\",\"@id\":\"https:\\\/\\\/sprintlogistyka.pl\\\/index.php\\\/jakosc\\\/#breadcrumb\",\"itemListElement\":[{\"@type\":\"ListItem\",\"position\":1,\"name\":\"Strona g\u0142\u00f3wna\",\"item\":\"https:\\\/\\\/sprintlogistyka.pl\\\/\"},{\"@type\":\"ListItem\",\"position\":2,\"name\":\"Jako\u015b\u0107\"}]},{\"@type\":\"WebSite\",\"@id\":\"https:\\\/\\\/sprintlogistyka.pl\\\/#website\",\"url\":\"https:\\\/\\\/sprintlogistyka.pl\\\/\",\"name\":\"Sprint Logistyka\",\"description\":\"Transport drogowy krajowy i mi\u0119dzynarodowy\",\"potentialAction\":[{\"@type\":\"SearchAction\",\"target\":{\"@type\":\"EntryPoint\",\"urlTemplate\":\"https:\\\/\\\/sprintlogistyka.pl\\\/?s={search_term_string}\"},\"query-input\":{\"@type\":\"PropertyValueSpecification\",\"valueRequired\":true,\"valueName\":\"search_term_string\"}}],\"inLanguage\":\"pl-PL\"}]}<\/script>\n<!-- \/ Yoast SEO plugin. -->","yoast_head_json":{"title":"Jako\u015b\u0107 - Sprint Logistyka","robots":{"index":"index","follow":"follow","max-snippet":"max-snippet:-1","max-image-preview":"max-image-preview:large","max-video-preview":"max-video-preview:-1"},"canonical":"https:\/\/sprintlogistyka.pl\/index.php\/jakosc\/","og_locale":"pl_PL","og_type":"article","og_title":"Jako\u015b\u0107 - Sprint Logistyka","og_description":"Jako\u015b\u0107 Firma Sprint od pocz\u0105tku swojej dzia\u0142alno\u015bci k\u0142adzie nacisk na jako\u015b\u0107 wykonywanych us\u0142ug. Nasi partnerzy stanowi\u0105 wyselekcjonowan\u0105 grup\u0119, kt\u00f3ra bardzo dobrze zna zasady pracy na rynku transportowym, ch\u0119tnie korzysta z udzielonych wskaz\u00f3wek, a tak\u017ce w pe\u0142ni rozumie potrzeby naszych Klient\u00f3w. Nasi partnerzy posiadaj\u0105 odpowiednie zezwolenia, licencje oraz polisy, kt\u00f3re na bie\u017c\u0105co sprawdzane s\u0105 przez spedytor\u00f3w [&hellip;]","og_url":"https:\/\/sprintlogistyka.pl\/index.php\/jakosc\/","og_site_name":"Sprint Logistyka","article_modified_time":"2024-09-24T14:52:58+00:00","og_image":[{"url":"https:\/\/sprintlogistyka.pl\/wp-content\/uploads\/2017\/07\/certified.png","type":"","width":"","height":""}],"twitter_card":"summary_large_image","twitter_misc":{"Szacowany czas czytania":"5 minut"},"schema":{"@context":"https:\/\/schema.org","@graph":[{"@type":"WebPage","@id":"https:\/\/sprintlogistyka.pl\/index.php\/jakosc\/","url":"https:\/\/sprintlogistyka.pl\/index.php\/jakosc\/","name":"Jako\u015b\u0107 - Sprint Logistyka","isPartOf":{"@id":"https:\/\/sprintlogistyka.pl\/#website"},"primaryImageOfPage":{"@id":"https:\/\/sprintlogistyka.pl\/index.php\/jakosc\/#primaryimage"},"image":{"@id":"https:\/\/sprintlogistyka.pl\/index.php\/jakosc\/#primaryimage"},"thumbnailUrl":"https:\/\/sprintlogistyka.pl\/wp-content\/uploads\/2017\/07\/certified.png","datePublished":"2017-07-17T10:09:34+00:00","dateModified":"2024-09-24T14:52:58+00:00","breadcrumb":{"@id":"https:\/\/sprintlogistyka.pl\/index.php\/jakosc\/#breadcrumb"},"inLanguage":"pl-PL","potentialAction":[{"@type":"ReadAction","target":["https:\/\/sprintlogistyka.pl\/index.php\/jakosc\/"]}]},{"@type":"ImageObject","inLanguage":"pl-PL","@id":"https:\/\/sprintlogistyka.pl\/index.php\/jakosc\/#primaryimage","url":"https:\/\/sprintlogistyka.pl\/wp-content\/uploads\/2017\/07\/certified.png","contentUrl":"https:\/\/sprintlogistyka.pl\/wp-content\/uploads\/2017\/07\/certified.png","width":325,"height":266},{"@type":"BreadcrumbList","@id":"https:\/\/sprintlogistyka.pl\/index.php\/jakosc\/#breadcrumb","itemListElement":[{"@type":"ListItem","position":1,"name":"Strona g\u0142\u00f3wna","item":"https:\/\/sprintlogistyka.pl\/"},{"@type":"ListItem","position":2,"name":"Jako\u015b\u0107"}]},{"@type":"WebSite","@id":"https:\/\/sprintlogistyka.pl\/#website","url":"https:\/\/sprintlogistyka.pl\/","name":"Sprint Logistyka","description":"Transport drogowy krajowy i mi\u0119dzynarodowy","potentialAction":[{"@type":"SearchAction","target":{"@type":"EntryPoint","urlTemplate":"https:\/\/sprintlogistyka.pl\/?s={search_term_string}"},"query-input":{"@type":"PropertyValueSpecification","valueRequired":true,"valueName":"search_term_string"}}],"inLanguage":"pl-PL"}]}},"_links":{"self":[{"href":"https:\/\/sprintlogistyka.pl\/index.php\/wp-json\/wp\/v2\/pages\/17","targetHints":{"allow":["GET"]}}],"collection":[{"href":"https:\/\/sprintlogistyka.pl\/index.php\/wp-json\/wp\/v2\/pages"}],"about":[{"href":"https:\/\/sprintlogistyka.pl\/index.php\/wp-json\/wp\/v2\/types\/page"}],"author":[{"embeddable":true,"href":"https:\/\/sprintlogistyka.pl\/index.php\/wp-json\/wp\/v2\/users\/1"}],"replies":[{"embeddable":true,"href":"https:\/\/sprintlogistyka.pl\/index.php\/wp-json\/wp\/v2\/comments?post=17"}],"version-history":[{"count":65,"href":"https:\/\/sprintlogistyka.pl\/index.php\/wp-json\/wp\/v2\/pages\/17\/revisions"}],"predecessor-version":[{"id":1833,"href":"https:\/\/sprintlogistyka.pl\/index.php\/wp-json\/wp\/v2\/pages\/17\/revisions\/1833"}],"wp:attachment":[{"href":"https:\/\/sprintlogistyka.pl\/index.php\/wp-json\/wp\/v2\/media?parent=17"}],"wp:term":[{"taxonomy":"post_tag","embeddable":true,"href":"https:\/\/sprintlogistyka.pl\/index.php\/wp-json\/wp\/v2\/tags?post=17"}],"curies":[{"name":"wp","href":"https:\/\/api.w.org\/{rel}","templated":true}]}}