{"id":146,"date":"2017-07-25T08:00:34","date_gmt":"2017-07-25T06:00:34","guid":{"rendered":"http:\/\/localhost:58016\/?page_id=146"},"modified":"2023-01-30T11:27:03","modified_gmt":"2023-01-30T10:27:03","slug":"transport-i-spedycja","status":"publish","type":"page","link":"https:\/\/sprintlogistyka.pl\/index.php\/uslugi\/transport-i-spedycja\/","title":{"rendered":"Transport i spedycja"},"content":{"rendered":"<h2>Us\u0142ugi transportowe<\/h2>\n<div class=\"figure\"><img loading=\"lazy\" decoding=\"async\" class=\"alignnone size-full wp-image-531\" src=\"http:\/\/serwer1986166.home.pl\/wpsprint\/wp-content\/uploads\/2017\/07\/trucks.png\" alt=\"Sprint Logistyka\" width=\"1140\" height=\"575\" srcset=\"https:\/\/sprintlogistyka.pl\/wp-content\/uploads\/2017\/07\/trucks.png 1140w, https:\/\/sprintlogistyka.pl\/wp-content\/uploads\/2017\/07\/trucks-300x151.png 300w, https:\/\/sprintlogistyka.pl\/wp-content\/uploads\/2017\/07\/trucks-768x387.png 768w, https:\/\/sprintlogistyka.pl\/wp-content\/uploads\/2017\/07\/trucks-1024x516.png 1024w\" sizes=\"auto, (max-width: 1140px) 100vw, 1140px\" \/><\/div>\n<div class=\"flex\">\n<div class=\"item\">\n<h3><small>Transport <\/small>krajowy<\/h3>\n<p>Realizujemy szerok\u0105 ofert\u0119 us\u0142ug transportowych w zakresie przewozu krajowego ca\u0142opojazdowego od 1,5 do 24 ton. Oferujemy nowoczesny i doskona\u0142ej jako\u015bci tabor dostosowany do przewozu r\u00f3\u017cnorodnych produkt\u00f3w na terenie ca\u0142ego kraju. Doskonale znamy rynek spedycyjny w naszym kraju, co sprawia, \u017ce wybieraj\u0105c nas, nie musisz martwic si\u0119 op\u00f3\u017anieniami transportu.<\/p>\n<p>Priorytetem s\u0105 punktualne za\u0142adunki i dostawy oraz bezpiecze\u0144stwo powierzonego nam \u0142adunku. Nasz\u0105 wielk\u0105 przewag\u0105 jest bardzo dobrze dzia\u0142aj\u0105cy system rotacji palet. Ka\u017cdego partnera biznesowego traktujemy indywidualnie.<\/p>\n<\/div>\n<div class=\"item\">\n<h3><small>Transport<\/small> mi\u0119dzynarodowy<\/h3>\n<p>Przez kilkana\u015bcie lat wypracowali\u015bmy dobre relacje z licznymi europejskimi klientami. Dostarczamy towary do ca\u0142ej Europy Zachodniej \u2013 najwi\u0119cej transport\u00f3w wysy\u0142anych jest do W\u0142och, Niemiec, Belgii, Holandii i Luxemburga. Mamy w ofercie tak\u017ce dalsze przejazdy.<\/p>\n<p>Wyszkolona kadra spedytor\u00f3w i dyspozytor\u00f3w, dzi\u0119ki doskona\u0142ej znajomo\u015bci rynku mi\u0119dzynarodowego, realizuje z sukcesem kilkadziesi\u0105t transport\u00f3w dziennie. To w\u0142a\u015bnie do\u015bwiadczenie sprawia, \u017ce jeste\u015bmy szybcy, skuteczni i zaufa\u0142y nam ju\u017c setki Klient\u00f3w.<\/p>\n<\/div>\n<div class=\"item\">\n<h3><small>Transport<\/small> materia\u0142\u00f3w sypkich<\/h3>\n<p>Materia\u0142y sypkie, takie jak \u017cwir, zbo\u017ce, piach czy w\u0119giel transportujemy za pomoc\u0105 wywrotek, samochod\u00f3w typu\u00a0 &#8222;walking floor&#8221; i silos\u00f3w. \u015arodek transportu dobieramy tak, by by\u0142 najbardziej odpowiedni dla Twojego \u0142adunku. W ofercie mamy te\u017c za\u0142adunek i prze\u0142adunek towaru, kt\u00f3rego dokonujemy za pomoc\u0105 specjalistycznego sprz\u0119tu i wykwalifikowanych pracownik\u00f3w.<\/p>\n<\/div>\n<div class=\"item\">\n<h3><small>Transport<\/small> specjalistyczny<\/h3>\n<p>Przy wykorzystaniu specjalistycznej floty pojazd\u00f3w i du\u017cego do\u015bwiadczenia wykonujemy specjalistyczne transporty \u0142adunk\u00f3w ponadwymiarowych. Nie obawiamy si\u0119 planowania i zarz\u0105dzania skomplikowanymi projektami logistycznymi.<\/p>\n<p>Zawsze wybieramy najbardziej odpowiedni \u015brodek transportu, gwarantujemy pe\u0142ne bezpiecze\u0144stwo, tak\u017ce w przypadku \u0142adunk\u00f3w niekonwencjonalnych. Nasza za\u0142oga ma ogromne do\u015bwiadczenie, co sprawia, \u017ce potrafi poradzi\u0107 sobie z ka\u017cdym zleceniem, nawet tym najbardziej nietypowym.<\/p>\n<\/div>\n<div class=\"item\">\n<h3><small>Transport<\/small> wodny i \u015br\u00f3dl\u0105dowy<\/h3>\n<p>Drog\u0105 wodn\u0105 transportujemy \u0142adunki, kt\u00f3rych specyfika lub gabaryty nie pozwalaj\u0105 na przew\u00f3z drogowy. Wykorzystujemy ca\u0142\u0105 sie\u0107 rzeczn\u0105 w Polsce i za granic\u0105. Transport prowadzimy nowoczesnymi barkami szerokim spektrum \u0142adowno\u015bci dostosowanym do wymaga\u0144 ka\u017cdego Klienta. Posiadamy mo\u017cliwo\u015b\u0107 transportu wodnego \u015br\u00f3dl\u0105dowego na obszarze Polski oraz Europy Zachodniej.<\/p>\n<p>\u015awiadczone us\u0142ugi odbywaj\u0105 si\u0119 przy u\u017cyciu specjalistycznego taboru p\u0142ywaj\u0105cego i wysoko wykwalifikowanej kadry. Specjalizujemy si\u0119 w \u0142adunkach masowych jak i konfekcjonowanych.<\/p>\n<\/div>\n<\/div>\n","protected":false},"excerpt":{"rendered":"<p>Us\u0142ugi transportowe Transport krajowy Realizujemy szerok\u0105 ofert\u0119 us\u0142ug transportowych w zakresie przewozu krajowego ca\u0142opojazdowego od 1,5 do 24 ton. Oferujemy nowoczesny i doskona\u0142ej jako\u015bci tabor dostosowany do przewozu r\u00f3\u017cnorodnych produkt\u00f3w na terenie ca\u0142ego kraju. Doskonale znamy rynek spedycyjny w naszym kraju, co sprawia, \u017ce wybieraj\u0105c nas, nie musisz martwic si\u0119 op\u00f3\u017anieniami transportu. Priorytetem s\u0105 punktualne [&hellip;]<\/p>\n","protected":false},"author":1,"featured_media":0,"parent":15,"menu_order":0,"comment_status":"closed","ping_status":"closed","template":"","meta":{"_acf_changed":false,"footnotes":""},"tags":[],"class_list":["post-146","page","type-page","status-publish","hentry"],"acf":[],"yoast_head":"<!-- This site is optimized with the Yoast SEO plugin v27.5 - https:\/\/yoast.com\/product\/yoast-seo-wordpress\/ -->\n<title>Transport i spedycja - Sprint Logistyka<\/title>\n<meta name=\"robots\" content=\"index, follow, max-snippet:-1, max-image-preview:large, max-video-preview:-1\" \/>\n<link rel=\"canonical\" href=\"https:\/\/sprintlogistyka.pl\/index.php\/uslugi\/transport-i-spedycja\/\" \/>\n<meta property=\"og:locale\" content=\"pl_PL\" \/>\n<meta property=\"og:type\" content=\"article\" \/>\n<meta property=\"og:title\" content=\"Transport i spedycja - Sprint Logistyka\" \/>\n<meta property=\"og:description\" content=\"Us\u0142ugi transportowe Transport krajowy Realizujemy szerok\u0105 ofert\u0119 us\u0142ug transportowych w zakresie przewozu krajowego ca\u0142opojazdowego od 1,5 do 24 ton. Oferujemy nowoczesny i doskona\u0142ej jako\u015bci tabor dostosowany do przewozu r\u00f3\u017cnorodnych produkt\u00f3w na terenie ca\u0142ego kraju. Doskonale znamy rynek spedycyjny w naszym kraju, co sprawia, \u017ce wybieraj\u0105c nas, nie musisz martwic si\u0119 op\u00f3\u017anieniami transportu. Priorytetem s\u0105 punktualne [&hellip;]\" \/>\n<meta property=\"og:url\" content=\"https:\/\/sprintlogistyka.pl\/index.php\/uslugi\/transport-i-spedycja\/\" \/>\n<meta property=\"og:site_name\" content=\"Sprint Logistyka\" \/>\n<meta property=\"article:modified_time\" content=\"2023-01-30T10:27:03+00:00\" \/>\n<meta property=\"og:image\" content=\"http:\/\/serwer1986166.home.pl\/wpsprint\/wp-content\/uploads\/2017\/07\/trucks.png\" \/>\n<meta name=\"twitter:card\" content=\"summary_large_image\" \/>\n<meta name=\"twitter:label1\" content=\"Szacowany czas czytania\" \/>\n\t<meta name=\"twitter:data1\" content=\"3 minuty\" \/>\n<script type=\"application\/ld+json\" class=\"yoast-schema-graph\">{\"@context\":\"https:\\\/\\\/schema.org\",\"@graph\":[{\"@type\":\"WebPage\",\"@id\":\"https:\\\/\\\/sprintlogistyka.pl\\\/index.php\\\/uslugi\\\/transport-i-spedycja\\\/\",\"url\":\"https:\\\/\\\/sprintlogistyka.pl\\\/index.php\\\/uslugi\\\/transport-i-spedycja\\\/\",\"name\":\"Transport i spedycja - Sprint Logistyka\",\"isPartOf\":{\"@id\":\"https:\\\/\\\/sprintlogistyka.pl\\\/#website\"},\"primaryImageOfPage\":{\"@id\":\"https:\\\/\\\/sprintlogistyka.pl\\\/index.php\\\/uslugi\\\/transport-i-spedycja\\\/#primaryimage\"},\"image\":{\"@id\":\"https:\\\/\\\/sprintlogistyka.pl\\\/index.php\\\/uslugi\\\/transport-i-spedycja\\\/#primaryimage\"},\"thumbnailUrl\":\"http:\\\/\\\/serwer1986166.home.pl\\\/wpsprint\\\/wp-content\\\/uploads\\\/2017\\\/07\\\/trucks.png\",\"datePublished\":\"2017-07-25T06:00:34+00:00\",\"dateModified\":\"2023-01-30T10:27:03+00:00\",\"breadcrumb\":{\"@id\":\"https:\\\/\\\/sprintlogistyka.pl\\\/index.php\\\/uslugi\\\/transport-i-spedycja\\\/#breadcrumb\"},\"inLanguage\":\"pl-PL\",\"potentialAction\":[{\"@type\":\"ReadAction\",\"target\":[\"https:\\\/\\\/sprintlogistyka.pl\\\/index.php\\\/uslugi\\\/transport-i-spedycja\\\/\"]}]},{\"@type\":\"ImageObject\",\"inLanguage\":\"pl-PL\",\"@id\":\"https:\\\/\\\/sprintlogistyka.pl\\\/index.php\\\/uslugi\\\/transport-i-spedycja\\\/#primaryimage\",\"url\":\"http:\\\/\\\/serwer1986166.home.pl\\\/wpsprint\\\/wp-content\\\/uploads\\\/2017\\\/07\\\/trucks.png\",\"contentUrl\":\"http:\\\/\\\/serwer1986166.home.pl\\\/wpsprint\\\/wp-content\\\/uploads\\\/2017\\\/07\\\/trucks.png\"},{\"@type\":\"BreadcrumbList\",\"@id\":\"https:\\\/\\\/sprintlogistyka.pl\\\/index.php\\\/uslugi\\\/transport-i-spedycja\\\/#breadcrumb\",\"itemListElement\":[{\"@type\":\"ListItem\",\"position\":1,\"name\":\"Strona g\u0142\u00f3wna\",\"item\":\"https:\\\/\\\/sprintlogistyka.pl\\\/\"},{\"@type\":\"ListItem\",\"position\":2,\"name\":\"Us\u0142ugi\",\"item\":\"https:\\\/\\\/sprintlogistyka.pl\\\/index.php\\\/uslugi\\\/\"},{\"@type\":\"ListItem\",\"position\":3,\"name\":\"Transport i spedycja\"}]},{\"@type\":\"WebSite\",\"@id\":\"https:\\\/\\\/sprintlogistyka.pl\\\/#website\",\"url\":\"https:\\\/\\\/sprintlogistyka.pl\\\/\",\"name\":\"Sprint Logistyka\",\"description\":\"Transport drogowy krajowy i mi\u0119dzynarodowy\",\"potentialAction\":[{\"@type\":\"SearchAction\",\"target\":{\"@type\":\"EntryPoint\",\"urlTemplate\":\"https:\\\/\\\/sprintlogistyka.pl\\\/?s={search_term_string}\"},\"query-input\":{\"@type\":\"PropertyValueSpecification\",\"valueRequired\":true,\"valueName\":\"search_term_string\"}}],\"inLanguage\":\"pl-PL\"}]}<\/script>\n<!-- \/ Yoast SEO plugin. -->","yoast_head_json":{"title":"Transport i spedycja - Sprint Logistyka","robots":{"index":"index","follow":"follow","max-snippet":"max-snippet:-1","max-image-preview":"max-image-preview:large","max-video-preview":"max-video-preview:-1"},"canonical":"https:\/\/sprintlogistyka.pl\/index.php\/uslugi\/transport-i-spedycja\/","og_locale":"pl_PL","og_type":"article","og_title":"Transport i spedycja - Sprint Logistyka","og_description":"Us\u0142ugi transportowe Transport krajowy Realizujemy szerok\u0105 ofert\u0119 us\u0142ug transportowych w zakresie przewozu krajowego ca\u0142opojazdowego od 1,5 do 24 ton. Oferujemy nowoczesny i doskona\u0142ej jako\u015bci tabor dostosowany do przewozu r\u00f3\u017cnorodnych produkt\u00f3w na terenie ca\u0142ego kraju. Doskonale znamy rynek spedycyjny w naszym kraju, co sprawia, \u017ce wybieraj\u0105c nas, nie musisz martwic si\u0119 op\u00f3\u017anieniami transportu. Priorytetem s\u0105 punktualne [&hellip;]","og_url":"https:\/\/sprintlogistyka.pl\/index.php\/uslugi\/transport-i-spedycja\/","og_site_name":"Sprint Logistyka","article_modified_time":"2023-01-30T10:27:03+00:00","og_image":[{"url":"http:\/\/serwer1986166.home.pl\/wpsprint\/wp-content\/uploads\/2017\/07\/trucks.png","type":"","width":"","height":""}],"twitter_card":"summary_large_image","twitter_misc":{"Szacowany czas czytania":"3 minuty"},"schema":{"@context":"https:\/\/schema.org","@graph":[{"@type":"WebPage","@id":"https:\/\/sprintlogistyka.pl\/index.php\/uslugi\/transport-i-spedycja\/","url":"https:\/\/sprintlogistyka.pl\/index.php\/uslugi\/transport-i-spedycja\/","name":"Transport i spedycja - Sprint Logistyka","isPartOf":{"@id":"https:\/\/sprintlogistyka.pl\/#website"},"primaryImageOfPage":{"@id":"https:\/\/sprintlogistyka.pl\/index.php\/uslugi\/transport-i-spedycja\/#primaryimage"},"image":{"@id":"https:\/\/sprintlogistyka.pl\/index.php\/uslugi\/transport-i-spedycja\/#primaryimage"},"thumbnailUrl":"http:\/\/serwer1986166.home.pl\/wpsprint\/wp-content\/uploads\/2017\/07\/trucks.png","datePublished":"2017-07-25T06:00:34+00:00","dateModified":"2023-01-30T10:27:03+00:00","breadcrumb":{"@id":"https:\/\/sprintlogistyka.pl\/index.php\/uslugi\/transport-i-spedycja\/#breadcrumb"},"inLanguage":"pl-PL","potentialAction":[{"@type":"ReadAction","target":["https:\/\/sprintlogistyka.pl\/index.php\/uslugi\/transport-i-spedycja\/"]}]},{"@type":"ImageObject","inLanguage":"pl-PL","@id":"https:\/\/sprintlogistyka.pl\/index.php\/uslugi\/transport-i-spedycja\/#primaryimage","url":"http:\/\/serwer1986166.home.pl\/wpsprint\/wp-content\/uploads\/2017\/07\/trucks.png","contentUrl":"http:\/\/serwer1986166.home.pl\/wpsprint\/wp-content\/uploads\/2017\/07\/trucks.png"},{"@type":"BreadcrumbList","@id":"https:\/\/sprintlogistyka.pl\/index.php\/uslugi\/transport-i-spedycja\/#breadcrumb","itemListElement":[{"@type":"ListItem","position":1,"name":"Strona g\u0142\u00f3wna","item":"https:\/\/sprintlogistyka.pl\/"},{"@type":"ListItem","position":2,"name":"Us\u0142ugi","item":"https:\/\/sprintlogistyka.pl\/index.php\/uslugi\/"},{"@type":"ListItem","position":3,"name":"Transport i spedycja"}]},{"@type":"WebSite","@id":"https:\/\/sprintlogistyka.pl\/#website","url":"https:\/\/sprintlogistyka.pl\/","name":"Sprint Logistyka","description":"Transport drogowy krajowy i mi\u0119dzynarodowy","potentialAction":[{"@type":"SearchAction","target":{"@type":"EntryPoint","urlTemplate":"https:\/\/sprintlogistyka.pl\/?s={search_term_string}"},"query-input":{"@type":"PropertyValueSpecification","valueRequired":true,"valueName":"search_term_string"}}],"inLanguage":"pl-PL"}]}},"_links":{"self":[{"href":"https:\/\/sprintlogistyka.pl\/index.php\/wp-json\/wp\/v2\/pages\/146","targetHints":{"allow":["GET"]}}],"collection":[{"href":"https:\/\/sprintlogistyka.pl\/index.php\/wp-json\/wp\/v2\/pages"}],"about":[{"href":"https:\/\/sprintlogistyka.pl\/index.php\/wp-json\/wp\/v2\/types\/page"}],"author":[{"embeddable":true,"href":"https:\/\/sprintlogistyka.pl\/index.php\/wp-json\/wp\/v2\/users\/1"}],"replies":[{"embeddable":true,"href":"https:\/\/sprintlogistyka.pl\/index.php\/wp-json\/wp\/v2\/comments?post=146"}],"version-history":[{"count":9,"href":"https:\/\/sprintlogistyka.pl\/index.php\/wp-json\/wp\/v2\/pages\/146\/revisions"}],"predecessor-version":[{"id":1633,"href":"https:\/\/sprintlogistyka.pl\/index.php\/wp-json\/wp\/v2\/pages\/146\/revisions\/1633"}],"up":[{"embeddable":true,"href":"https:\/\/sprintlogistyka.pl\/index.php\/wp-json\/wp\/v2\/pages\/15"}],"wp:attachment":[{"href":"https:\/\/sprintlogistyka.pl\/index.php\/wp-json\/wp\/v2\/media?parent=146"}],"wp:term":[{"taxonomy":"post_tag","embeddable":true,"href":"https:\/\/sprintlogistyka.pl\/index.php\/wp-json\/wp\/v2\/tags?post=146"}],"curies":[{"name":"wp","href":"https:\/\/api.w.org\/{rel}","templated":true}]}}