{"id":1269,"date":"2020-06-01T13:09:33","date_gmt":"2020-06-01T11:09:33","guid":{"rendered":"https:\/\/wpsprint\/?page_id=1269"},"modified":"2020-10-02T12:57:25","modified_gmt":"2020-10-02T10:57:25","slug":"dematerializacja-akcji","status":"publish","type":"page","link":"https:\/\/sprintlogistyka.pl\/index.php\/dematerializacja-akcji\/","title":{"rendered":"Dematerializacja akcji"},"content":{"rendered":"\r\n<ul class=\"wp-block-list\">\r\n<li>Na skutek wej\u015bcia w \u017cycie ustawy dnia 30 sierpnia 2019 r. o zmianie\u00a0 ustawy\u00a0 &#8211;\u00a0 Kodeks\u00a0 sp\u00f3\u0142ek\u00a0 handlowych\u00a0 oraz\u00a0 niekt\u00f3rych\u00a0 innych\u00a0 ustaw\u00a0 (Dz.U. z 2019 r. poz. 1798) najp\u00f3\u017aniej do 31.12.2020 r. nale\u017cy z\u0142o\u017cy\u0107 w\u00a0 sp\u00f3\u0142ce wszystkie papierowe dokumenty w\u0142asno\u015bci akcji aby mog\u0142y by\u0107\u00a0 przekszta\u0142cone w form\u0119 elektroniczn\u0105. Moc obowi\u0105zuj\u0105ca dokument\u00f3w\u00a0 akcji wydanych przez sp\u00f3\u0142k\u0119 wygasa z mocy prawa z dniem 1 stycznia 2021 r.<\/li>\r\n<\/ul>\r\n<p>&nbsp;<\/p>\r\n<ul>\r\n<li>Z\u0142o\u017cenie\u00a0 dokument\u00f3w\u00a0 akcji\u00a0 w\u00a0 sp\u00f3\u0142ce\u00a0 odbywa\u00a0 si\u0119\u00a0 za\u00a0 pisemnym pokwitowaniem wydanym akcjonariuszowi<\/li>\r\n<\/ul>\r\n<p>&nbsp;<\/p>\r\n<ul>\r\n<li>Kontakt\u00a0 do\u00a0 pe\u0142nomocnika\u00a0 Zarz\u0105du\u00a0 ds.\u00a0 kontaktu\u00a0 z\u00a0 akcjonariuszami: Marcin Grosicki, <a href=\"mailto:m.grosicki@sprintlogistyka.pl\">m.grosicki@sprintlogistyka.pl<\/a>, ul. Waleriana \u0141ukasi\u0144skiego 116, 71-215 Szczecin<\/li>\r\n<\/ul>\r\n<p>&nbsp;<\/p>\r\n<ul>\r\n<li>Zawiadomienie o terminie Nadzwyczajnego Walnego Zgromadzenia Akcjonariuszy <a href=\"https:\/\/wpsprint\/wp-content\/uploads\/2020\/06\/2020-06-16-zawiadomienie-o-NWZ-ver.-2.pdf\" target=\"_blank\" rel=\"noreferrer noopener\">(tre\u015b\u0107 zawiadomienia).<\/a><\/li>\r\n<\/ul>\r\n<p>&nbsp;<\/p>\r\n<ul>\r\n<li>Rejestr akcjonariuszy prowadzony jest przez Dom Maklerski Copernicus Securities S.A. z siedzib\u0105 w Warszawie (<a href=\"https:\/\/copernicusdm.pl\/\">https:\/\/copernicusdm.pl\/<\/a>)<\/li>\r\n<\/ul>\r\n","protected":false},"excerpt":{"rendered":"<p>Na skutek wej\u015bcia w \u017cycie ustawy dnia 30 sierpnia 2019 r. o zmianie\u00a0 ustawy\u00a0 &#8211;\u00a0 Kodeks\u00a0 sp\u00f3\u0142ek\u00a0 handlowych\u00a0 oraz\u00a0 niekt\u00f3rych\u00a0 innych\u00a0 ustaw\u00a0 (Dz.U. z 2019 r. poz. 1798) najp\u00f3\u017aniej do 31.12.2020 r. nale\u017cy z\u0142o\u017cy\u0107 w\u00a0 sp\u00f3\u0142ce wszystkie papierowe dokumenty w\u0142asno\u015bci akcji aby mog\u0142y by\u0107\u00a0 przekszta\u0142cone w form\u0119 elektroniczn\u0105. Moc obowi\u0105zuj\u0105ca dokument\u00f3w\u00a0 akcji wydanych przez sp\u00f3\u0142k\u0119 [&hellip;]<\/p>\n","protected":false},"author":1,"featured_media":0,"parent":0,"menu_order":0,"comment_status":"closed","ping_status":"closed","template":"","meta":{"_acf_changed":false,"footnotes":""},"tags":[],"class_list":["post-1269","page","type-page","status-publish","hentry"],"acf":[],"yoast_head":"<!-- This site is optimized with the Yoast SEO plugin v27.5 - https:\/\/yoast.com\/product\/yoast-seo-wordpress\/ -->\n<title>Dematerializacja akcji - Sprint Logistyka<\/title>\n<meta name=\"robots\" content=\"index, follow, max-snippet:-1, max-image-preview:large, max-video-preview:-1\" \/>\n<link rel=\"canonical\" href=\"https:\/\/sprintlogistyka.pl\/index.php\/dematerializacja-akcji\/\" \/>\n<meta property=\"og:locale\" content=\"pl_PL\" \/>\n<meta property=\"og:type\" content=\"article\" \/>\n<meta property=\"og:title\" content=\"Dematerializacja akcji - Sprint Logistyka\" \/>\n<meta property=\"og:description\" content=\"Na skutek wej\u015bcia w \u017cycie ustawy dnia 30 sierpnia 2019 r. o zmianie\u00a0 ustawy\u00a0 &#8211;\u00a0 Kodeks\u00a0 sp\u00f3\u0142ek\u00a0 handlowych\u00a0 oraz\u00a0 niekt\u00f3rych\u00a0 innych\u00a0 ustaw\u00a0 (Dz.U. z 2019 r. poz. 1798) najp\u00f3\u017aniej do 31.12.2020 r. nale\u017cy z\u0142o\u017cy\u0107 w\u00a0 sp\u00f3\u0142ce wszystkie papierowe dokumenty w\u0142asno\u015bci akcji aby mog\u0142y by\u0107\u00a0 przekszta\u0142cone w form\u0119 elektroniczn\u0105. Moc obowi\u0105zuj\u0105ca dokument\u00f3w\u00a0 akcji wydanych przez sp\u00f3\u0142k\u0119 [&hellip;]\" \/>\n<meta property=\"og:url\" content=\"https:\/\/sprintlogistyka.pl\/index.php\/dematerializacja-akcji\/\" \/>\n<meta property=\"og:site_name\" content=\"Sprint Logistyka\" \/>\n<meta property=\"article:modified_time\" content=\"2020-10-02T10:57:25+00:00\" \/>\n<meta name=\"twitter:card\" content=\"summary_large_image\" \/>\n<meta name=\"twitter:label1\" content=\"Szacowany czas czytania\" \/>\n\t<meta name=\"twitter:data1\" content=\"1 minuta\" \/>\n<script type=\"application\/ld+json\" class=\"yoast-schema-graph\">{\"@context\":\"https:\\\/\\\/schema.org\",\"@graph\":[{\"@type\":\"WebPage\",\"@id\":\"https:\\\/\\\/sprintlogistyka.pl\\\/index.php\\\/dematerializacja-akcji\\\/\",\"url\":\"https:\\\/\\\/sprintlogistyka.pl\\\/index.php\\\/dematerializacja-akcji\\\/\",\"name\":\"Dematerializacja akcji - Sprint Logistyka\",\"isPartOf\":{\"@id\":\"https:\\\/\\\/sprintlogistyka.pl\\\/#website\"},\"datePublished\":\"2020-06-01T11:09:33+00:00\",\"dateModified\":\"2020-10-02T10:57:25+00:00\",\"breadcrumb\":{\"@id\":\"https:\\\/\\\/sprintlogistyka.pl\\\/index.php\\\/dematerializacja-akcji\\\/#breadcrumb\"},\"inLanguage\":\"pl-PL\",\"potentialAction\":[{\"@type\":\"ReadAction\",\"target\":[\"https:\\\/\\\/sprintlogistyka.pl\\\/index.php\\\/dematerializacja-akcji\\\/\"]}]},{\"@type\":\"BreadcrumbList\",\"@id\":\"https:\\\/\\\/sprintlogistyka.pl\\\/index.php\\\/dematerializacja-akcji\\\/#breadcrumb\",\"itemListElement\":[{\"@type\":\"ListItem\",\"position\":1,\"name\":\"Strona g\u0142\u00f3wna\",\"item\":\"https:\\\/\\\/sprintlogistyka.pl\\\/\"},{\"@type\":\"ListItem\",\"position\":2,\"name\":\"Dematerializacja akcji\"}]},{\"@type\":\"WebSite\",\"@id\":\"https:\\\/\\\/sprintlogistyka.pl\\\/#website\",\"url\":\"https:\\\/\\\/sprintlogistyka.pl\\\/\",\"name\":\"Sprint Logistyka\",\"description\":\"Transport drogowy krajowy i mi\u0119dzynarodowy\",\"potentialAction\":[{\"@type\":\"SearchAction\",\"target\":{\"@type\":\"EntryPoint\",\"urlTemplate\":\"https:\\\/\\\/sprintlogistyka.pl\\\/?s={search_term_string}\"},\"query-input\":{\"@type\":\"PropertyValueSpecification\",\"valueRequired\":true,\"valueName\":\"search_term_string\"}}],\"inLanguage\":\"pl-PL\"}]}<\/script>\n<!-- \/ Yoast SEO plugin. -->","yoast_head_json":{"title":"Dematerializacja akcji - Sprint Logistyka","robots":{"index":"index","follow":"follow","max-snippet":"max-snippet:-1","max-image-preview":"max-image-preview:large","max-video-preview":"max-video-preview:-1"},"canonical":"https:\/\/sprintlogistyka.pl\/index.php\/dematerializacja-akcji\/","og_locale":"pl_PL","og_type":"article","og_title":"Dematerializacja akcji - Sprint Logistyka","og_description":"Na skutek wej\u015bcia w \u017cycie ustawy dnia 30 sierpnia 2019 r. o zmianie\u00a0 ustawy\u00a0 &#8211;\u00a0 Kodeks\u00a0 sp\u00f3\u0142ek\u00a0 handlowych\u00a0 oraz\u00a0 niekt\u00f3rych\u00a0 innych\u00a0 ustaw\u00a0 (Dz.U. z 2019 r. poz. 1798) najp\u00f3\u017aniej do 31.12.2020 r. nale\u017cy z\u0142o\u017cy\u0107 w\u00a0 sp\u00f3\u0142ce wszystkie papierowe dokumenty w\u0142asno\u015bci akcji aby mog\u0142y by\u0107\u00a0 przekszta\u0142cone w form\u0119 elektroniczn\u0105. Moc obowi\u0105zuj\u0105ca dokument\u00f3w\u00a0 akcji wydanych przez sp\u00f3\u0142k\u0119 [&hellip;]","og_url":"https:\/\/sprintlogistyka.pl\/index.php\/dematerializacja-akcji\/","og_site_name":"Sprint Logistyka","article_modified_time":"2020-10-02T10:57:25+00:00","twitter_card":"summary_large_image","twitter_misc":{"Szacowany czas czytania":"1 minuta"},"schema":{"@context":"https:\/\/schema.org","@graph":[{"@type":"WebPage","@id":"https:\/\/sprintlogistyka.pl\/index.php\/dematerializacja-akcji\/","url":"https:\/\/sprintlogistyka.pl\/index.php\/dematerializacja-akcji\/","name":"Dematerializacja akcji - Sprint Logistyka","isPartOf":{"@id":"https:\/\/sprintlogistyka.pl\/#website"},"datePublished":"2020-06-01T11:09:33+00:00","dateModified":"2020-10-02T10:57:25+00:00","breadcrumb":{"@id":"https:\/\/sprintlogistyka.pl\/index.php\/dematerializacja-akcji\/#breadcrumb"},"inLanguage":"pl-PL","potentialAction":[{"@type":"ReadAction","target":["https:\/\/sprintlogistyka.pl\/index.php\/dematerializacja-akcji\/"]}]},{"@type":"BreadcrumbList","@id":"https:\/\/sprintlogistyka.pl\/index.php\/dematerializacja-akcji\/#breadcrumb","itemListElement":[{"@type":"ListItem","position":1,"name":"Strona g\u0142\u00f3wna","item":"https:\/\/sprintlogistyka.pl\/"},{"@type":"ListItem","position":2,"name":"Dematerializacja akcji"}]},{"@type":"WebSite","@id":"https:\/\/sprintlogistyka.pl\/#website","url":"https:\/\/sprintlogistyka.pl\/","name":"Sprint Logistyka","description":"Transport drogowy krajowy i mi\u0119dzynarodowy","potentialAction":[{"@type":"SearchAction","target":{"@type":"EntryPoint","urlTemplate":"https:\/\/sprintlogistyka.pl\/?s={search_term_string}"},"query-input":{"@type":"PropertyValueSpecification","valueRequired":true,"valueName":"search_term_string"}}],"inLanguage":"pl-PL"}]}},"_links":{"self":[{"href":"https:\/\/sprintlogistyka.pl\/index.php\/wp-json\/wp\/v2\/pages\/1269","targetHints":{"allow":["GET"]}}],"collection":[{"href":"https:\/\/sprintlogistyka.pl\/index.php\/wp-json\/wp\/v2\/pages"}],"about":[{"href":"https:\/\/sprintlogistyka.pl\/index.php\/wp-json\/wp\/v2\/types\/page"}],"author":[{"embeddable":true,"href":"https:\/\/sprintlogistyka.pl\/index.php\/wp-json\/wp\/v2\/users\/1"}],"replies":[{"embeddable":true,"href":"https:\/\/sprintlogistyka.pl\/index.php\/wp-json\/wp\/v2\/comments?post=1269"}],"version-history":[{"count":9,"href":"https:\/\/sprintlogistyka.pl\/index.php\/wp-json\/wp\/v2\/pages\/1269\/revisions"}],"predecessor-version":[{"id":1458,"href":"https:\/\/sprintlogistyka.pl\/index.php\/wp-json\/wp\/v2\/pages\/1269\/revisions\/1458"}],"wp:attachment":[{"href":"https:\/\/sprintlogistyka.pl\/index.php\/wp-json\/wp\/v2\/media?parent=1269"}],"wp:term":[{"taxonomy":"post_tag","embeddable":true,"href":"https:\/\/sprintlogistyka.pl\/index.php\/wp-json\/wp\/v2\/tags?post=1269"}],"curies":[{"name":"wp","href":"https:\/\/api.w.org\/{rel}","templated":true}]}}