{"id":1267,"date":"2020-06-01T13:07:25","date_gmt":"2020-06-01T11:07:25","guid":{"rendered":"https:\/\/wpsprint\/?page_id=1267"},"modified":"2020-07-06T22:39:47","modified_gmt":"2020-07-06T20:39:47","slug":"kapital-zakladowy","status":"publish","type":"page","link":"https:\/\/sprintlogistyka.pl\/index.php\/kapital-zakladowy\/","title":{"rendered":"Kapita\u0142 zak\u0142adowy"},"content":{"rendered":"\r\n<ul class=\"wp-block-list\">\r\n<li>Kapita\u0142 zak\u0142adowy \u2013 100\u00a0000 z\u0142 (s\u0142ownie: sto tysi\u0119cy z\u0142otych)<\/li>\r\n<li>Kapita\u0142 wp\u0142acony \u2013 100\u00a0000 z\u0142 (s\u0142ownie: sto tysi\u0119cy z\u0142otych)<\/li>\r\n<li>Akcje<\/li>\r\n<li>Nazwa serii akcji \u2013 A<\/li>\r\n<li>Liczba wyemitowanych akcji w dane serii \u2013 1\u00a0000\u00a0000 (s\u0142ownie: jeden milion)<\/li>\r\n<li>Warto\u015b\u0107 nominalna akcji \u2013 0,10 z\u0142 (s\u0142ownie: dziesi\u0119\u0107 groszy)<\/li>\r\n<li>Rodzaj uprzywilejowania i liczba akcji uprzywilejowanych \u2013 1\u00a0000\u00a0000 (s\u0142ownie: jeden milion) akcji imiennych uprzywilejowanych co do g\u0142osu w ten spos\u00f3b, \u017ce ka\u017cda akcja uprawnia do dysponowania dwoma g\u0142osami na walnym zgromadzeniu<\/li>\r\n<\/ul>\r\n","protected":false},"excerpt":{"rendered":"<p>Kapita\u0142 zak\u0142adowy \u2013 100\u00a0000 z\u0142 (s\u0142ownie: sto tysi\u0119cy z\u0142otych) Kapita\u0142 wp\u0142acony \u2013 100\u00a0000 z\u0142 (s\u0142ownie: sto tysi\u0119cy z\u0142otych) Akcje Nazwa serii akcji \u2013 A Liczba wyemitowanych akcji w dane serii \u2013 1\u00a0000\u00a0000 (s\u0142ownie: jeden milion) Warto\u015b\u0107 nominalna akcji \u2013 0,10 z\u0142 (s\u0142ownie: dziesi\u0119\u0107 groszy) Rodzaj uprzywilejowania i liczba akcji uprzywilejowanych \u2013 1\u00a0000\u00a0000 (s\u0142ownie: jeden milion) [&hellip;]<\/p>\n","protected":false},"author":1,"featured_media":0,"parent":0,"menu_order":0,"comment_status":"closed","ping_status":"closed","template":"","meta":{"_acf_changed":false,"footnotes":""},"tags":[],"class_list":["post-1267","page","type-page","status-publish","hentry"],"acf":[],"yoast_head":"<!-- This site is optimized with the Yoast SEO plugin v27.4 - https:\/\/yoast.com\/product\/yoast-seo-wordpress\/ -->\n<title>Kapita\u0142 zak\u0142adowy - Sprint Logistyka<\/title>\n<meta name=\"robots\" content=\"index, follow, max-snippet:-1, max-image-preview:large, max-video-preview:-1\" \/>\n<link rel=\"canonical\" href=\"https:\/\/sprintlogistyka.pl\/index.php\/kapital-zakladowy\/\" \/>\n<meta property=\"og:locale\" content=\"pl_PL\" \/>\n<meta property=\"og:type\" content=\"article\" \/>\n<meta property=\"og:title\" content=\"Kapita\u0142 zak\u0142adowy - Sprint Logistyka\" \/>\n<meta property=\"og:description\" content=\"Kapita\u0142 zak\u0142adowy \u2013 100\u00a0000 z\u0142 (s\u0142ownie: sto tysi\u0119cy z\u0142otych) Kapita\u0142 wp\u0142acony \u2013 100\u00a0000 z\u0142 (s\u0142ownie: sto tysi\u0119cy z\u0142otych) Akcje Nazwa serii akcji \u2013 A Liczba wyemitowanych akcji w dane serii \u2013 1\u00a0000\u00a0000 (s\u0142ownie: jeden milion) Warto\u015b\u0107 nominalna akcji \u2013 0,10 z\u0142 (s\u0142ownie: dziesi\u0119\u0107 groszy) Rodzaj uprzywilejowania i liczba akcji uprzywilejowanych \u2013 1\u00a0000\u00a0000 (s\u0142ownie: jeden milion) [&hellip;]\" \/>\n<meta property=\"og:url\" content=\"https:\/\/sprintlogistyka.pl\/index.php\/kapital-zakladowy\/\" \/>\n<meta property=\"og:site_name\" content=\"Sprint Logistyka\" \/>\n<meta property=\"article:modified_time\" content=\"2020-07-06T20:39:47+00:00\" \/>\n<meta name=\"twitter:card\" content=\"summary_large_image\" \/>\n<script type=\"application\/ld+json\" class=\"yoast-schema-graph\">{\"@context\":\"https:\\\/\\\/schema.org\",\"@graph\":[{\"@type\":\"WebPage\",\"@id\":\"https:\\\/\\\/sprintlogistyka.pl\\\/index.php\\\/kapital-zakladowy\\\/\",\"url\":\"https:\\\/\\\/sprintlogistyka.pl\\\/index.php\\\/kapital-zakladowy\\\/\",\"name\":\"Kapita\u0142 zak\u0142adowy - Sprint Logistyka\",\"isPartOf\":{\"@id\":\"https:\\\/\\\/sprintlogistyka.pl\\\/#website\"},\"datePublished\":\"2020-06-01T11:07:25+00:00\",\"dateModified\":\"2020-07-06T20:39:47+00:00\",\"breadcrumb\":{\"@id\":\"https:\\\/\\\/sprintlogistyka.pl\\\/index.php\\\/kapital-zakladowy\\\/#breadcrumb\"},\"inLanguage\":\"pl-PL\",\"potentialAction\":[{\"@type\":\"ReadAction\",\"target\":[\"https:\\\/\\\/sprintlogistyka.pl\\\/index.php\\\/kapital-zakladowy\\\/\"]}]},{\"@type\":\"BreadcrumbList\",\"@id\":\"https:\\\/\\\/sprintlogistyka.pl\\\/index.php\\\/kapital-zakladowy\\\/#breadcrumb\",\"itemListElement\":[{\"@type\":\"ListItem\",\"position\":1,\"name\":\"Strona g\u0142\u00f3wna\",\"item\":\"https:\\\/\\\/sprintlogistyka.pl\\\/\"},{\"@type\":\"ListItem\",\"position\":2,\"name\":\"Kapita\u0142 zak\u0142adowy\"}]},{\"@type\":\"WebSite\",\"@id\":\"https:\\\/\\\/sprintlogistyka.pl\\\/#website\",\"url\":\"https:\\\/\\\/sprintlogistyka.pl\\\/\",\"name\":\"Sprint Logistyka\",\"description\":\"Transport drogowy krajowy i mi\u0119dzynarodowy\",\"potentialAction\":[{\"@type\":\"SearchAction\",\"target\":{\"@type\":\"EntryPoint\",\"urlTemplate\":\"https:\\\/\\\/sprintlogistyka.pl\\\/?s={search_term_string}\"},\"query-input\":{\"@type\":\"PropertyValueSpecification\",\"valueRequired\":true,\"valueName\":\"search_term_string\"}}],\"inLanguage\":\"pl-PL\"}]}<\/script>\n<!-- \/ Yoast SEO plugin. -->","yoast_head_json":{"title":"Kapita\u0142 zak\u0142adowy - Sprint Logistyka","robots":{"index":"index","follow":"follow","max-snippet":"max-snippet:-1","max-image-preview":"max-image-preview:large","max-video-preview":"max-video-preview:-1"},"canonical":"https:\/\/sprintlogistyka.pl\/index.php\/kapital-zakladowy\/","og_locale":"pl_PL","og_type":"article","og_title":"Kapita\u0142 zak\u0142adowy - Sprint Logistyka","og_description":"Kapita\u0142 zak\u0142adowy \u2013 100\u00a0000 z\u0142 (s\u0142ownie: sto tysi\u0119cy z\u0142otych) Kapita\u0142 wp\u0142acony \u2013 100\u00a0000 z\u0142 (s\u0142ownie: sto tysi\u0119cy z\u0142otych) Akcje Nazwa serii akcji \u2013 A Liczba wyemitowanych akcji w dane serii \u2013 1\u00a0000\u00a0000 (s\u0142ownie: jeden milion) Warto\u015b\u0107 nominalna akcji \u2013 0,10 z\u0142 (s\u0142ownie: dziesi\u0119\u0107 groszy) Rodzaj uprzywilejowania i liczba akcji uprzywilejowanych \u2013 1\u00a0000\u00a0000 (s\u0142ownie: jeden milion) [&hellip;]","og_url":"https:\/\/sprintlogistyka.pl\/index.php\/kapital-zakladowy\/","og_site_name":"Sprint Logistyka","article_modified_time":"2020-07-06T20:39:47+00:00","twitter_card":"summary_large_image","schema":{"@context":"https:\/\/schema.org","@graph":[{"@type":"WebPage","@id":"https:\/\/sprintlogistyka.pl\/index.php\/kapital-zakladowy\/","url":"https:\/\/sprintlogistyka.pl\/index.php\/kapital-zakladowy\/","name":"Kapita\u0142 zak\u0142adowy - Sprint Logistyka","isPartOf":{"@id":"https:\/\/sprintlogistyka.pl\/#website"},"datePublished":"2020-06-01T11:07:25+00:00","dateModified":"2020-07-06T20:39:47+00:00","breadcrumb":{"@id":"https:\/\/sprintlogistyka.pl\/index.php\/kapital-zakladowy\/#breadcrumb"},"inLanguage":"pl-PL","potentialAction":[{"@type":"ReadAction","target":["https:\/\/sprintlogistyka.pl\/index.php\/kapital-zakladowy\/"]}]},{"@type":"BreadcrumbList","@id":"https:\/\/sprintlogistyka.pl\/index.php\/kapital-zakladowy\/#breadcrumb","itemListElement":[{"@type":"ListItem","position":1,"name":"Strona g\u0142\u00f3wna","item":"https:\/\/sprintlogistyka.pl\/"},{"@type":"ListItem","position":2,"name":"Kapita\u0142 zak\u0142adowy"}]},{"@type":"WebSite","@id":"https:\/\/sprintlogistyka.pl\/#website","url":"https:\/\/sprintlogistyka.pl\/","name":"Sprint Logistyka","description":"Transport drogowy krajowy i mi\u0119dzynarodowy","potentialAction":[{"@type":"SearchAction","target":{"@type":"EntryPoint","urlTemplate":"https:\/\/sprintlogistyka.pl\/?s={search_term_string}"},"query-input":{"@type":"PropertyValueSpecification","valueRequired":true,"valueName":"search_term_string"}}],"inLanguage":"pl-PL"}]}},"_links":{"self":[{"href":"https:\/\/sprintlogistyka.pl\/index.php\/wp-json\/wp\/v2\/pages\/1267","targetHints":{"allow":["GET"]}}],"collection":[{"href":"https:\/\/sprintlogistyka.pl\/index.php\/wp-json\/wp\/v2\/pages"}],"about":[{"href":"https:\/\/sprintlogistyka.pl\/index.php\/wp-json\/wp\/v2\/types\/page"}],"author":[{"embeddable":true,"href":"https:\/\/sprintlogistyka.pl\/index.php\/wp-json\/wp\/v2\/users\/1"}],"replies":[{"embeddable":true,"href":"https:\/\/sprintlogistyka.pl\/index.php\/wp-json\/wp\/v2\/comments?post=1267"}],"version-history":[{"count":2,"href":"https:\/\/sprintlogistyka.pl\/index.php\/wp-json\/wp\/v2\/pages\/1267\/revisions"}],"predecessor-version":[{"id":1428,"href":"https:\/\/sprintlogistyka.pl\/index.php\/wp-json\/wp\/v2\/pages\/1267\/revisions\/1428"}],"wp:attachment":[{"href":"https:\/\/sprintlogistyka.pl\/index.php\/wp-json\/wp\/v2\/media?parent=1267"}],"wp:term":[{"taxonomy":"post_tag","embeddable":true,"href":"https:\/\/sprintlogistyka.pl\/index.php\/wp-json\/wp\/v2\/tags?post=1267"}],"curies":[{"name":"wp","href":"https:\/\/api.w.org\/{rel}","templated":true}]}}