{"id":116,"date":"2017-07-25T08:01:42","date_gmt":"2017-07-25T06:01:42","guid":{"rendered":"http:\/\/localhost:58016\/?page_id=116"},"modified":"2023-01-30T11:25:33","modified_gmt":"2023-01-30T10:25:33","slug":"magazynowanie","status":"publish","type":"page","link":"https:\/\/sprintlogistyka.pl\/index.php\/uslugi\/magazynowanie\/","title":{"rendered":"Magazynowanie"},"content":{"rendered":"<h2>Magazynowanie<\/h2>\n<p><strong>Oferujemy profesjonaln\u0105 obs\u0142ug\u0119 magazynow\u0105. Przechowywane u nas \u0142adunki s\u0105 odpowiednio zapakowane, zabezpieczone oraz przygotowane do za\u0142adunku i dalszego transportu.<\/strong><\/p>\n<div class=\"figure\"><img loading=\"lazy\" decoding=\"async\" class=\"alignnone size-full wp-image-688\" src=\"http:\/\/serwer1986166.home.pl\/wpsprint\/wp-content\/uploads\/2017\/07\/magazynowanie-1.jpg\" alt=\"Magazynowanie SPRINT\" width=\"1140\" height=\"450\" srcset=\"https:\/\/sprintlogistyka.pl\/wp-content\/uploads\/2017\/07\/magazynowanie-1.jpg 1140w, https:\/\/sprintlogistyka.pl\/wp-content\/uploads\/2017\/07\/magazynowanie-1-300x118.jpg 300w, https:\/\/sprintlogistyka.pl\/wp-content\/uploads\/2017\/07\/magazynowanie-1-768x303.jpg 768w, https:\/\/sprintlogistyka.pl\/wp-content\/uploads\/2017\/07\/magazynowanie-1-1024x404.jpg 1024w\" sizes=\"auto, (max-width: 1140px) 100vw, 1140px\" \/><\/div>\n<div class=\"flex\">\n<div class=\"item\">\n<h3>Towar<\/h3>\n<p>Przyjmujemy towar na paletach, w pude\u0142kach oraz \u0142adunki wielkogabarytowe. \u015awiadczymy te\u017c us\u0142ug\u0119 pe\u0142nego prze\u0142adunku i paletyzowania.<\/p>\n<\/div>\n<div class=\"item\">\n<h3>Magazyny<\/h3>\n<p>Oferujemy zar\u00f3wno opcj\u0119 magazynowania na najwy\u017cszym poziomie jako\u015bci, jak i wersj\u0119 ekonomiczn\u0105 dla mniej wymagaj\u0105cych towar\u00f3w. Wszystkie nasze magazyny s\u0105 ogrzewane i zabezpieczone przed dost\u0119pem os\u00f3b trzecich.<\/p>\n<\/div>\n<div class=\"item\">\n<h3>Us\u0142uga specjalna<\/h3>\n<p>W przypadku dodatkowych wymaga\u0144 Klient\u00f3w, jak np. magazynowanie materia\u0142\u00f3w niestandardowych w szczeg\u00f3lnych warunkach ch\u0142odniczych czy innych, z przyjemno\u015bci\u0105 podejmiemy si\u0119 znalezienia odpowiedniego miejsca.<\/p>\n<\/div>\n<\/div>\n","protected":false},"excerpt":{"rendered":"<p>Magazynowanie Oferujemy profesjonaln\u0105 obs\u0142ug\u0119 magazynow\u0105. Przechowywane u nas \u0142adunki s\u0105 odpowiednio zapakowane, zabezpieczone oraz przygotowane do za\u0142adunku i dalszego transportu. Towar Przyjmujemy towar na paletach, w pude\u0142kach oraz \u0142adunki wielkogabarytowe. \u015awiadczymy te\u017c us\u0142ug\u0119 pe\u0142nego prze\u0142adunku i paletyzowania. Magazyny Oferujemy zar\u00f3wno opcj\u0119 magazynowania na najwy\u017cszym poziomie jako\u015bci, jak i wersj\u0119 ekonomiczn\u0105 dla mniej wymagaj\u0105cych towar\u00f3w. Wszystkie [&hellip;]<\/p>\n","protected":false},"author":1,"featured_media":0,"parent":15,"menu_order":0,"comment_status":"closed","ping_status":"closed","template":"","meta":{"_acf_changed":false,"footnotes":""},"tags":[],"class_list":["post-116","page","type-page","status-publish","hentry"],"acf":[],"yoast_head":"<!-- This site is optimized with the Yoast SEO plugin v27.5 - https:\/\/yoast.com\/product\/yoast-seo-wordpress\/ -->\n<title>Magazynowanie - Sprint Logistyka<\/title>\n<meta name=\"robots\" content=\"index, follow, max-snippet:-1, max-image-preview:large, max-video-preview:-1\" \/>\n<link rel=\"canonical\" href=\"https:\/\/sprintlogistyka.pl\/index.php\/uslugi\/magazynowanie\/\" \/>\n<meta property=\"og:locale\" content=\"pl_PL\" \/>\n<meta property=\"og:type\" content=\"article\" \/>\n<meta property=\"og:title\" content=\"Magazynowanie - Sprint Logistyka\" \/>\n<meta property=\"og:description\" content=\"Magazynowanie Oferujemy profesjonaln\u0105 obs\u0142ug\u0119 magazynow\u0105. Przechowywane u nas \u0142adunki s\u0105 odpowiednio zapakowane, zabezpieczone oraz przygotowane do za\u0142adunku i dalszego transportu. Towar Przyjmujemy towar na paletach, w pude\u0142kach oraz \u0142adunki wielkogabarytowe. \u015awiadczymy te\u017c us\u0142ug\u0119 pe\u0142nego prze\u0142adunku i paletyzowania. Magazyny Oferujemy zar\u00f3wno opcj\u0119 magazynowania na najwy\u017cszym poziomie jako\u015bci, jak i wersj\u0119 ekonomiczn\u0105 dla mniej wymagaj\u0105cych towar\u00f3w. Wszystkie [&hellip;]\" \/>\n<meta property=\"og:url\" content=\"https:\/\/sprintlogistyka.pl\/index.php\/uslugi\/magazynowanie\/\" \/>\n<meta property=\"og:site_name\" content=\"Sprint Logistyka\" \/>\n<meta property=\"article:modified_time\" content=\"2023-01-30T10:25:33+00:00\" \/>\n<meta property=\"og:image\" content=\"http:\/\/serwer1986166.home.pl\/wpsprint\/wp-content\/uploads\/2017\/07\/magazynowanie-1.jpg\" \/>\n<meta name=\"twitter:card\" content=\"summary_large_image\" \/>\n<meta name=\"twitter:label1\" content=\"Szacowany czas czytania\" \/>\n\t<meta name=\"twitter:data1\" content=\"1 minuta\" \/>\n<script type=\"application\/ld+json\" class=\"yoast-schema-graph\">{\"@context\":\"https:\\\/\\\/schema.org\",\"@graph\":[{\"@type\":\"WebPage\",\"@id\":\"https:\\\/\\\/sprintlogistyka.pl\\\/index.php\\\/uslugi\\\/magazynowanie\\\/\",\"url\":\"https:\\\/\\\/sprintlogistyka.pl\\\/index.php\\\/uslugi\\\/magazynowanie\\\/\",\"name\":\"Magazynowanie - Sprint Logistyka\",\"isPartOf\":{\"@id\":\"https:\\\/\\\/sprintlogistyka.pl\\\/#website\"},\"primaryImageOfPage\":{\"@id\":\"https:\\\/\\\/sprintlogistyka.pl\\\/index.php\\\/uslugi\\\/magazynowanie\\\/#primaryimage\"},\"image\":{\"@id\":\"https:\\\/\\\/sprintlogistyka.pl\\\/index.php\\\/uslugi\\\/magazynowanie\\\/#primaryimage\"},\"thumbnailUrl\":\"http:\\\/\\\/serwer1986166.home.pl\\\/wpsprint\\\/wp-content\\\/uploads\\\/2017\\\/07\\\/magazynowanie-1.jpg\",\"datePublished\":\"2017-07-25T06:01:42+00:00\",\"dateModified\":\"2023-01-30T10:25:33+00:00\",\"breadcrumb\":{\"@id\":\"https:\\\/\\\/sprintlogistyka.pl\\\/index.php\\\/uslugi\\\/magazynowanie\\\/#breadcrumb\"},\"inLanguage\":\"pl-PL\",\"potentialAction\":[{\"@type\":\"ReadAction\",\"target\":[\"https:\\\/\\\/sprintlogistyka.pl\\\/index.php\\\/uslugi\\\/magazynowanie\\\/\"]}]},{\"@type\":\"ImageObject\",\"inLanguage\":\"pl-PL\",\"@id\":\"https:\\\/\\\/sprintlogistyka.pl\\\/index.php\\\/uslugi\\\/magazynowanie\\\/#primaryimage\",\"url\":\"http:\\\/\\\/serwer1986166.home.pl\\\/wpsprint\\\/wp-content\\\/uploads\\\/2017\\\/07\\\/magazynowanie-1.jpg\",\"contentUrl\":\"http:\\\/\\\/serwer1986166.home.pl\\\/wpsprint\\\/wp-content\\\/uploads\\\/2017\\\/07\\\/magazynowanie-1.jpg\"},{\"@type\":\"BreadcrumbList\",\"@id\":\"https:\\\/\\\/sprintlogistyka.pl\\\/index.php\\\/uslugi\\\/magazynowanie\\\/#breadcrumb\",\"itemListElement\":[{\"@type\":\"ListItem\",\"position\":1,\"name\":\"Strona g\u0142\u00f3wna\",\"item\":\"https:\\\/\\\/sprintlogistyka.pl\\\/\"},{\"@type\":\"ListItem\",\"position\":2,\"name\":\"Us\u0142ugi\",\"item\":\"https:\\\/\\\/sprintlogistyka.pl\\\/index.php\\\/uslugi\\\/\"},{\"@type\":\"ListItem\",\"position\":3,\"name\":\"Magazynowanie\"}]},{\"@type\":\"WebSite\",\"@id\":\"https:\\\/\\\/sprintlogistyka.pl\\\/#website\",\"url\":\"https:\\\/\\\/sprintlogistyka.pl\\\/\",\"name\":\"Sprint Logistyka\",\"description\":\"Transport drogowy krajowy i mi\u0119dzynarodowy\",\"potentialAction\":[{\"@type\":\"SearchAction\",\"target\":{\"@type\":\"EntryPoint\",\"urlTemplate\":\"https:\\\/\\\/sprintlogistyka.pl\\\/?s={search_term_string}\"},\"query-input\":{\"@type\":\"PropertyValueSpecification\",\"valueRequired\":true,\"valueName\":\"search_term_string\"}}],\"inLanguage\":\"pl-PL\"}]}<\/script>\n<!-- \/ Yoast SEO plugin. -->","yoast_head_json":{"title":"Magazynowanie - Sprint Logistyka","robots":{"index":"index","follow":"follow","max-snippet":"max-snippet:-1","max-image-preview":"max-image-preview:large","max-video-preview":"max-video-preview:-1"},"canonical":"https:\/\/sprintlogistyka.pl\/index.php\/uslugi\/magazynowanie\/","og_locale":"pl_PL","og_type":"article","og_title":"Magazynowanie - Sprint Logistyka","og_description":"Magazynowanie Oferujemy profesjonaln\u0105 obs\u0142ug\u0119 magazynow\u0105. Przechowywane u nas \u0142adunki s\u0105 odpowiednio zapakowane, zabezpieczone oraz przygotowane do za\u0142adunku i dalszego transportu. Towar Przyjmujemy towar na paletach, w pude\u0142kach oraz \u0142adunki wielkogabarytowe. \u015awiadczymy te\u017c us\u0142ug\u0119 pe\u0142nego prze\u0142adunku i paletyzowania. Magazyny Oferujemy zar\u00f3wno opcj\u0119 magazynowania na najwy\u017cszym poziomie jako\u015bci, jak i wersj\u0119 ekonomiczn\u0105 dla mniej wymagaj\u0105cych towar\u00f3w. Wszystkie [&hellip;]","og_url":"https:\/\/sprintlogistyka.pl\/index.php\/uslugi\/magazynowanie\/","og_site_name":"Sprint Logistyka","article_modified_time":"2023-01-30T10:25:33+00:00","og_image":[{"url":"http:\/\/serwer1986166.home.pl\/wpsprint\/wp-content\/uploads\/2017\/07\/magazynowanie-1.jpg","type":"","width":"","height":""}],"twitter_card":"summary_large_image","twitter_misc":{"Szacowany czas czytania":"1 minuta"},"schema":{"@context":"https:\/\/schema.org","@graph":[{"@type":"WebPage","@id":"https:\/\/sprintlogistyka.pl\/index.php\/uslugi\/magazynowanie\/","url":"https:\/\/sprintlogistyka.pl\/index.php\/uslugi\/magazynowanie\/","name":"Magazynowanie - Sprint Logistyka","isPartOf":{"@id":"https:\/\/sprintlogistyka.pl\/#website"},"primaryImageOfPage":{"@id":"https:\/\/sprintlogistyka.pl\/index.php\/uslugi\/magazynowanie\/#primaryimage"},"image":{"@id":"https:\/\/sprintlogistyka.pl\/index.php\/uslugi\/magazynowanie\/#primaryimage"},"thumbnailUrl":"http:\/\/serwer1986166.home.pl\/wpsprint\/wp-content\/uploads\/2017\/07\/magazynowanie-1.jpg","datePublished":"2017-07-25T06:01:42+00:00","dateModified":"2023-01-30T10:25:33+00:00","breadcrumb":{"@id":"https:\/\/sprintlogistyka.pl\/index.php\/uslugi\/magazynowanie\/#breadcrumb"},"inLanguage":"pl-PL","potentialAction":[{"@type":"ReadAction","target":["https:\/\/sprintlogistyka.pl\/index.php\/uslugi\/magazynowanie\/"]}]},{"@type":"ImageObject","inLanguage":"pl-PL","@id":"https:\/\/sprintlogistyka.pl\/index.php\/uslugi\/magazynowanie\/#primaryimage","url":"http:\/\/serwer1986166.home.pl\/wpsprint\/wp-content\/uploads\/2017\/07\/magazynowanie-1.jpg","contentUrl":"http:\/\/serwer1986166.home.pl\/wpsprint\/wp-content\/uploads\/2017\/07\/magazynowanie-1.jpg"},{"@type":"BreadcrumbList","@id":"https:\/\/sprintlogistyka.pl\/index.php\/uslugi\/magazynowanie\/#breadcrumb","itemListElement":[{"@type":"ListItem","position":1,"name":"Strona g\u0142\u00f3wna","item":"https:\/\/sprintlogistyka.pl\/"},{"@type":"ListItem","position":2,"name":"Us\u0142ugi","item":"https:\/\/sprintlogistyka.pl\/index.php\/uslugi\/"},{"@type":"ListItem","position":3,"name":"Magazynowanie"}]},{"@type":"WebSite","@id":"https:\/\/sprintlogistyka.pl\/#website","url":"https:\/\/sprintlogistyka.pl\/","name":"Sprint Logistyka","description":"Transport drogowy krajowy i mi\u0119dzynarodowy","potentialAction":[{"@type":"SearchAction","target":{"@type":"EntryPoint","urlTemplate":"https:\/\/sprintlogistyka.pl\/?s={search_term_string}"},"query-input":{"@type":"PropertyValueSpecification","valueRequired":true,"valueName":"search_term_string"}}],"inLanguage":"pl-PL"}]}},"_links":{"self":[{"href":"https:\/\/sprintlogistyka.pl\/index.php\/wp-json\/wp\/v2\/pages\/116","targetHints":{"allow":["GET"]}}],"collection":[{"href":"https:\/\/sprintlogistyka.pl\/index.php\/wp-json\/wp\/v2\/pages"}],"about":[{"href":"https:\/\/sprintlogistyka.pl\/index.php\/wp-json\/wp\/v2\/types\/page"}],"author":[{"embeddable":true,"href":"https:\/\/sprintlogistyka.pl\/index.php\/wp-json\/wp\/v2\/users\/1"}],"replies":[{"embeddable":true,"href":"https:\/\/sprintlogistyka.pl\/index.php\/wp-json\/wp\/v2\/comments?post=116"}],"version-history":[{"count":23,"href":"https:\/\/sprintlogistyka.pl\/index.php\/wp-json\/wp\/v2\/pages\/116\/revisions"}],"predecessor-version":[{"id":1632,"href":"https:\/\/sprintlogistyka.pl\/index.php\/wp-json\/wp\/v2\/pages\/116\/revisions\/1632"}],"up":[{"embeddable":true,"href":"https:\/\/sprintlogistyka.pl\/index.php\/wp-json\/wp\/v2\/pages\/15"}],"wp:attachment":[{"href":"https:\/\/sprintlogistyka.pl\/index.php\/wp-json\/wp\/v2\/media?parent=116"}],"wp:term":[{"taxonomy":"post_tag","embeddable":true,"href":"https:\/\/sprintlogistyka.pl\/index.php\/wp-json\/wp\/v2\/tags?post=116"}],"curies":[{"name":"wp","href":"https:\/\/api.w.org\/{rel}","templated":true}]}}