{"id":1021,"date":"2018-07-16T21:30:10","date_gmt":"2018-07-16T19:30:10","guid":{"rendered":"http:\/\/serwer1986166.home.pl\/wpsprint\/?page_id=1021"},"modified":"2022-10-20T09:31:00","modified_gmt":"2022-10-20T07:31:00","slug":"fur-transporteure","status":"publish","type":"page","link":"https:\/\/sprintlogistyka.pl\/index.php\/fur-transporteure\/","title":{"rendered":"F\u00dcR TRANSPORTEURE"},"content":{"rendered":"<h2>DURCH LEIDENSCHAFT F\u00dcR EINEN GEMEINSAMEN ZWECK<\/h2>\n<p><strong>Wenn Sie Wert auf professionelle Speditionsleistungen, p\u00fcnktliche Zahlungen und klare Abrechnungsregeln legen, laden wir Sie zur Zusammenarbeit ein.<\/strong><\/p>\n<div class=\"flex\">\n<div class=\"item\">\n<h3>WER WIR SIND?<\/h3>\n<\/div>\n<div class=\"item\">\n<p>Eine erfahrene Transport- und Speditionsfirma. Die Basis unseres Angebots sind Komplettladungen, sowie Teilladungen und Sammelladungen. Wir sind seit mehreren Jahren auf dem Markt pr\u00e4sent und bedienen mittlere und gro\u00dfe Unternehmen sowie Konzerne aus verschiedenen Teilen der Welt.<\/p>\n<\/div>\n<div class=\"item\">\n<h3>WEN SUCHEN WIR?<\/h3>\n<\/div>\n<div class=\"item\">\n<p>Aufgrund der dynamischen Entwicklung suchen wir nach zuverl\u00e4ssigen Transportunternehmen, mit denen wir eine langfristige Zusammenarbeit aufbauen k\u00f6nnen. Wir bieten unseren Kunden Dienstleistungen von h\u00f6chster Qualit\u00e4t. Wir k\u00fcmmern uns besonders um die Sicherheit und P\u00fcnktlichkeit der uns anvertrauten Lieferungen, deswegen suchen wir Transportunternehmen die eine Versicherungssumme von mindestens 150.000 PLN haben.<\/p>\n<\/div>\n<div class=\"item\">\n<h3>WAS GARANTIEREN WIR?<\/h3>\n<\/div>\n<div class=\"item\">\n<p>Wir bieten einen umfassenden Service f\u00fcr den Betrieb einer Fahrzeugflotte in Polen und im Ausland. Festen Subunternehmen garantieren wir:<\/p>\n<ul>\n<li>eine feste Transportrate,<\/li>\n<li>rechtzeitige Zahlungen mit der M\u00f6glichkeit einer fr\u00fchzeitigen Abwicklung,<\/li>\n<li>optimale Nutzung des Fuhrparks,<\/li>\n<li>Zusammenarbeit mit erfahrenen Spediteuren,<\/li>\n<li>Arbeit nach dem Prinzip des Rundlaufs.<\/li>\n<\/ul>\n<p>Wir bevorzugen den direkten Kontakt mit dem Fahrer und k\u00fcmmern uns um die richtige Gestaltung des Stundenplans (die richtige Zeit f\u00fcr Pause und Erholung). Wir versuchen, die Dauer der Reise an den Transporteur anzupassen.. Wir \u00fcberwachen den Transport 24 Stunden am Tag &#8211; bis zur Fertigstellung.<\/p>\n<\/div>\n<div class=\"item\">\n<h3>WELCHEN ZAHLUNGSTERMIN BIETEN WIR AN?<\/h3>\n<\/div>\n<div class=\"item\">\n<p>Die Zahlung f\u00fcr die Dienstleistung erfolgt innerhalb von 45 Tagen. Es gibt jedoch viele M\u00f6glichkeiten, den Zahlungszeitraum zu verk\u00fcrzen:<\/p>\n<ul>\n<li>5 Tage f\u00fcr jedes Fahrzeug &#8211; Einf\u00fchrung eines zweiten Fahrsatzes,<\/li>\n<li>weitere 2 Tage f\u00fcr jedes Fahrzeug &#8211; Einf\u00fchrung des dritten und jedes weiteren Fahrsatzes,<\/li>\n<li>um 5 Tage &#8211; Platzierung der Werbung der Sprint Kapitalgruppe an der Hintert\u00fcr aller Sattelauflieger (wir \u00fcbernehmen die Kosten f\u00fcr die Werbung)<\/li>\n<li>5 Tage f\u00fcr einen Zeitraum von zwei Monaten &#8211; Empfehlung an einen anderen Transporteur, der sich f\u00fcr eine Zusammenarbeit mit uns entscheidet.<\/li>\n<\/ul>\n<\/div>\n<\/div>\n<h3>IN PDF HERUNTERLADEN<\/h3>\n<p><a class=\"btn btn-default\" href=\"http:\/\/serwer1986166.home.pl\/wpsprint\/wp-content\/uploads\/2018\/04\/oferta-wspolpracy-sprint-2018.pdf\">herunterladen<\/a><\/p>\n<h2>ANSPRECHPARTNER F\u00dcR TRANSPORTEURE<\/h2>\n<p><strong>Monika Rogozi\u0144ska<\/strong><br \/>\nSpezialist im Fachb. Kontrakt Fuhrpark<br \/>\nTel. kom.: +48 722 109 134<br \/>\n<a href=\"mailto:m.rogozinska@sprintlogistyka.pl\">m.rogozinska@sprintlogistyka.pl<\/a><\/p>\n","protected":false},"excerpt":{"rendered":"<p>DURCH LEIDENSCHAFT F\u00dcR EINEN GEMEINSAMEN ZWECK Wenn Sie Wert auf professionelle Speditionsleistungen, p\u00fcnktliche Zahlungen und klare Abrechnungsregeln legen, laden wir Sie zur Zusammenarbeit ein. WER WIR SIND? Eine erfahrene Transport- und Speditionsfirma. Die Basis unseres Angebots sind Komplettladungen, sowie Teilladungen und Sammelladungen. Wir sind seit mehreren Jahren auf dem Markt pr\u00e4sent und bedienen mittlere und [&hellip;]<\/p>\n","protected":false},"author":1,"featured_media":0,"parent":0,"menu_order":0,"comment_status":"closed","ping_status":"closed","template":"","meta":{"_acf_changed":false,"footnotes":""},"tags":[],"class_list":["post-1021","page","type-page","status-publish","hentry"],"acf":[],"yoast_head":"<!-- This site is optimized with the Yoast SEO plugin v27.6 - https:\/\/yoast.com\/product\/yoast-seo-wordpress\/ -->\n<title>F\u00dcR TRANSPORTEURE - Sprint Logistyka<\/title>\n<meta name=\"robots\" content=\"index, follow, max-snippet:-1, max-image-preview:large, max-video-preview:-1\" \/>\n<link rel=\"canonical\" href=\"https:\/\/sprintlogistyka.pl\/index.php\/fur-transporteure\/\" \/>\n<meta property=\"og:locale\" content=\"pl_PL\" \/>\n<meta property=\"og:type\" content=\"article\" \/>\n<meta property=\"og:title\" content=\"F\u00dcR TRANSPORTEURE - Sprint Logistyka\" \/>\n<meta property=\"og:description\" content=\"DURCH LEIDENSCHAFT F\u00dcR EINEN GEMEINSAMEN ZWECK Wenn Sie Wert auf professionelle Speditionsleistungen, p\u00fcnktliche Zahlungen und klare Abrechnungsregeln legen, laden wir Sie zur Zusammenarbeit ein. WER WIR SIND? Eine erfahrene Transport- und Speditionsfirma. Die Basis unseres Angebots sind Komplettladungen, sowie Teilladungen und Sammelladungen. Wir sind seit mehreren Jahren auf dem Markt pr\u00e4sent und bedienen mittlere und [&hellip;]\" \/>\n<meta property=\"og:url\" content=\"https:\/\/sprintlogistyka.pl\/index.php\/fur-transporteure\/\" \/>\n<meta property=\"og:site_name\" content=\"Sprint Logistyka\" \/>\n<meta property=\"article:modified_time\" content=\"2022-10-20T07:31:00+00:00\" \/>\n<meta name=\"twitter:card\" content=\"summary_large_image\" \/>\n<meta name=\"twitter:label1\" content=\"Szacowany czas czytania\" \/>\n\t<meta name=\"twitter:data1\" content=\"2 minuty\" \/>\n<script type=\"application\/ld+json\" class=\"yoast-schema-graph\">{\"@context\":\"https:\\\/\\\/schema.org\",\"@graph\":[{\"@type\":\"WebPage\",\"@id\":\"https:\\\/\\\/sprintlogistyka.pl\\\/index.php\\\/fur-transporteure\\\/\",\"url\":\"https:\\\/\\\/sprintlogistyka.pl\\\/index.php\\\/fur-transporteure\\\/\",\"name\":\"F\u00dcR TRANSPORTEURE - Sprint Logistyka\",\"isPartOf\":{\"@id\":\"https:\\\/\\\/sprintlogistyka.pl\\\/#website\"},\"datePublished\":\"2018-07-16T19:30:10+00:00\",\"dateModified\":\"2022-10-20T07:31:00+00:00\",\"breadcrumb\":{\"@id\":\"https:\\\/\\\/sprintlogistyka.pl\\\/index.php\\\/fur-transporteure\\\/#breadcrumb\"},\"inLanguage\":\"pl-PL\",\"potentialAction\":[{\"@type\":\"ReadAction\",\"target\":[\"https:\\\/\\\/sprintlogistyka.pl\\\/index.php\\\/fur-transporteure\\\/\"]}]},{\"@type\":\"BreadcrumbList\",\"@id\":\"https:\\\/\\\/sprintlogistyka.pl\\\/index.php\\\/fur-transporteure\\\/#breadcrumb\",\"itemListElement\":[{\"@type\":\"ListItem\",\"position\":1,\"name\":\"Strona g\u0142\u00f3wna\",\"item\":\"https:\\\/\\\/sprintlogistyka.pl\\\/\"},{\"@type\":\"ListItem\",\"position\":2,\"name\":\"F\u00dcR TRANSPORTEURE\"}]},{\"@type\":\"WebSite\",\"@id\":\"https:\\\/\\\/sprintlogistyka.pl\\\/#website\",\"url\":\"https:\\\/\\\/sprintlogistyka.pl\\\/\",\"name\":\"Sprint Logistyka\",\"description\":\"Transport drogowy krajowy i mi\u0119dzynarodowy\",\"potentialAction\":[{\"@type\":\"SearchAction\",\"target\":{\"@type\":\"EntryPoint\",\"urlTemplate\":\"https:\\\/\\\/sprintlogistyka.pl\\\/?s={search_term_string}\"},\"query-input\":{\"@type\":\"PropertyValueSpecification\",\"valueRequired\":true,\"valueName\":\"search_term_string\"}}],\"inLanguage\":\"pl-PL\"}]}<\/script>\n<!-- \/ Yoast SEO plugin. -->","yoast_head_json":{"title":"F\u00dcR TRANSPORTEURE - Sprint Logistyka","robots":{"index":"index","follow":"follow","max-snippet":"max-snippet:-1","max-image-preview":"max-image-preview:large","max-video-preview":"max-video-preview:-1"},"canonical":"https:\/\/sprintlogistyka.pl\/index.php\/fur-transporteure\/","og_locale":"pl_PL","og_type":"article","og_title":"F\u00dcR TRANSPORTEURE - Sprint Logistyka","og_description":"DURCH LEIDENSCHAFT F\u00dcR EINEN GEMEINSAMEN ZWECK Wenn Sie Wert auf professionelle Speditionsleistungen, p\u00fcnktliche Zahlungen und klare Abrechnungsregeln legen, laden wir Sie zur Zusammenarbeit ein. WER WIR SIND? Eine erfahrene Transport- und Speditionsfirma. Die Basis unseres Angebots sind Komplettladungen, sowie Teilladungen und Sammelladungen. Wir sind seit mehreren Jahren auf dem Markt pr\u00e4sent und bedienen mittlere und [&hellip;]","og_url":"https:\/\/sprintlogistyka.pl\/index.php\/fur-transporteure\/","og_site_name":"Sprint Logistyka","article_modified_time":"2022-10-20T07:31:00+00:00","twitter_card":"summary_large_image","twitter_misc":{"Szacowany czas czytania":"2 minuty"},"schema":{"@context":"https:\/\/schema.org","@graph":[{"@type":"WebPage","@id":"https:\/\/sprintlogistyka.pl\/index.php\/fur-transporteure\/","url":"https:\/\/sprintlogistyka.pl\/index.php\/fur-transporteure\/","name":"F\u00dcR TRANSPORTEURE - Sprint Logistyka","isPartOf":{"@id":"https:\/\/sprintlogistyka.pl\/#website"},"datePublished":"2018-07-16T19:30:10+00:00","dateModified":"2022-10-20T07:31:00+00:00","breadcrumb":{"@id":"https:\/\/sprintlogistyka.pl\/index.php\/fur-transporteure\/#breadcrumb"},"inLanguage":"pl-PL","potentialAction":[{"@type":"ReadAction","target":["https:\/\/sprintlogistyka.pl\/index.php\/fur-transporteure\/"]}]},{"@type":"BreadcrumbList","@id":"https:\/\/sprintlogistyka.pl\/index.php\/fur-transporteure\/#breadcrumb","itemListElement":[{"@type":"ListItem","position":1,"name":"Strona g\u0142\u00f3wna","item":"https:\/\/sprintlogistyka.pl\/"},{"@type":"ListItem","position":2,"name":"F\u00dcR TRANSPORTEURE"}]},{"@type":"WebSite","@id":"https:\/\/sprintlogistyka.pl\/#website","url":"https:\/\/sprintlogistyka.pl\/","name":"Sprint Logistyka","description":"Transport drogowy krajowy i mi\u0119dzynarodowy","potentialAction":[{"@type":"SearchAction","target":{"@type":"EntryPoint","urlTemplate":"https:\/\/sprintlogistyka.pl\/?s={search_term_string}"},"query-input":{"@type":"PropertyValueSpecification","valueRequired":true,"valueName":"search_term_string"}}],"inLanguage":"pl-PL"}]}},"_links":{"self":[{"href":"https:\/\/sprintlogistyka.pl\/index.php\/wp-json\/wp\/v2\/pages\/1021","targetHints":{"allow":["GET"]}}],"collection":[{"href":"https:\/\/sprintlogistyka.pl\/index.php\/wp-json\/wp\/v2\/pages"}],"about":[{"href":"https:\/\/sprintlogistyka.pl\/index.php\/wp-json\/wp\/v2\/types\/page"}],"author":[{"embeddable":true,"href":"https:\/\/sprintlogistyka.pl\/index.php\/wp-json\/wp\/v2\/users\/1"}],"replies":[{"embeddable":true,"href":"https:\/\/sprintlogistyka.pl\/index.php\/wp-json\/wp\/v2\/comments?post=1021"}],"version-history":[{"count":8,"href":"https:\/\/sprintlogistyka.pl\/index.php\/wp-json\/wp\/v2\/pages\/1021\/revisions"}],"predecessor-version":[{"id":1590,"href":"https:\/\/sprintlogistyka.pl\/index.php\/wp-json\/wp\/v2\/pages\/1021\/revisions\/1590"}],"wp:attachment":[{"href":"https:\/\/sprintlogistyka.pl\/index.php\/wp-json\/wp\/v2\/media?parent=1021"}],"wp:term":[{"taxonomy":"post_tag","embeddable":true,"href":"https:\/\/sprintlogistyka.pl\/index.php\/wp-json\/wp\/v2\/tags?post=1021"}],"curies":[{"name":"wp","href":"https:\/\/api.w.org\/{rel}","templated":true}]}}