{"id":1019,"date":"2018-07-16T21:29:52","date_gmt":"2018-07-16T19:29:52","guid":{"rendered":"http:\/\/serwer1986166.home.pl\/wpsprint\/?page_id=1019"},"modified":"2023-08-11T16:12:02","modified_gmt":"2023-08-11T14:12:02","slug":"uber-uns","status":"publish","type":"page","link":"https:\/\/sprintlogistyka.pl\/index.php\/uber-uns\/","title":{"rendered":"\u00dcBER UNS"},"content":{"rendered":"<h2>EIN PAAR WORTE \u00dcBER UNS UND UNSERE ARBEIT<\/h2>\n<p><strong>Die gr\u00f6\u00dften haben uns vertraut! Folgen Sie Ihnen! Schon seit 2003 erobert die Sprint Kapitalgruppe erfolgreich den Markt. Spezialisiert auf den Stra\u00dfenverkehr, national und international.<br \/>\n<\/strong><\/p>\n<p>Die Grundlage unserer T\u00e4tigkeit sind LKW-Komplettladungen unter Ber\u00fccksichtigung der Bed\u00fcrfnisse unserer Kunden realisieren wir sowohl Zuladungen als auch Sammelgutsendungen innerhalb des Landes und Europas.<\/p>\n<p>Unser Vorteil ist ein perfekt funktionierendes Palettenrotationssystem. In dieser Hinsicht haben wir langj\u00e4hrige Erfahrung, die durch die Zufriedenheit und Referenzen vieler zufriedener Kunden unterst\u00fctzt wird.<\/p>\n<p>Die Sicherheit der uns anvertrauten Ladungen hat f\u00fcr uns Priorit\u00e4t. Deshalb haben wir eine der besten Versicherungspolicen mit entsprechend hohen Garantiesummen. Wir operieren zu einem gro\u00dfen Teil auf der Grundlage von langfristigen Vertr\u00e4gen mit Transporteuren mit einer etablierten Marktposition, was die Sicherheit und P\u00fcnktlichkeit der Lieferungen von anvertrautem Eigentum weiter beeintr\u00e4chtigt.<\/p>\n<p>Wir haben einen st\u00e4ndig erweiterten und modernisierten Fuhrpark. Umfasst Fahrzeuge wie zum Beispiel:<\/p>\n<ul>\n<li>Standard 13,6 m,<\/li>\n<li>Tandem,<\/li>\n<li>Megatrailer,<\/li>\n<li>Busse,<\/li>\n<li>Sets mit Sattelaufliegern, die mit vollwertigen Palettenbeh\u00e4ltern ausgestattet sind.<\/li>\n<\/ul>\n<p>Die von uns erbrachten Dienstleistungen zeichnen sich durch h\u00f6chste Qualit\u00e4tsstandards aus, was durch die erhaltenen Lorbeeren und Zertifikate best\u00e4tigt wird. Der richtige Logistikprozess wird von engagierten und kompetenten Spediteuren betreut, die sich individuell um Kunden k\u00fcmmern.<\/p>\n<p>Mit Engagement und Offenheit f\u00fcr die Bed\u00fcrfnisse unserer Kunden planen und realisieren wir alle Projekte im Bereich Transport und Logistik.<\/p>\n<p>Haben Sie eine Ladung? Schicken Sie Ihre Anfrage! <a href=\"http:\/\/serwer1986166.home.pl\/wpsprint\/index.php\/kontakt\/\"><strong>Anfrage senden<\/strong><\/a>.<\/p>\n<p>Auf eine langj\u00e4hrige und erfolgreiche Zusammenarbeit<br \/>\nIhr Sprint Logistyka Polska Team<\/p>\n","protected":false},"excerpt":{"rendered":"<p>EIN PAAR WORTE \u00dcBER UNS UND UNSERE ARBEIT Die gr\u00f6\u00dften haben uns vertraut! Folgen Sie Ihnen! Schon seit 2003 erobert die Sprint Kapitalgruppe erfolgreich den Markt. Spezialisiert auf den Stra\u00dfenverkehr, national und international. Die Grundlage unserer T\u00e4tigkeit sind LKW-Komplettladungen unter Ber\u00fccksichtigung der Bed\u00fcrfnisse unserer Kunden realisieren wir sowohl Zuladungen als auch Sammelgutsendungen innerhalb des Landes [&hellip;]<\/p>\n","protected":false},"author":1,"featured_media":0,"parent":0,"menu_order":0,"comment_status":"closed","ping_status":"closed","template":"","meta":{"_acf_changed":false,"footnotes":""},"tags":[],"class_list":["post-1019","page","type-page","status-publish","hentry"],"acf":[],"yoast_head":"<!-- This site is optimized with the Yoast SEO plugin v27.6 - https:\/\/yoast.com\/product\/yoast-seo-wordpress\/ -->\n<title>\u00dcBER UNS - Sprint Logistyka<\/title>\n<meta name=\"robots\" content=\"index, follow, max-snippet:-1, max-image-preview:large, max-video-preview:-1\" \/>\n<link rel=\"canonical\" href=\"https:\/\/sprintlogistyka.pl\/index.php\/uber-uns\/\" \/>\n<meta property=\"og:locale\" content=\"pl_PL\" \/>\n<meta property=\"og:type\" content=\"article\" \/>\n<meta property=\"og:title\" content=\"\u00dcBER UNS - Sprint Logistyka\" \/>\n<meta property=\"og:description\" content=\"EIN PAAR WORTE \u00dcBER UNS UND UNSERE ARBEIT Die gr\u00f6\u00dften haben uns vertraut! Folgen Sie Ihnen! Schon seit 2003 erobert die Sprint Kapitalgruppe erfolgreich den Markt. Spezialisiert auf den Stra\u00dfenverkehr, national und international. Die Grundlage unserer T\u00e4tigkeit sind LKW-Komplettladungen unter Ber\u00fccksichtigung der Bed\u00fcrfnisse unserer Kunden realisieren wir sowohl Zuladungen als auch Sammelgutsendungen innerhalb des Landes [&hellip;]\" \/>\n<meta property=\"og:url\" content=\"https:\/\/sprintlogistyka.pl\/index.php\/uber-uns\/\" \/>\n<meta property=\"og:site_name\" content=\"Sprint Logistyka\" \/>\n<meta property=\"article:modified_time\" content=\"2023-08-11T14:12:02+00:00\" \/>\n<meta name=\"twitter:card\" content=\"summary_large_image\" \/>\n<meta name=\"twitter:label1\" content=\"Szacowany czas czytania\" \/>\n\t<meta name=\"twitter:data1\" content=\"2 minuty\" \/>\n<script type=\"application\/ld+json\" class=\"yoast-schema-graph\">{\"@context\":\"https:\\\/\\\/schema.org\",\"@graph\":[{\"@type\":\"WebPage\",\"@id\":\"https:\\\/\\\/sprintlogistyka.pl\\\/index.php\\\/uber-uns\\\/\",\"url\":\"https:\\\/\\\/sprintlogistyka.pl\\\/index.php\\\/uber-uns\\\/\",\"name\":\"\u00dcBER UNS - Sprint Logistyka\",\"isPartOf\":{\"@id\":\"https:\\\/\\\/sprintlogistyka.pl\\\/#website\"},\"datePublished\":\"2018-07-16T19:29:52+00:00\",\"dateModified\":\"2023-08-11T14:12:02+00:00\",\"breadcrumb\":{\"@id\":\"https:\\\/\\\/sprintlogistyka.pl\\\/index.php\\\/uber-uns\\\/#breadcrumb\"},\"inLanguage\":\"pl-PL\",\"potentialAction\":[{\"@type\":\"ReadAction\",\"target\":[\"https:\\\/\\\/sprintlogistyka.pl\\\/index.php\\\/uber-uns\\\/\"]}]},{\"@type\":\"BreadcrumbList\",\"@id\":\"https:\\\/\\\/sprintlogistyka.pl\\\/index.php\\\/uber-uns\\\/#breadcrumb\",\"itemListElement\":[{\"@type\":\"ListItem\",\"position\":1,\"name\":\"Strona g\u0142\u00f3wna\",\"item\":\"https:\\\/\\\/sprintlogistyka.pl\\\/\"},{\"@type\":\"ListItem\",\"position\":2,\"name\":\"\u00dcBER UNS\"}]},{\"@type\":\"WebSite\",\"@id\":\"https:\\\/\\\/sprintlogistyka.pl\\\/#website\",\"url\":\"https:\\\/\\\/sprintlogistyka.pl\\\/\",\"name\":\"Sprint Logistyka\",\"description\":\"Transport drogowy krajowy i mi\u0119dzynarodowy\",\"potentialAction\":[{\"@type\":\"SearchAction\",\"target\":{\"@type\":\"EntryPoint\",\"urlTemplate\":\"https:\\\/\\\/sprintlogistyka.pl\\\/?s={search_term_string}\"},\"query-input\":{\"@type\":\"PropertyValueSpecification\",\"valueRequired\":true,\"valueName\":\"search_term_string\"}}],\"inLanguage\":\"pl-PL\"}]}<\/script>\n<!-- \/ Yoast SEO plugin. -->","yoast_head_json":{"title":"\u00dcBER UNS - Sprint Logistyka","robots":{"index":"index","follow":"follow","max-snippet":"max-snippet:-1","max-image-preview":"max-image-preview:large","max-video-preview":"max-video-preview:-1"},"canonical":"https:\/\/sprintlogistyka.pl\/index.php\/uber-uns\/","og_locale":"pl_PL","og_type":"article","og_title":"\u00dcBER UNS - Sprint Logistyka","og_description":"EIN PAAR WORTE \u00dcBER UNS UND UNSERE ARBEIT Die gr\u00f6\u00dften haben uns vertraut! Folgen Sie Ihnen! Schon seit 2003 erobert die Sprint Kapitalgruppe erfolgreich den Markt. Spezialisiert auf den Stra\u00dfenverkehr, national und international. Die Grundlage unserer T\u00e4tigkeit sind LKW-Komplettladungen unter Ber\u00fccksichtigung der Bed\u00fcrfnisse unserer Kunden realisieren wir sowohl Zuladungen als auch Sammelgutsendungen innerhalb des Landes [&hellip;]","og_url":"https:\/\/sprintlogistyka.pl\/index.php\/uber-uns\/","og_site_name":"Sprint Logistyka","article_modified_time":"2023-08-11T14:12:02+00:00","twitter_card":"summary_large_image","twitter_misc":{"Szacowany czas czytania":"2 minuty"},"schema":{"@context":"https:\/\/schema.org","@graph":[{"@type":"WebPage","@id":"https:\/\/sprintlogistyka.pl\/index.php\/uber-uns\/","url":"https:\/\/sprintlogistyka.pl\/index.php\/uber-uns\/","name":"\u00dcBER UNS - Sprint Logistyka","isPartOf":{"@id":"https:\/\/sprintlogistyka.pl\/#website"},"datePublished":"2018-07-16T19:29:52+00:00","dateModified":"2023-08-11T14:12:02+00:00","breadcrumb":{"@id":"https:\/\/sprintlogistyka.pl\/index.php\/uber-uns\/#breadcrumb"},"inLanguage":"pl-PL","potentialAction":[{"@type":"ReadAction","target":["https:\/\/sprintlogistyka.pl\/index.php\/uber-uns\/"]}]},{"@type":"BreadcrumbList","@id":"https:\/\/sprintlogistyka.pl\/index.php\/uber-uns\/#breadcrumb","itemListElement":[{"@type":"ListItem","position":1,"name":"Strona g\u0142\u00f3wna","item":"https:\/\/sprintlogistyka.pl\/"},{"@type":"ListItem","position":2,"name":"\u00dcBER UNS"}]},{"@type":"WebSite","@id":"https:\/\/sprintlogistyka.pl\/#website","url":"https:\/\/sprintlogistyka.pl\/","name":"Sprint Logistyka","description":"Transport drogowy krajowy i mi\u0119dzynarodowy","potentialAction":[{"@type":"SearchAction","target":{"@type":"EntryPoint","urlTemplate":"https:\/\/sprintlogistyka.pl\/?s={search_term_string}"},"query-input":{"@type":"PropertyValueSpecification","valueRequired":true,"valueName":"search_term_string"}}],"inLanguage":"pl-PL"}]}},"_links":{"self":[{"href":"https:\/\/sprintlogistyka.pl\/index.php\/wp-json\/wp\/v2\/pages\/1019","targetHints":{"allow":["GET"]}}],"collection":[{"href":"https:\/\/sprintlogistyka.pl\/index.php\/wp-json\/wp\/v2\/pages"}],"about":[{"href":"https:\/\/sprintlogistyka.pl\/index.php\/wp-json\/wp\/v2\/types\/page"}],"author":[{"embeddable":true,"href":"https:\/\/sprintlogistyka.pl\/index.php\/wp-json\/wp\/v2\/users\/1"}],"replies":[{"embeddable":true,"href":"https:\/\/sprintlogistyka.pl\/index.php\/wp-json\/wp\/v2\/comments?post=1019"}],"version-history":[{"count":7,"href":"https:\/\/sprintlogistyka.pl\/index.php\/wp-json\/wp\/v2\/pages\/1019\/revisions"}],"predecessor-version":[{"id":1697,"href":"https:\/\/sprintlogistyka.pl\/index.php\/wp-json\/wp\/v2\/pages\/1019\/revisions\/1697"}],"wp:attachment":[{"href":"https:\/\/sprintlogistyka.pl\/index.php\/wp-json\/wp\/v2\/media?parent=1019"}],"wp:term":[{"taxonomy":"post_tag","embeddable":true,"href":"https:\/\/sprintlogistyka.pl\/index.php\/wp-json\/wp\/v2\/tags?post=1019"}],"curies":[{"name":"wp","href":"https:\/\/api.w.org\/{rel}","templated":true}]}}