{"id":1011,"date":"2018-07-16T21:28:20","date_gmt":"2018-07-16T19:28:20","guid":{"rendered":"http:\/\/serwer1986166.home.pl\/wpsprint\/?page_id=1011"},"modified":"2020-06-29T23:13:18","modified_gmt":"2020-06-29T21:13:18","slug":"leader-akademie","status":"publish","type":"page","link":"https:\/\/sprintlogistyka.pl\/index.php\/karierre\/leader-akademie\/","title":{"rendered":"LEADER AKADEMIE"},"content":{"rendered":"<h2>LEADER AKADEMIE<\/h2>\n<p><strong>Im Oktober 2013 starteten wir ein Trainingsprojekt namens Sprint Leader Akademie. Das Projekt wendet sich an Abteilungsleiter und zielt auf eine umfassende Entwicklung der F\u00fchrungskr\u00e4fte der Betriebsabteilung durch regelm\u00e4\u00dfige Anreicherung und Aktualisierung des Wissens.<\/strong><\/p>\n<p>Das Programm wurde auf der Grundlage der tats\u00e4chlichen Bed\u00fcrfnisse seiner Teilnehmer erstellt. Die Teilnehmer waren und sind die Sch\u00f6pfer der jeweiligen Gespr\u00e4chsthemen. Dank dieser Vorgehensweise wird der Zeitaufwand effektiv genutzt und die Teilnehmer haben das Gef\u00fchl, ihre eigene Kompetenz zu erh\u00f6hen.<\/p>\n<p>Der Unterricht wird von einer renommierten Ausbildungsfirma vorbereitet und dem Start gehen Telefongespr\u00e4che mit einzelnen Teilnehmern voraus. Die Koordinatoren bewerten jedes Mal die Qualit\u00e4t des Trainings und die Art und Weise, wie sie von einem bestimmten Trainer durchgef\u00fchrt werden. Sie entscheiden auch, ob sie dem aktuellen Partner ein weiteres Modul anvertrauen.<\/p>\n<div class=\"flex\">\n<div class=\"item\"><a data-size=\"1920x1281\" href=\"http:\/\/serwer1986166.home.pl\/wpsprint\/wp-content\/uploads\/2017\/07\/akademia-lidera1.jpg\"><img loading=\"lazy\" decoding=\"async\" class=\"alignnone wp-image-458 size-large\" src=\"http:\/\/serwer1986166.home.pl\/wpsprint\/wp-content\/uploads\/2017\/07\/akademia-lidera1-1024x683.jpg\" alt=\"Akademia Lidera Sprint\" width=\"1024\" height=\"683\" srcset=\"https:\/\/sprintlogistyka.pl\/wp-content\/uploads\/2017\/07\/akademia-lidera1-1024x683.jpg 1024w, https:\/\/sprintlogistyka.pl\/wp-content\/uploads\/2017\/07\/akademia-lidera1-300x200.jpg 300w, https:\/\/sprintlogistyka.pl\/wp-content\/uploads\/2017\/07\/akademia-lidera1-768x512.jpg 768w, https:\/\/sprintlogistyka.pl\/wp-content\/uploads\/2017\/07\/akademia-lidera1.jpg 1920w\" sizes=\"auto, (max-width: 1024px) 100vw, 1024px\" \/><\/a><\/div>\n<div class=\"item\"><a data-size=\"1920x1281\" href=\"http:\/\/serwer1986166.home.pl\/wpsprint\/wp-content\/uploads\/2017\/07\/akademia-lidera4.jpg\"><img loading=\"lazy\" decoding=\"async\" class=\"alignnone wp-image-459 size-large\" src=\"http:\/\/serwer1986166.home.pl\/wpsprint\/wp-content\/uploads\/2017\/07\/akademia-lidera4-1024x683.jpg\" alt=\"Akademia Lidera Sprint\" width=\"1024\" height=\"683\" srcset=\"https:\/\/sprintlogistyka.pl\/wp-content\/uploads\/2017\/07\/akademia-lidera4-1024x683.jpg 1024w, https:\/\/sprintlogistyka.pl\/wp-content\/uploads\/2017\/07\/akademia-lidera4-300x200.jpg 300w, https:\/\/sprintlogistyka.pl\/wp-content\/uploads\/2017\/07\/akademia-lidera4-768x512.jpg 768w, https:\/\/sprintlogistyka.pl\/wp-content\/uploads\/2017\/07\/akademia-lidera4.jpg 1920w\" sizes=\"auto, (max-width: 1024px) 100vw, 1024px\" \/><\/a><\/div>\n<div class=\"item\"><a data-size=\"1920x1281\" href=\"http:\/\/serwer1986166.home.pl\/wpsprint\/wp-content\/uploads\/2017\/07\/akademia-lidera3.jpg\"><img loading=\"lazy\" decoding=\"async\" class=\"alignnone wp-image-461 size-large\" src=\"http:\/\/serwer1986166.home.pl\/wpsprint\/wp-content\/uploads\/2017\/07\/akademia-lidera3-1024x683.jpg\" alt=\"Akademia Lidera Sprint\" width=\"1024\" height=\"683\" srcset=\"https:\/\/sprintlogistyka.pl\/wp-content\/uploads\/2017\/07\/akademia-lidera3-1024x683.jpg 1024w, https:\/\/sprintlogistyka.pl\/wp-content\/uploads\/2017\/07\/akademia-lidera3-300x200.jpg 300w, https:\/\/sprintlogistyka.pl\/wp-content\/uploads\/2017\/07\/akademia-lidera3-768x512.jpg 768w, https:\/\/sprintlogistyka.pl\/wp-content\/uploads\/2017\/07\/akademia-lidera3.jpg 1920w\" sizes=\"auto, (max-width: 1024px) 100vw, 1024px\" \/><\/a><\/div>\n<div class=\"item\"><a data-size=\"1920x1281\" href=\"http:\/\/serwer1986166.home.pl\/wpsprint\/wp-content\/uploads\/2017\/07\/akademia-lidera2.jpg\"><img loading=\"lazy\" decoding=\"async\" class=\"alignnone wp-image-462 size-large\" src=\"http:\/\/serwer1986166.home.pl\/wpsprint\/wp-content\/uploads\/2017\/07\/akademia-lidera2-1024x683.jpg\" alt=\"Akademia Lidera Sprint\" width=\"1024\" height=\"683\" srcset=\"https:\/\/sprintlogistyka.pl\/wp-content\/uploads\/2017\/07\/akademia-lidera2-1024x683.jpg 1024w, https:\/\/sprintlogistyka.pl\/wp-content\/uploads\/2017\/07\/akademia-lidera2-300x200.jpg 300w, https:\/\/sprintlogistyka.pl\/wp-content\/uploads\/2017\/07\/akademia-lidera2-768x512.jpg 768w, https:\/\/sprintlogistyka.pl\/wp-content\/uploads\/2017\/07\/akademia-lidera2.jpg 1920w\" sizes=\"auto, (max-width: 1024px) 100vw, 1024px\" \/><\/a><\/div>\n<\/div>\n","protected":false},"excerpt":{"rendered":"<p>LEADER AKADEMIE Im Oktober 2013 starteten wir ein Trainingsprojekt namens Sprint Leader Akademie. Das Projekt wendet sich an Abteilungsleiter und zielt auf eine umfassende Entwicklung der F\u00fchrungskr\u00e4fte der Betriebsabteilung durch regelm\u00e4\u00dfige Anreicherung und Aktualisierung des Wissens. Das Programm wurde auf der Grundlage der tats\u00e4chlichen Bed\u00fcrfnisse seiner Teilnehmer erstellt. Die Teilnehmer waren und sind die Sch\u00f6pfer [&hellip;]<\/p>\n","protected":false},"author":1,"featured_media":0,"parent":1009,"menu_order":0,"comment_status":"closed","ping_status":"closed","template":"","meta":{"_acf_changed":false,"footnotes":""},"tags":[],"class_list":["post-1011","page","type-page","status-publish","hentry"],"acf":[],"yoast_head":"<!-- This site is optimized with the Yoast SEO plugin v27.5 - https:\/\/yoast.com\/product\/yoast-seo-wordpress\/ -->\n<title>LEADER AKADEMIE - Sprint Logistyka<\/title>\n<meta name=\"robots\" content=\"index, follow, max-snippet:-1, max-image-preview:large, max-video-preview:-1\" \/>\n<link rel=\"canonical\" href=\"https:\/\/sprintlogistyka.pl\/index.php\/karierre\/leader-akademie\/\" \/>\n<meta property=\"og:locale\" content=\"pl_PL\" \/>\n<meta property=\"og:type\" content=\"article\" \/>\n<meta property=\"og:title\" content=\"LEADER AKADEMIE - Sprint Logistyka\" \/>\n<meta property=\"og:description\" content=\"LEADER AKADEMIE Im Oktober 2013 starteten wir ein Trainingsprojekt namens Sprint Leader Akademie. Das Projekt wendet sich an Abteilungsleiter und zielt auf eine umfassende Entwicklung der F\u00fchrungskr\u00e4fte der Betriebsabteilung durch regelm\u00e4\u00dfige Anreicherung und Aktualisierung des Wissens. Das Programm wurde auf der Grundlage der tats\u00e4chlichen Bed\u00fcrfnisse seiner Teilnehmer erstellt. Die Teilnehmer waren und sind die Sch\u00f6pfer [&hellip;]\" \/>\n<meta property=\"og:url\" content=\"https:\/\/sprintlogistyka.pl\/index.php\/karierre\/leader-akademie\/\" \/>\n<meta property=\"og:site_name\" content=\"Sprint Logistyka\" \/>\n<meta property=\"article:modified_time\" content=\"2020-06-29T21:13:18+00:00\" \/>\n<meta property=\"og:image\" content=\"http:\/\/serwer1986166.home.pl\/wpsprint\/wp-content\/uploads\/2017\/07\/akademia-lidera1-1024x683.jpg\" \/>\n<meta name=\"twitter:card\" content=\"summary_large_image\" \/>\n<meta name=\"twitter:label1\" content=\"Szacowany czas czytania\" \/>\n\t<meta name=\"twitter:data1\" content=\"1 minuta\" \/>\n<script type=\"application\/ld+json\" class=\"yoast-schema-graph\">{\"@context\":\"https:\\\/\\\/schema.org\",\"@graph\":[{\"@type\":\"WebPage\",\"@id\":\"https:\\\/\\\/sprintlogistyka.pl\\\/index.php\\\/karierre\\\/leader-akademie\\\/\",\"url\":\"https:\\\/\\\/sprintlogistyka.pl\\\/index.php\\\/karierre\\\/leader-akademie\\\/\",\"name\":\"LEADER AKADEMIE - Sprint Logistyka\",\"isPartOf\":{\"@id\":\"https:\\\/\\\/sprintlogistyka.pl\\\/#website\"},\"primaryImageOfPage\":{\"@id\":\"https:\\\/\\\/sprintlogistyka.pl\\\/index.php\\\/karierre\\\/leader-akademie\\\/#primaryimage\"},\"image\":{\"@id\":\"https:\\\/\\\/sprintlogistyka.pl\\\/index.php\\\/karierre\\\/leader-akademie\\\/#primaryimage\"},\"thumbnailUrl\":\"http:\\\/\\\/serwer1986166.home.pl\\\/wpsprint\\\/wp-content\\\/uploads\\\/2017\\\/07\\\/akademia-lidera1-1024x683.jpg\",\"datePublished\":\"2018-07-16T19:28:20+00:00\",\"dateModified\":\"2020-06-29T21:13:18+00:00\",\"breadcrumb\":{\"@id\":\"https:\\\/\\\/sprintlogistyka.pl\\\/index.php\\\/karierre\\\/leader-akademie\\\/#breadcrumb\"},\"inLanguage\":\"pl-PL\",\"potentialAction\":[{\"@type\":\"ReadAction\",\"target\":[\"https:\\\/\\\/sprintlogistyka.pl\\\/index.php\\\/karierre\\\/leader-akademie\\\/\"]}]},{\"@type\":\"ImageObject\",\"inLanguage\":\"pl-PL\",\"@id\":\"https:\\\/\\\/sprintlogistyka.pl\\\/index.php\\\/karierre\\\/leader-akademie\\\/#primaryimage\",\"url\":\"http:\\\/\\\/serwer1986166.home.pl\\\/wpsprint\\\/wp-content\\\/uploads\\\/2017\\\/07\\\/akademia-lidera1-1024x683.jpg\",\"contentUrl\":\"http:\\\/\\\/serwer1986166.home.pl\\\/wpsprint\\\/wp-content\\\/uploads\\\/2017\\\/07\\\/akademia-lidera1-1024x683.jpg\"},{\"@type\":\"BreadcrumbList\",\"@id\":\"https:\\\/\\\/sprintlogistyka.pl\\\/index.php\\\/karierre\\\/leader-akademie\\\/#breadcrumb\",\"itemListElement\":[{\"@type\":\"ListItem\",\"position\":1,\"name\":\"Strona g\u0142\u00f3wna\",\"item\":\"https:\\\/\\\/sprintlogistyka.pl\\\/\"},{\"@type\":\"ListItem\",\"position\":2,\"name\":\"KARIERRE\",\"item\":\"https:\\\/\\\/sprintlogistyka.pl\\\/index.php\\\/karierre\\\/\"},{\"@type\":\"ListItem\",\"position\":3,\"name\":\"LEADER AKADEMIE\"}]},{\"@type\":\"WebSite\",\"@id\":\"https:\\\/\\\/sprintlogistyka.pl\\\/#website\",\"url\":\"https:\\\/\\\/sprintlogistyka.pl\\\/\",\"name\":\"Sprint Logistyka\",\"description\":\"Transport drogowy krajowy i mi\u0119dzynarodowy\",\"potentialAction\":[{\"@type\":\"SearchAction\",\"target\":{\"@type\":\"EntryPoint\",\"urlTemplate\":\"https:\\\/\\\/sprintlogistyka.pl\\\/?s={search_term_string}\"},\"query-input\":{\"@type\":\"PropertyValueSpecification\",\"valueRequired\":true,\"valueName\":\"search_term_string\"}}],\"inLanguage\":\"pl-PL\"}]}<\/script>\n<!-- \/ Yoast SEO plugin. -->","yoast_head_json":{"title":"LEADER AKADEMIE - Sprint Logistyka","robots":{"index":"index","follow":"follow","max-snippet":"max-snippet:-1","max-image-preview":"max-image-preview:large","max-video-preview":"max-video-preview:-1"},"canonical":"https:\/\/sprintlogistyka.pl\/index.php\/karierre\/leader-akademie\/","og_locale":"pl_PL","og_type":"article","og_title":"LEADER AKADEMIE - Sprint Logistyka","og_description":"LEADER AKADEMIE Im Oktober 2013 starteten wir ein Trainingsprojekt namens Sprint Leader Akademie. Das Projekt wendet sich an Abteilungsleiter und zielt auf eine umfassende Entwicklung der F\u00fchrungskr\u00e4fte der Betriebsabteilung durch regelm\u00e4\u00dfige Anreicherung und Aktualisierung des Wissens. Das Programm wurde auf der Grundlage der tats\u00e4chlichen Bed\u00fcrfnisse seiner Teilnehmer erstellt. Die Teilnehmer waren und sind die Sch\u00f6pfer [&hellip;]","og_url":"https:\/\/sprintlogistyka.pl\/index.php\/karierre\/leader-akademie\/","og_site_name":"Sprint Logistyka","article_modified_time":"2020-06-29T21:13:18+00:00","og_image":[{"url":"http:\/\/serwer1986166.home.pl\/wpsprint\/wp-content\/uploads\/2017\/07\/akademia-lidera1-1024x683.jpg","type":"","width":"","height":""}],"twitter_card":"summary_large_image","twitter_misc":{"Szacowany czas czytania":"1 minuta"},"schema":{"@context":"https:\/\/schema.org","@graph":[{"@type":"WebPage","@id":"https:\/\/sprintlogistyka.pl\/index.php\/karierre\/leader-akademie\/","url":"https:\/\/sprintlogistyka.pl\/index.php\/karierre\/leader-akademie\/","name":"LEADER AKADEMIE - Sprint Logistyka","isPartOf":{"@id":"https:\/\/sprintlogistyka.pl\/#website"},"primaryImageOfPage":{"@id":"https:\/\/sprintlogistyka.pl\/index.php\/karierre\/leader-akademie\/#primaryimage"},"image":{"@id":"https:\/\/sprintlogistyka.pl\/index.php\/karierre\/leader-akademie\/#primaryimage"},"thumbnailUrl":"http:\/\/serwer1986166.home.pl\/wpsprint\/wp-content\/uploads\/2017\/07\/akademia-lidera1-1024x683.jpg","datePublished":"2018-07-16T19:28:20+00:00","dateModified":"2020-06-29T21:13:18+00:00","breadcrumb":{"@id":"https:\/\/sprintlogistyka.pl\/index.php\/karierre\/leader-akademie\/#breadcrumb"},"inLanguage":"pl-PL","potentialAction":[{"@type":"ReadAction","target":["https:\/\/sprintlogistyka.pl\/index.php\/karierre\/leader-akademie\/"]}]},{"@type":"ImageObject","inLanguage":"pl-PL","@id":"https:\/\/sprintlogistyka.pl\/index.php\/karierre\/leader-akademie\/#primaryimage","url":"http:\/\/serwer1986166.home.pl\/wpsprint\/wp-content\/uploads\/2017\/07\/akademia-lidera1-1024x683.jpg","contentUrl":"http:\/\/serwer1986166.home.pl\/wpsprint\/wp-content\/uploads\/2017\/07\/akademia-lidera1-1024x683.jpg"},{"@type":"BreadcrumbList","@id":"https:\/\/sprintlogistyka.pl\/index.php\/karierre\/leader-akademie\/#breadcrumb","itemListElement":[{"@type":"ListItem","position":1,"name":"Strona g\u0142\u00f3wna","item":"https:\/\/sprintlogistyka.pl\/"},{"@type":"ListItem","position":2,"name":"KARIERRE","item":"https:\/\/sprintlogistyka.pl\/index.php\/karierre\/"},{"@type":"ListItem","position":3,"name":"LEADER AKADEMIE"}]},{"@type":"WebSite","@id":"https:\/\/sprintlogistyka.pl\/#website","url":"https:\/\/sprintlogistyka.pl\/","name":"Sprint Logistyka","description":"Transport drogowy krajowy i mi\u0119dzynarodowy","potentialAction":[{"@type":"SearchAction","target":{"@type":"EntryPoint","urlTemplate":"https:\/\/sprintlogistyka.pl\/?s={search_term_string}"},"query-input":{"@type":"PropertyValueSpecification","valueRequired":true,"valueName":"search_term_string"}}],"inLanguage":"pl-PL"}]}},"_links":{"self":[{"href":"https:\/\/sprintlogistyka.pl\/index.php\/wp-json\/wp\/v2\/pages\/1011","targetHints":{"allow":["GET"]}}],"collection":[{"href":"https:\/\/sprintlogistyka.pl\/index.php\/wp-json\/wp\/v2\/pages"}],"about":[{"href":"https:\/\/sprintlogistyka.pl\/index.php\/wp-json\/wp\/v2\/types\/page"}],"author":[{"embeddable":true,"href":"https:\/\/sprintlogistyka.pl\/index.php\/wp-json\/wp\/v2\/users\/1"}],"replies":[{"embeddable":true,"href":"https:\/\/sprintlogistyka.pl\/index.php\/wp-json\/wp\/v2\/comments?post=1011"}],"version-history":[{"count":3,"href":"https:\/\/sprintlogistyka.pl\/index.php\/wp-json\/wp\/v2\/pages\/1011\/revisions"}],"predecessor-version":[{"id":1312,"href":"https:\/\/sprintlogistyka.pl\/index.php\/wp-json\/wp\/v2\/pages\/1011\/revisions\/1312"}],"up":[{"embeddable":true,"href":"https:\/\/sprintlogistyka.pl\/index.php\/wp-json\/wp\/v2\/pages\/1009"}],"wp:attachment":[{"href":"https:\/\/sprintlogistyka.pl\/index.php\/wp-json\/wp\/v2\/media?parent=1011"}],"wp:term":[{"taxonomy":"post_tag","embeddable":true,"href":"https:\/\/sprintlogistyka.pl\/index.php\/wp-json\/wp\/v2\/tags?post=1011"}],"curies":[{"name":"wp","href":"https:\/\/api.w.org\/{rel}","templated":true}]}}