{"id":1005,"date":"2018-07-16T21:27:14","date_gmt":"2018-07-16T19:27:14","guid":{"rendered":"http:\/\/serwer1986166.home.pl\/wpsprint\/?page_id=1005"},"modified":"2020-06-29T23:06:44","modified_gmt":"2020-06-29T21:06:44","slug":"eigene-flotte","status":"publish","type":"page","link":"https:\/\/sprintlogistyka.pl\/index.php\/dienstleistungen\/eigene-flotte\/","title":{"rendered":"EIGENE FLOTTE"},"content":{"rendered":"<h2>EIGENE FLOTTE<\/h2>\n<p><strong>Die moderne Sprint Logistyka-Flotte besteht aus Wagens\u00e4tzen mit 13,6 m Sattelaufliegern. Die gesamte Flotte erf\u00fcllt die Abgasnorm Euro 5, und die meisten Fahrzeuge Euro 6.<\/strong><\/p>\n<div class=\"figure\"><img loading=\"lazy\" decoding=\"async\" class=\"alignnone size-full wp-image-674\" src=\"http:\/\/serwer1986166.home.pl\/wpsprint\/wp-content\/uploads\/2017\/07\/nasza-flota.jpg\" alt=\"Flota w\u0142asna SPRINT\" width=\"1140\" height=\"450\" srcset=\"https:\/\/sprintlogistyka.pl\/wp-content\/uploads\/2017\/07\/nasza-flota.jpg 1140w, https:\/\/sprintlogistyka.pl\/wp-content\/uploads\/2017\/07\/nasza-flota-300x118.jpg 300w, https:\/\/sprintlogistyka.pl\/wp-content\/uploads\/2017\/07\/nasza-flota-768x303.jpg 768w, https:\/\/sprintlogistyka.pl\/wp-content\/uploads\/2017\/07\/nasza-flota-1024x404.jpg 1024w\" sizes=\"auto, (max-width: 1140px) 100vw, 1140px\" \/><\/div>\n<div class=\"flex\">\n<div class=\"item\">\n<h3>GPS<\/h3>\n<p>Unser Unternehmen nutzt das Satellitenpositionierungssystem GPS, durch das der Prozess der Transportdurchf\u00fchrung st\u00e4ndig \u00fcberwacht wird.<\/p>\n<\/div>\n<div class=\"item\">\n<h3>AUSSTATTUNG<\/h3>\n<p>Standard-Sattelauflieger sind mit Palettenk\u00f6rben, Gurten, Kantenschoner und rutschfesten Matten ausgestattet. Die meisten Sattelauflieger haben ein hydraulisch angehobenes Dach. Vor dem Beladen wird das Dach um 40 cm angehoben, wodurch der seitliche und hintere Laderaum vergr\u00f6\u00dfert wird.<\/p>\n<\/div>\n<div class=\"item\">\n<h3>VERMIETUNG<\/h3>\n<p>Es besteht die M\u00f6glichkeit, Auflieger nach Kundenwunsch kurz- und langfristig zu mieten. Wir haben eine der besten Versicherungen mit entsprechend hoher Garantiesumme.<\/p>\n<\/div>\n<\/div>\n","protected":false},"excerpt":{"rendered":"<p>EIGENE FLOTTE Die moderne Sprint Logistyka-Flotte besteht aus Wagens\u00e4tzen mit 13,6 m Sattelaufliegern. Die gesamte Flotte erf\u00fcllt die Abgasnorm Euro 5, und die meisten Fahrzeuge Euro 6. GPS Unser Unternehmen nutzt das Satellitenpositionierungssystem GPS, durch das der Prozess der Transportdurchf\u00fchrung st\u00e4ndig \u00fcberwacht wird. AUSSTATTUNG Standard-Sattelauflieger sind mit Palettenk\u00f6rben, Gurten, Kantenschoner und rutschfesten Matten ausgestattet. Die [&hellip;]<\/p>\n","protected":false},"author":1,"featured_media":0,"parent":995,"menu_order":0,"comment_status":"closed","ping_status":"closed","template":"","meta":{"_acf_changed":false,"footnotes":""},"tags":[],"class_list":["post-1005","page","type-page","status-publish","hentry"],"acf":[],"yoast_head":"<!-- This site is optimized with the Yoast SEO plugin v27.6 - https:\/\/yoast.com\/product\/yoast-seo-wordpress\/ -->\n<title>EIGENE FLOTTE - Sprint Logistyka<\/title>\n<meta name=\"robots\" content=\"index, follow, max-snippet:-1, max-image-preview:large, max-video-preview:-1\" \/>\n<link rel=\"canonical\" href=\"https:\/\/sprintlogistyka.pl\/index.php\/dienstleistungen\/eigene-flotte\/\" \/>\n<meta property=\"og:locale\" content=\"pl_PL\" \/>\n<meta property=\"og:type\" content=\"article\" \/>\n<meta property=\"og:title\" content=\"EIGENE FLOTTE - Sprint Logistyka\" \/>\n<meta property=\"og:description\" content=\"EIGENE FLOTTE Die moderne Sprint Logistyka-Flotte besteht aus Wagens\u00e4tzen mit 13,6 m Sattelaufliegern. Die gesamte Flotte erf\u00fcllt die Abgasnorm Euro 5, und die meisten Fahrzeuge Euro 6. GPS Unser Unternehmen nutzt das Satellitenpositionierungssystem GPS, durch das der Prozess der Transportdurchf\u00fchrung st\u00e4ndig \u00fcberwacht wird. AUSSTATTUNG Standard-Sattelauflieger sind mit Palettenk\u00f6rben, Gurten, Kantenschoner und rutschfesten Matten ausgestattet. Die [&hellip;]\" \/>\n<meta property=\"og:url\" content=\"https:\/\/sprintlogistyka.pl\/index.php\/dienstleistungen\/eigene-flotte\/\" \/>\n<meta property=\"og:site_name\" content=\"Sprint Logistyka\" \/>\n<meta property=\"article:modified_time\" content=\"2020-06-29T21:06:44+00:00\" \/>\n<meta property=\"og:image\" content=\"http:\/\/serwer1986166.home.pl\/wpsprint\/wp-content\/uploads\/2017\/07\/nasza-flota.jpg\" \/>\n<meta name=\"twitter:card\" content=\"summary_large_image\" \/>\n<meta name=\"twitter:label1\" content=\"Szacowany czas czytania\" \/>\n\t<meta name=\"twitter:data1\" content=\"1 minuta\" \/>\n<script type=\"application\/ld+json\" class=\"yoast-schema-graph\">{\"@context\":\"https:\\\/\\\/schema.org\",\"@graph\":[{\"@type\":\"WebPage\",\"@id\":\"https:\\\/\\\/sprintlogistyka.pl\\\/index.php\\\/dienstleistungen\\\/eigene-flotte\\\/\",\"url\":\"https:\\\/\\\/sprintlogistyka.pl\\\/index.php\\\/dienstleistungen\\\/eigene-flotte\\\/\",\"name\":\"EIGENE FLOTTE - Sprint Logistyka\",\"isPartOf\":{\"@id\":\"https:\\\/\\\/sprintlogistyka.pl\\\/#website\"},\"primaryImageOfPage\":{\"@id\":\"https:\\\/\\\/sprintlogistyka.pl\\\/index.php\\\/dienstleistungen\\\/eigene-flotte\\\/#primaryimage\"},\"image\":{\"@id\":\"https:\\\/\\\/sprintlogistyka.pl\\\/index.php\\\/dienstleistungen\\\/eigene-flotte\\\/#primaryimage\"},\"thumbnailUrl\":\"http:\\\/\\\/serwer1986166.home.pl\\\/wpsprint\\\/wp-content\\\/uploads\\\/2017\\\/07\\\/nasza-flota.jpg\",\"datePublished\":\"2018-07-16T19:27:14+00:00\",\"dateModified\":\"2020-06-29T21:06:44+00:00\",\"breadcrumb\":{\"@id\":\"https:\\\/\\\/sprintlogistyka.pl\\\/index.php\\\/dienstleistungen\\\/eigene-flotte\\\/#breadcrumb\"},\"inLanguage\":\"pl-PL\",\"potentialAction\":[{\"@type\":\"ReadAction\",\"target\":[\"https:\\\/\\\/sprintlogistyka.pl\\\/index.php\\\/dienstleistungen\\\/eigene-flotte\\\/\"]}]},{\"@type\":\"ImageObject\",\"inLanguage\":\"pl-PL\",\"@id\":\"https:\\\/\\\/sprintlogistyka.pl\\\/index.php\\\/dienstleistungen\\\/eigene-flotte\\\/#primaryimage\",\"url\":\"http:\\\/\\\/serwer1986166.home.pl\\\/wpsprint\\\/wp-content\\\/uploads\\\/2017\\\/07\\\/nasza-flota.jpg\",\"contentUrl\":\"http:\\\/\\\/serwer1986166.home.pl\\\/wpsprint\\\/wp-content\\\/uploads\\\/2017\\\/07\\\/nasza-flota.jpg\"},{\"@type\":\"BreadcrumbList\",\"@id\":\"https:\\\/\\\/sprintlogistyka.pl\\\/index.php\\\/dienstleistungen\\\/eigene-flotte\\\/#breadcrumb\",\"itemListElement\":[{\"@type\":\"ListItem\",\"position\":1,\"name\":\"Strona g\u0142\u00f3wna\",\"item\":\"https:\\\/\\\/sprintlogistyka.pl\\\/\"},{\"@type\":\"ListItem\",\"position\":2,\"name\":\"Dienstleistungen\",\"item\":\"https:\\\/\\\/sprintlogistyka.pl\\\/index.php\\\/dienstleistungen\\\/\"},{\"@type\":\"ListItem\",\"position\":3,\"name\":\"EIGENE FLOTTE\"}]},{\"@type\":\"WebSite\",\"@id\":\"https:\\\/\\\/sprintlogistyka.pl\\\/#website\",\"url\":\"https:\\\/\\\/sprintlogistyka.pl\\\/\",\"name\":\"Sprint Logistyka\",\"description\":\"Transport drogowy krajowy i mi\u0119dzynarodowy\",\"potentialAction\":[{\"@type\":\"SearchAction\",\"target\":{\"@type\":\"EntryPoint\",\"urlTemplate\":\"https:\\\/\\\/sprintlogistyka.pl\\\/?s={search_term_string}\"},\"query-input\":{\"@type\":\"PropertyValueSpecification\",\"valueRequired\":true,\"valueName\":\"search_term_string\"}}],\"inLanguage\":\"pl-PL\"}]}<\/script>\n<!-- \/ Yoast SEO plugin. -->","yoast_head_json":{"title":"EIGENE FLOTTE - Sprint Logistyka","robots":{"index":"index","follow":"follow","max-snippet":"max-snippet:-1","max-image-preview":"max-image-preview:large","max-video-preview":"max-video-preview:-1"},"canonical":"https:\/\/sprintlogistyka.pl\/index.php\/dienstleistungen\/eigene-flotte\/","og_locale":"pl_PL","og_type":"article","og_title":"EIGENE FLOTTE - Sprint Logistyka","og_description":"EIGENE FLOTTE Die moderne Sprint Logistyka-Flotte besteht aus Wagens\u00e4tzen mit 13,6 m Sattelaufliegern. Die gesamte Flotte erf\u00fcllt die Abgasnorm Euro 5, und die meisten Fahrzeuge Euro 6. GPS Unser Unternehmen nutzt das Satellitenpositionierungssystem GPS, durch das der Prozess der Transportdurchf\u00fchrung st\u00e4ndig \u00fcberwacht wird. AUSSTATTUNG Standard-Sattelauflieger sind mit Palettenk\u00f6rben, Gurten, Kantenschoner und rutschfesten Matten ausgestattet. Die [&hellip;]","og_url":"https:\/\/sprintlogistyka.pl\/index.php\/dienstleistungen\/eigene-flotte\/","og_site_name":"Sprint Logistyka","article_modified_time":"2020-06-29T21:06:44+00:00","og_image":[{"url":"http:\/\/serwer1986166.home.pl\/wpsprint\/wp-content\/uploads\/2017\/07\/nasza-flota.jpg","type":"","width":"","height":""}],"twitter_card":"summary_large_image","twitter_misc":{"Szacowany czas czytania":"1 minuta"},"schema":{"@context":"https:\/\/schema.org","@graph":[{"@type":"WebPage","@id":"https:\/\/sprintlogistyka.pl\/index.php\/dienstleistungen\/eigene-flotte\/","url":"https:\/\/sprintlogistyka.pl\/index.php\/dienstleistungen\/eigene-flotte\/","name":"EIGENE FLOTTE - Sprint Logistyka","isPartOf":{"@id":"https:\/\/sprintlogistyka.pl\/#website"},"primaryImageOfPage":{"@id":"https:\/\/sprintlogistyka.pl\/index.php\/dienstleistungen\/eigene-flotte\/#primaryimage"},"image":{"@id":"https:\/\/sprintlogistyka.pl\/index.php\/dienstleistungen\/eigene-flotte\/#primaryimage"},"thumbnailUrl":"http:\/\/serwer1986166.home.pl\/wpsprint\/wp-content\/uploads\/2017\/07\/nasza-flota.jpg","datePublished":"2018-07-16T19:27:14+00:00","dateModified":"2020-06-29T21:06:44+00:00","breadcrumb":{"@id":"https:\/\/sprintlogistyka.pl\/index.php\/dienstleistungen\/eigene-flotte\/#breadcrumb"},"inLanguage":"pl-PL","potentialAction":[{"@type":"ReadAction","target":["https:\/\/sprintlogistyka.pl\/index.php\/dienstleistungen\/eigene-flotte\/"]}]},{"@type":"ImageObject","inLanguage":"pl-PL","@id":"https:\/\/sprintlogistyka.pl\/index.php\/dienstleistungen\/eigene-flotte\/#primaryimage","url":"http:\/\/serwer1986166.home.pl\/wpsprint\/wp-content\/uploads\/2017\/07\/nasza-flota.jpg","contentUrl":"http:\/\/serwer1986166.home.pl\/wpsprint\/wp-content\/uploads\/2017\/07\/nasza-flota.jpg"},{"@type":"BreadcrumbList","@id":"https:\/\/sprintlogistyka.pl\/index.php\/dienstleistungen\/eigene-flotte\/#breadcrumb","itemListElement":[{"@type":"ListItem","position":1,"name":"Strona g\u0142\u00f3wna","item":"https:\/\/sprintlogistyka.pl\/"},{"@type":"ListItem","position":2,"name":"Dienstleistungen","item":"https:\/\/sprintlogistyka.pl\/index.php\/dienstleistungen\/"},{"@type":"ListItem","position":3,"name":"EIGENE FLOTTE"}]},{"@type":"WebSite","@id":"https:\/\/sprintlogistyka.pl\/#website","url":"https:\/\/sprintlogistyka.pl\/","name":"Sprint Logistyka","description":"Transport drogowy krajowy i mi\u0119dzynarodowy","potentialAction":[{"@type":"SearchAction","target":{"@type":"EntryPoint","urlTemplate":"https:\/\/sprintlogistyka.pl\/?s={search_term_string}"},"query-input":{"@type":"PropertyValueSpecification","valueRequired":true,"valueName":"search_term_string"}}],"inLanguage":"pl-PL"}]}},"_links":{"self":[{"href":"https:\/\/sprintlogistyka.pl\/index.php\/wp-json\/wp\/v2\/pages\/1005","targetHints":{"allow":["GET"]}}],"collection":[{"href":"https:\/\/sprintlogistyka.pl\/index.php\/wp-json\/wp\/v2\/pages"}],"about":[{"href":"https:\/\/sprintlogistyka.pl\/index.php\/wp-json\/wp\/v2\/types\/page"}],"author":[{"embeddable":true,"href":"https:\/\/sprintlogistyka.pl\/index.php\/wp-json\/wp\/v2\/users\/1"}],"replies":[{"embeddable":true,"href":"https:\/\/sprintlogistyka.pl\/index.php\/wp-json\/wp\/v2\/comments?post=1005"}],"version-history":[{"count":3,"href":"https:\/\/sprintlogistyka.pl\/index.php\/wp-json\/wp\/v2\/pages\/1005\/revisions"}],"predecessor-version":[{"id":1304,"href":"https:\/\/sprintlogistyka.pl\/index.php\/wp-json\/wp\/v2\/pages\/1005\/revisions\/1304"}],"up":[{"embeddable":true,"href":"https:\/\/sprintlogistyka.pl\/index.php\/wp-json\/wp\/v2\/pages\/995"}],"wp:attachment":[{"href":"https:\/\/sprintlogistyka.pl\/index.php\/wp-json\/wp\/v2\/media?parent=1005"}],"wp:term":[{"taxonomy":"post_tag","embeddable":true,"href":"https:\/\/sprintlogistyka.pl\/index.php\/wp-json\/wp\/v2\/tags?post=1005"}],"curies":[{"name":"wp","href":"https:\/\/api.w.org\/{rel}","templated":true}]}}